{"id":19966,"date":"2024-04-19T08:38:56","date_gmt":"2024-04-19T08:38:56","guid":{"rendered":"https:\/\/swaving.nl\/ueber-uns\/"},"modified":"2024-10-28T13:00:29","modified_gmt":"2024-10-28T13:00:29","slug":"ueber-uns","status":"publish","type":"page","link":"https:\/\/swaving.nl\/de\/ueber-uns\/","title":{"rendered":"\u00dcber uns"},"content":{"rendered":"\n<p><strong>Swaving Stalleinrichtung ist seit fast 25 Jahren ein Begriff in der Landwirtschaft. Als Familienunternehmen stehen wir f\u00fcr Qualit\u00e4t, Service und Kundenorientierung. Wir bieten ein breites Spektrum an Dienstleistungen an, von Verkauf und Montage kompletter Stallanlagen bis hin zu Renovierung und Wartung. Unsere erfahrenen Mitarbeiter arbeiten mit Leidenschaft und Liebe zum Detail f\u00fcr das beste Ergebnis in Ihrem Stall.<\/strong><\/p>\n\n<figure class=\"wp-block-gallery has-nested-images columns-default is-cropped wp-block-gallery-1 is-layout-flex wp-block-gallery-is-layout-flex\">\n<figure class=\"wp-block-image size-large\"><img loading=\"lazy\" decoding=\"async\" width=\"1024\" height=\"683\" data-id=\"2070\" src=\"https:\/\/swaving.nl\/wp-content\/uploads\/2024\/06\/Swaving-Stalinrichting-26-WEB-1024x683.jpg\" alt=\"\" class=\"wp-image-2070\" srcset=\"https:\/\/swaving.nl\/wp-content\/uploads\/2024\/06\/Swaving-Stalinrichting-26-WEB-1024x683.jpg 1024w, https:\/\/swaving.nl\/wp-content\/uploads\/2024\/06\/Swaving-Stalinrichting-26-WEB-300x200.jpg 300w, https:\/\/swaving.nl\/wp-content\/uploads\/2024\/06\/Swaving-Stalinrichting-26-WEB-768x512.jpg 768w, https:\/\/swaving.nl\/wp-content\/uploads\/2024\/06\/Swaving-Stalinrichting-26-WEB.jpg 1279w\" sizes=\"auto, (max-width: 1024px) 100vw, 1024px\" \/><\/figure>\n\n\n\n<figure class=\"wp-block-image size-large\"><img loading=\"lazy\" decoding=\"async\" width=\"1024\" height=\"683\" data-id=\"2031\" src=\"https:\/\/swaving.nl\/wp-content\/uploads\/2024\/06\/Swaving-Stalinrichting-29-WEB-1024x683.jpg\" alt=\"\" class=\"wp-image-2031\" srcset=\"https:\/\/swaving.nl\/wp-content\/uploads\/2024\/06\/Swaving-Stalinrichting-29-WEB-1024x683.jpg 1024w, https:\/\/swaving.nl\/wp-content\/uploads\/2024\/06\/Swaving-Stalinrichting-29-WEB-300x200.jpg 300w, https:\/\/swaving.nl\/wp-content\/uploads\/2024\/06\/Swaving-Stalinrichting-29-WEB-768x512.jpg 768w, https:\/\/swaving.nl\/wp-content\/uploads\/2024\/06\/Swaving-Stalinrichting-29-WEB.jpg 1382w\" sizes=\"auto, (max-width: 1024px) 100vw, 1024px\" \/><\/figure>\n<\/figure>\n\n<p>Ob Sie sich f\u00fcr unser Komplettprogramm an Stallanlagen, Montagearbeiten, Projektabwicklung oder eine unserer anderen Dienstleistungen entscheiden, Sie k\u00f6nnen sich immer auf einen zuverl\u00e4ssigen Partner verlassen. Wir nehmen uns Zeit, Ihre W\u00fcnsche zu besprechen und beraten Sie gerne zur besten L\u00f6sung f\u00fcr Ihren Stall. Mit Swaving Stalleinrichtung entscheiden Sie sich f\u00fcr ein Familienunternehmen mit Herz f\u00fcr die Landwirtschaft.<\/p>\n\n<blockquote class=\"wp-block-quote is-layout-flow wp-block-quote-is-layout-flow\">\n<p><\/p>\n<cite>Individuelle Stallanlagen, f\u00fcr eine kostenlose fachkundige Beratung sind Sie bei uns genau richtig. <\/cite><\/blockquote>\n\n<h3 class=\"wp-block-heading\">Unsere Gesch\u00e4ftsbereiche umfassen:<\/h3>\n\n<ul class=\"wp-block-list\">\n<li><strong>Verkauf und Montage kompletter Stallanlagen:<\/strong> Wir liefern und montieren komplette Stallanlagen inklusive Fressgitter, Tr\u00e4nkebecken, G\u00fclleabscheidersysteme und mehr.<\/li>\n\n\n\n<li><strong>Anlage von Wassersystemen:<\/strong> Neubau bis Renovierung bestehender Systeme, Umbau auf Hochdruck in Kombination mit einem breiten Angebot an Tr\u00e4nkebecken, Gitterbefeuchtung und Vernebelung sind ebenfalls m\u00f6glich.<\/li>\n\n\n\n<li><strong>Elektro- und Installationsarbeiten:<\/strong> L\u00f6sungen f\u00fcr Beleuchtung, Pumpen und zugeh\u00f6rige elektrische Stallsysteme. <\/li>\n\n\n\n<li><strong>Austausch von Fressgitterreihen:<\/strong> Wir ersetzen Ihre Fressgitterreihen und bohren die St\u00fctzpfosten neu.<\/li>\n\n\n\n<li><strong>Lieferung und Montage von G\u00fclleabscheidersystemen:<\/strong> Wir liefern und montieren komplette G\u00fclleabscheidersysteme inklusive Antrieb und Steuerung.<\/li>\n\n\n\n<li><strong>Projektbegleitung:<\/strong> Von der Planung bis zur Fertigstellung Ihres neuen oder renovierten Stalls.<\/li>\n<\/ul>\n\n<figure class=\"wp-block-embed is-type-video is-provider-youtube wp-block-embed-youtube wp-embed-aspect-16-9 wp-has-aspect-ratio\"><div class=\"wp-block-embed__wrapper\">\n<iframe loading=\"lazy\" title=\"Swaving\" width=\"500\" height=\"281\" src=\"https:\/\/www.youtube.com\/embed\/zX23IhOcOuY?feature=oembed\" frameborder=\"0\" allow=\"accelerometer; autoplay; clipboard-write; encrypted-media; gyroscope; picture-in-picture; web-share\" referrerpolicy=\"strict-origin-when-cross-origin\" allowfullscreen><\/iframe>\n<\/div><\/figure>\n","protected":false},"excerpt":{"rendered":"<p>Swaving Stalleinrichtung ist seit fast 25 Jahren ein Begriff in der Landwirtschaft. Als Familienunternehmen stehen wir f\u00fcr Qualit\u00e4t, Service und Kundenorientierung. Wir bieten ein breites Spektrum an Dienstleistungen an, von Verkauf und Montage kompletter Stallanlagen bis hin zu Renovierung und Wartung. Unsere erfahrenen Mitarbeiter arbeiten mit Leidenschaft und Liebe zum Detail f\u00fcr das beste Ergebnis&hellip;<\/p>\n","protected":false},"author":1,"featured_media":0,"parent":0,"menu_order":0,"comment_status":"closed","ping_status":"closed","template":"","meta":{"_acf_changed":false,"footnotes":""},"categories":[],"tags":[],"class_list":["post-19966","page","type-page","status-publish","hentry"],"acf":[],"_links":{"self":[{"href":"https:\/\/swaving.nl\/de\/wp-json\/wp\/v2\/pages\/19966","targetHints":{"allow":["GET"]}}],"collection":[{"href":"https:\/\/swaving.nl\/de\/wp-json\/wp\/v2\/pages"}],"about":[{"href":"https:\/\/swaving.nl\/de\/wp-json\/wp\/v2\/types\/page"}],"author":[{"embeddable":true,"href":"https:\/\/swaving.nl\/de\/wp-json\/wp\/v2\/users\/1"}],"replies":[{"embeddable":true,"href":"https:\/\/swaving.nl\/de\/wp-json\/wp\/v2\/comments?post=19966"}],"version-history":[{"count":4,"href":"https:\/\/swaving.nl\/de\/wp-json\/wp\/v2\/pages\/19966\/revisions"}],"predecessor-version":[{"id":20590,"href":"https:\/\/swaving.nl\/de\/wp-json\/wp\/v2\/pages\/19966\/revisions\/20590"}],"wp:attachment":[{"href":"https:\/\/swaving.nl\/de\/wp-json\/wp\/v2\/media?parent=19966"}],"wp:term":[{"taxonomy":"category","embeddable":true,"href":"https:\/\/swaving.nl\/de\/wp-json\/wp\/v2\/categories?post=19966"},{"taxonomy":"post_tag","embeddable":true,"href":"https:\/\/swaving.nl\/de\/wp-json\/wp\/v2\/tags?post=19966"}],"curies":[{"name":"wp","href":"https:\/\/api.w.org\/{rel}","templated":true}]}}