{"id":20055,"date":"2024-04-22T14:58:58","date_gmt":"2024-04-22T14:58:58","guid":{"rendered":"https:\/\/swaving.nl\/angebot\/beleuchtung\/stalgordijnen\/"},"modified":"2024-08-02T09:40:09","modified_gmt":"2024-08-02T09:40:09","slug":"stallvorhaenge","status":"publish","type":"page","link":"https:\/\/swaving.nl\/de\/angebot\/belueftung\/stallvorhaenge\/","title":{"rendered":"Stallvorh\u00e4nge"},"content":{"rendered":"\n<p><strong>Ein gesundes Stallklima beginnt mit frischer Luft! Stallvorh\u00e4nge von Swaving Stalinrichting bieten die perfekte L\u00f6sung f\u00fcr eine optimale Bel\u00fcftung in Ihrem Stall. Ob Schiebevorh\u00e4nge oder Rolltore, wir liefern Ma\u00dfanfertigungen f\u00fcr jeden Stall.<\/strong><br><\/p>\n\n\n\n<figure class=\"wp-block-gallery has-nested-images columns-default is-cropped wp-block-gallery-1 is-layout-flex wp-block-gallery-is-layout-flex\">\n<figure class=\"wp-block-image size-large\"><a href=\"https:\/\/swaving.nl\/wp-content\/uploads\/2024\/06\/swaving-stalgordijn-ATO-BF-als-lichtstraat-dicht.jpg\"><img loading=\"lazy\" decoding=\"async\" width=\"1024\" height=\"768\" data-id=\"2119\" src=\"https:\/\/swaving.nl\/wp-content\/uploads\/2024\/06\/swaving-stalgordijn-ATO-BF-als-lichtstraat-dicht-1024x768.jpg\" alt=\"\" class=\"wp-image-2119\" srcset=\"https:\/\/swaving.nl\/wp-content\/uploads\/2024\/06\/swaving-stalgordijn-ATO-BF-als-lichtstraat-dicht-1024x768.jpg 1024w, https:\/\/swaving.nl\/wp-content\/uploads\/2024\/06\/swaving-stalgordijn-ATO-BF-als-lichtstraat-dicht-300x225.jpg 300w, https:\/\/swaving.nl\/wp-content\/uploads\/2024\/06\/swaving-stalgordijn-ATO-BF-als-lichtstraat-dicht-768x576.jpg 768w, https:\/\/swaving.nl\/wp-content\/uploads\/2024\/06\/swaving-stalgordijn-ATO-BF-als-lichtstraat-dicht.jpg 1440w\" sizes=\"auto, (max-width: 1024px) 100vw, 1024px\" \/><\/a><\/figure>\n\n\n\n<figure class=\"wp-block-image size-large\"><a href=\"https:\/\/swaving.nl\/wp-content\/uploads\/2024\/06\/swaving-stalgordijn-ATO-TCD-2.jpg\"><img loading=\"lazy\" decoding=\"async\" width=\"1024\" height=\"768\" data-id=\"2122\" src=\"https:\/\/swaving.nl\/wp-content\/uploads\/2024\/06\/swaving-stalgordijn-ATO-TCD-2-1024x768.jpg\" alt=\"\" class=\"wp-image-2122\" srcset=\"https:\/\/swaving.nl\/wp-content\/uploads\/2024\/06\/swaving-stalgordijn-ATO-TCD-2-1024x768.jpg 1024w, https:\/\/swaving.nl\/wp-content\/uploads\/2024\/06\/swaving-stalgordijn-ATO-TCD-2-300x225.jpg 300w, https:\/\/swaving.nl\/wp-content\/uploads\/2024\/06\/swaving-stalgordijn-ATO-TCD-2-768x576.jpg 768w, https:\/\/swaving.nl\/wp-content\/uploads\/2024\/06\/swaving-stalgordijn-ATO-TCD-2.jpg 1440w\" sizes=\"auto, (max-width: 1024px) 100vw, 1024px\" \/><\/a><\/figure>\n\n\n\n<figure class=\"wp-block-image size-large\"><a href=\"https:\/\/swaving.nl\/wp-content\/uploads\/2024\/06\/swaving-stalgordijn-ATO-TFD.jpg\"><img loading=\"lazy\" decoding=\"async\" width=\"1024\" height=\"768\" data-id=\"2125\" src=\"https:\/\/swaving.nl\/wp-content\/uploads\/2024\/06\/swaving-stalgordijn-ATO-TFD-1024x768.jpg\" alt=\"\" class=\"wp-image-2125\" srcset=\"https:\/\/swaving.nl\/wp-content\/uploads\/2024\/06\/swaving-stalgordijn-ATO-TFD-1024x768.jpg 1024w, https:\/\/swaving.nl\/wp-content\/uploads\/2024\/06\/swaving-stalgordijn-ATO-TFD-300x225.jpg 300w, https:\/\/swaving.nl\/wp-content\/uploads\/2024\/06\/swaving-stalgordijn-ATO-TFD-768x576.jpg 768w, https:\/\/swaving.nl\/wp-content\/uploads\/2024\/06\/swaving-stalgordijn-ATO-TFD.jpg 1440w\" sizes=\"auto, (max-width: 1024px) 100vw, 1024px\" \/><\/a><\/figure>\n<\/figure>\n\n\n\n<h3 class=\"wp-block-heading\">Warum Stallvorh\u00e4nge?<\/h3>\n\n\n\n<ul class=\"wp-block-list\">\n<li><strong>Effektiv und umweltfreundlich:<\/strong> Stallvorh\u00e4nge sorgen f\u00fcr eine optimale Luftzirkulation in Ihrem Stall, ohne unn\u00f6tigen Energieverlust. Das ist nicht nur gut f\u00fcr die Umwelt, sondern auch f\u00fcr Ihren Geldbeutel.<\/li>\n\n\n\n<li><strong>Verbessert das Tierwohl:<\/strong> Gute Bel\u00fcftung ist essentiell f\u00fcr das Wohlbefinden Ihres Viehs. Hitze und hohe Luftfeuchtigkeit k\u00f6nnen zu Stress, Krankheiten und einer verminderten Widerstandskraft f\u00fchren. Stallvorh\u00e4nge helfen, diese Probleme zu vermeiden.<\/li>\n\n\n\n<li><strong>Ma\u00dfanfertigung:<\/strong> Wir liefern Stallvorh\u00e4nge in allen Gr\u00f6\u00dfen und Ausf\u00fchrungen, passend zu jedem Stall. Unsere erfahrenen Mitarbeiter beraten Sie gerne \u00fcber die beste L\u00f6sung f\u00fcr Ihre Situation.<\/li>\n\n\n\n<li><strong>Hohe Qualit\u00e4t:<\/strong> Wir arbeiten ausschlie\u00dflich mit hochwertigen Materialien, die ihre Qualit\u00e4t in der Praxis bewiesen haben. So haben Sie lange Freude an Ihren Stallvorh\u00e4ngen.<\/li>\n<\/ul>\n\n\n\n<h2 class=\"wp-block-heading\">Stallvorh\u00e4nge in verschiedenen Ausf\u00fchrungen und Gr\u00f6\u00dfen<\/h2>\n\n\n\n<p>W\u00e4hlen Sie aus verschiedenen Typen und profitieren Sie von einem ges\u00fcnderen Stallklima, Energieeinsparung und zufriedenen Tieren. Stallvorh\u00e4nge gibt es in verschiedenen Ausf\u00fchrungen. So k\u00f6nnen Sie beispielsweise Modelle w\u00e4hlen, die von oben nach unten oder umgekehrt ge\u00f6ffnet werden. In Kombination mit Firstl\u00fcftung schaffen Sie mit diesen Seitenwandsystemen die ideale Luftzirkulation in Ihrem Stall.<\/p>\n\n\n\n<h3 class=\"wp-block-heading\">Unsere Produkte:<\/h3>\n\n\n\n<figure class=\"wp-block-table\"><table><tbody><tr><td>ATO TFS\/TFD<\/td><td>ATO BF<\/td><\/tr><tr><td>ATO TCD<\/td><td>ATO 2000<\/td><\/tr><tr><td>ATO BCD<\/td><td>ATO 2-Rohrsystem<\/td><\/tr><\/tbody><\/table><\/figure>\n\n\n\n<figure class=\"wp-block-gallery has-nested-images columns-default is-cropped wp-block-gallery-2 is-layout-flex wp-block-gallery-is-layout-flex\">\n<figure class=\"wp-block-image size-large\"><a href=\"https:\/\/swaving.nl\/wp-content\/uploads\/2024\/06\/swaving-stalgordijn-ATO_BCD-2.jpg\"><img loading=\"lazy\" decoding=\"async\" width=\"1024\" height=\"768\" data-id=\"2128\" src=\"https:\/\/swaving.nl\/wp-content\/uploads\/2024\/06\/swaving-stalgordijn-ATO_BCD-2-1024x768.jpg\" alt=\"\" class=\"wp-image-2128\" srcset=\"https:\/\/swaving.nl\/wp-content\/uploads\/2024\/06\/swaving-stalgordijn-ATO_BCD-2-1024x768.jpg 1024w, https:\/\/swaving.nl\/wp-content\/uploads\/2024\/06\/swaving-stalgordijn-ATO_BCD-2-300x225.jpg 300w, https:\/\/swaving.nl\/wp-content\/uploads\/2024\/06\/swaving-stalgordijn-ATO_BCD-2-768x576.jpg 768w, https:\/\/swaving.nl\/wp-content\/uploads\/2024\/06\/swaving-stalgordijn-ATO_BCD-2.jpg 1440w\" sizes=\"auto, (max-width: 1024px) 100vw, 1024px\" \/><\/a><\/figure>\n\n\n\n<figure class=\"wp-block-image size-large\"><a href=\"https:\/\/swaving.nl\/wp-content\/uploads\/2024\/06\/swaving-stalgordijn-ATO-2-buizen-2.jpg\"><img loading=\"lazy\" decoding=\"async\" width=\"1024\" height=\"768\" data-id=\"2134\" src=\"https:\/\/swaving.nl\/wp-content\/uploads\/2024\/06\/swaving-stalgordijn-ATO-2-buizen-2-1024x768.jpg\" alt=\"\" class=\"wp-image-2134\" srcset=\"https:\/\/swaving.nl\/wp-content\/uploads\/2024\/06\/swaving-stalgordijn-ATO-2-buizen-2-1024x768.jpg 1024w, https:\/\/swaving.nl\/wp-content\/uploads\/2024\/06\/swaving-stalgordijn-ATO-2-buizen-2-300x225.jpg 300w, https:\/\/swaving.nl\/wp-content\/uploads\/2024\/06\/swaving-stalgordijn-ATO-2-buizen-2-768x576.jpg 768w, https:\/\/swaving.nl\/wp-content\/uploads\/2024\/06\/swaving-stalgordijn-ATO-2-buizen-2.jpg 1440w\" sizes=\"auto, (max-width: 1024px) 100vw, 1024px\" \/><\/a><\/figure>\n\n\n\n<figure class=\"wp-block-image size-large\"><a href=\"https:\/\/swaving.nl\/wp-content\/uploads\/2024\/06\/swaving-stalgordijn-ATO-2000-2.jpg\"><img loading=\"lazy\" decoding=\"async\" width=\"1024\" height=\"768\" data-id=\"2131\" src=\"https:\/\/swaving.nl\/wp-content\/uploads\/2024\/06\/swaving-stalgordijn-ATO-2000-2-1024x768.jpg\" alt=\"\" class=\"wp-image-2131\" srcset=\"https:\/\/swaving.nl\/wp-content\/uploads\/2024\/06\/swaving-stalgordijn-ATO-2000-2-1024x768.jpg 1024w, https:\/\/swaving.nl\/wp-content\/uploads\/2024\/06\/swaving-stalgordijn-ATO-2000-2-300x225.jpg 300w, https:\/\/swaving.nl\/wp-content\/uploads\/2024\/06\/swaving-stalgordijn-ATO-2000-2-768x576.jpg 768w, https:\/\/swaving.nl\/wp-content\/uploads\/2024\/06\/swaving-stalgordijn-ATO-2000-2.jpg 1440w\" sizes=\"auto, (max-width: 1024px) 100vw, 1024px\" \/><\/a><\/figure>\n\n\n\n<figure class=\"wp-block-image size-large\"><a href=\"https:\/\/swaving.nl\/wp-content\/uploads\/2024\/06\/swaving-stalgordijn-ATO-Stabi-poort.jpg\"><img loading=\"lazy\" decoding=\"async\" width=\"1024\" height=\"576\" data-id=\"2140\" src=\"https:\/\/swaving.nl\/wp-content\/uploads\/2024\/06\/swaving-stalgordijn-ATO-Stabi-poort-1024x576.jpg\" alt=\"\" class=\"wp-image-2140\" srcset=\"https:\/\/swaving.nl\/wp-content\/uploads\/2024\/06\/swaving-stalgordijn-ATO-Stabi-poort-1024x576.jpg 1024w, https:\/\/swaving.nl\/wp-content\/uploads\/2024\/06\/swaving-stalgordijn-ATO-Stabi-poort-300x169.jpg 300w, https:\/\/swaving.nl\/wp-content\/uploads\/2024\/06\/swaving-stalgordijn-ATO-Stabi-poort-768x432.jpg 768w, https:\/\/swaving.nl\/wp-content\/uploads\/2024\/06\/swaving-stalgordijn-ATO-Stabi-poort.jpg 1328w\" sizes=\"auto, (max-width: 1024px) 100vw, 1024px\" \/><\/a><\/figure>\n\n\n\n<figure class=\"wp-block-image size-large\"><a href=\"https:\/\/swaving.nl\/wp-content\/uploads\/2024\/06\/swaving-stalgordijn-Rollofront-nieuw-2.jpg\"><img loading=\"lazy\" decoding=\"async\" width=\"1024\" height=\"768\" data-id=\"2143\" src=\"https:\/\/swaving.nl\/wp-content\/uploads\/2024\/06\/swaving-stalgordijn-Rollofront-nieuw-2-1024x768.jpg\" alt=\"\" class=\"wp-image-2143\" srcset=\"https:\/\/swaving.nl\/wp-content\/uploads\/2024\/06\/swaving-stalgordijn-Rollofront-nieuw-2-1024x768.jpg 1024w, https:\/\/swaving.nl\/wp-content\/uploads\/2024\/06\/swaving-stalgordijn-Rollofront-nieuw-2-300x225.jpg 300w, https:\/\/swaving.nl\/wp-content\/uploads\/2024\/06\/swaving-stalgordijn-Rollofront-nieuw-2-768x576.jpg 768w, https:\/\/swaving.nl\/wp-content\/uploads\/2024\/06\/swaving-stalgordijn-Rollofront-nieuw-2.jpg 1440w\" sizes=\"auto, (max-width: 1024px) 100vw, 1024px\" \/><\/a><\/figure>\n\n\n\n<figure class=\"wp-block-image size-large\"><a href=\"https:\/\/swaving.nl\/wp-content\/uploads\/2024\/06\/swaving-stalgordijn-ATO-Standaard-Poort-2.jpg\"><img loading=\"lazy\" decoding=\"async\" width=\"768\" height=\"1024\" data-id=\"2146\" src=\"https:\/\/swaving.nl\/wp-content\/uploads\/2024\/06\/swaving-stalgordijn-ATO-Standaard-Poort-2-768x1024.jpg\" alt=\"\" class=\"wp-image-2146\" srcset=\"https:\/\/swaving.nl\/wp-content\/uploads\/2024\/06\/swaving-stalgordijn-ATO-Standaard-Poort-2-768x1024.jpg 768w, https:\/\/swaving.nl\/wp-content\/uploads\/2024\/06\/swaving-stalgordijn-ATO-Standaard-Poort-2-225x300.jpg 225w, https:\/\/swaving.nl\/wp-content\/uploads\/2024\/06\/swaving-stalgordijn-ATO-Standaard-Poort-2.jpg 1080w\" sizes=\"auto, (max-width: 768px) 100vw, 768px\" \/><\/a><\/figure>\n<\/figure>\n","protected":false},"excerpt":{"rendered":"<p>Ein gesundes Stallklima beginnt mit frischer Luft! Stallvorh\u00e4nge von Swaving Stalinrichting bieten die perfekte L\u00f6sung f\u00fcr eine optimale Bel\u00fcftung in Ihrem Stall. Ob Schiebevorh\u00e4nge oder Rolltore, wir liefern Ma\u00dfanfertigungen f\u00fcr jeden Stall. Warum Stallvorh\u00e4nge? Stallvorh\u00e4nge in verschiedenen Ausf\u00fchrungen und Gr\u00f6\u00dfen W\u00e4hlen Sie aus verschiedenen Typen und profitieren Sie von einem ges\u00fcnderen Stallklima, Energieeinsparung und zufriedenen&hellip;<\/p>\n","protected":false},"author":1,"featured_media":2130,"parent":20042,"menu_order":0,"comment_status":"closed","ping_status":"closed","template":"","meta":{"_acf_changed":false,"footnotes":""},"categories":[40],"tags":[],"class_list":["post-20055","page","type-page","status-publish","has-post-thumbnail","hentry","category-beluftung"],"acf":[],"_links":{"self":[{"href":"https:\/\/swaving.nl\/de\/wp-json\/wp\/v2\/pages\/20055","targetHints":{"allow":["GET"]}}],"collection":[{"href":"https:\/\/swaving.nl\/de\/wp-json\/wp\/v2\/pages"}],"about":[{"href":"https:\/\/swaving.nl\/de\/wp-json\/wp\/v2\/types\/page"}],"author":[{"embeddable":true,"href":"https:\/\/swaving.nl\/de\/wp-json\/wp\/v2\/users\/1"}],"replies":[{"embeddable":true,"href":"https:\/\/swaving.nl\/de\/wp-json\/wp\/v2\/comments?post=20055"}],"version-history":[{"count":4,"href":"https:\/\/swaving.nl\/de\/wp-json\/wp\/v2\/pages\/20055\/revisions"}],"predecessor-version":[{"id":20088,"href":"https:\/\/swaving.nl\/de\/wp-json\/wp\/v2\/pages\/20055\/revisions\/20088"}],"up":[{"embeddable":true,"href":"https:\/\/swaving.nl\/de\/wp-json\/wp\/v2\/pages\/20042"}],"wp:featuredmedia":[{"embeddable":true,"href":"https:\/\/swaving.nl\/de\/wp-json\/wp\/v2\/media\/2130"}],"wp:attachment":[{"href":"https:\/\/swaving.nl\/de\/wp-json\/wp\/v2\/media?parent=20055"}],"wp:term":[{"taxonomy":"category","embeddable":true,"href":"https:\/\/swaving.nl\/de\/wp-json\/wp\/v2\/categories?post=20055"},{"taxonomy":"post_tag","embeddable":true,"href":"https:\/\/swaving.nl\/de\/wp-json\/wp\/v2\/tags?post=20055"}],"curies":[{"name":"wp","href":"https:\/\/api.w.org\/{rel}","templated":true}]}}