{"id":20059,"date":"2024-06-12T07:23:52","date_gmt":"2024-06-12T07:23:52","guid":{"rendered":"https:\/\/swaving.nl\/angebot\/wasser\/gitterbefeuchtung\/"},"modified":"2024-09-06T12:41:08","modified_gmt":"2024-09-06T12:41:08","slug":"gitterbefeuchtung","status":"publish","type":"page","link":"https:\/\/swaving.nl\/de\/angebot\/wasser\/gitterbefeuchtung\/","title":{"rendered":"Gitterbefeuchtung"},"content":{"rendered":"\n<h3 class=\"wp-block-heading\"><strong>Gitterbefeuchtung: Tropfsystem im Stall<\/strong><\/h3>\n\n\n\n<ul class=\"wp-block-list\">\n<li>H\u00e4lt den Mist in Offenst\u00e4llen weich<\/li>\n\n\n\n<li>Optimale Leistung von Mistrobotern\/Mistkratzen<\/li>\n\n\n\n<li>Sorgt daf\u00fcr, dass der Gitterboden sicher und rau bleibt<\/li>\n\n\n\n<li>Vollst\u00e4ndig computergesteuert<\/li>\n\n\n\n<li>Pro Gittergang einstellbar: minimaler Verbrauch<\/li>\n\n\n\n<li>Zus\u00e4tzliche K\u00fchlung f\u00fcr das Vieh an warmen Tagen<\/li>\n<\/ul>\n\n\n\n<figure class=\"wp-block-gallery has-nested-images columns-2 is-cropped wp-block-gallery-1 is-layout-flex wp-block-gallery-is-layout-flex\">\n<figure class=\"wp-block-image size-large\"><a href=\"https:\/\/swaving.nl\/wp-content\/uploads\/2024\/05\/swaving-watervoorziening-roosterbevochtiging-systeem-stal.jpg\"><img loading=\"lazy\" decoding=\"async\" width=\"1024\" height=\"791\" data-id=\"908\" src=\"https:\/\/swaving.nl\/wp-content\/uploads\/2024\/05\/swaving-watervoorziening-roosterbevochtiging-systeem-stal-1024x791.jpg\" alt=\"\" class=\"wp-image-908\" srcset=\"https:\/\/swaving.nl\/wp-content\/uploads\/2024\/05\/swaving-watervoorziening-roosterbevochtiging-systeem-stal-1024x791.jpg 1024w, https:\/\/swaving.nl\/wp-content\/uploads\/2024\/05\/swaving-watervoorziening-roosterbevochtiging-systeem-stal-300x232.jpg 300w, https:\/\/swaving.nl\/wp-content\/uploads\/2024\/05\/swaving-watervoorziening-roosterbevochtiging-systeem-stal-768x593.jpg 768w, https:\/\/swaving.nl\/wp-content\/uploads\/2024\/05\/swaving-watervoorziening-roosterbevochtiging-systeem-stal-1536x1187.jpg 1536w, https:\/\/swaving.nl\/wp-content\/uploads\/2024\/05\/swaving-watervoorziening-roosterbevochtiging-systeem-stal.jpg 2000w\" sizes=\"auto, (max-width: 1024px) 100vw, 1024px\" \/><\/a><\/figure>\n\n\n\n<figure class=\"wp-block-image size-large\"><a href=\"https:\/\/swaving.nl\/wp-content\/uploads\/2024\/05\/swaving-watervoorziening-DSC_0148-Roosterbevochtiging.jpg\"><img loading=\"lazy\" decoding=\"async\" width=\"1024\" height=\"683\" data-id=\"906\" src=\"https:\/\/swaving.nl\/wp-content\/uploads\/2024\/05\/swaving-watervoorziening-DSC_0148-Roosterbevochtiging-1024x683.jpg\" alt=\"\" class=\"wp-image-906\" srcset=\"https:\/\/swaving.nl\/wp-content\/uploads\/2024\/05\/swaving-watervoorziening-DSC_0148-Roosterbevochtiging-1024x683.jpg 1024w, https:\/\/swaving.nl\/wp-content\/uploads\/2024\/05\/swaving-watervoorziening-DSC_0148-Roosterbevochtiging-300x200.jpg 300w, https:\/\/swaving.nl\/wp-content\/uploads\/2024\/05\/swaving-watervoorziening-DSC_0148-Roosterbevochtiging-768x512.jpg 768w, https:\/\/swaving.nl\/wp-content\/uploads\/2024\/05\/swaving-watervoorziening-DSC_0148-Roosterbevochtiging.jpg 1500w\" sizes=\"auto, (max-width: 1024px) 100vw, 1024px\" \/><\/a><\/figure>\n\n\n\n<figure class=\"wp-block-image size-large\"><a href=\"https:\/\/swaving.nl\/wp-content\/uploads\/2024\/05\/swaving-watervoorziening-Roosterbevochtiging-Pickopie.jpg\"><img loading=\"lazy\" decoding=\"async\" width=\"1024\" height=\"576\" data-id=\"907\" src=\"https:\/\/swaving.nl\/wp-content\/uploads\/2024\/05\/swaving-watervoorziening-Roosterbevochtiging-Pickopie-1024x576.jpg\" alt=\"\" class=\"wp-image-907\" srcset=\"https:\/\/swaving.nl\/wp-content\/uploads\/2024\/05\/swaving-watervoorziening-Roosterbevochtiging-Pickopie-1024x576.jpg 1024w, https:\/\/swaving.nl\/wp-content\/uploads\/2024\/05\/swaving-watervoorziening-Roosterbevochtiging-Pickopie-300x169.jpg 300w, https:\/\/swaving.nl\/wp-content\/uploads\/2024\/05\/swaving-watervoorziening-Roosterbevochtiging-Pickopie-768x432.jpg 768w, https:\/\/swaving.nl\/wp-content\/uploads\/2024\/05\/swaving-watervoorziening-Roosterbevochtiging-Pickopie-1536x864.jpg 1536w, https:\/\/swaving.nl\/wp-content\/uploads\/2024\/05\/swaving-watervoorziening-Roosterbevochtiging-Pickopie.jpg 1920w\" sizes=\"auto, (max-width: 1024px) 100vw, 1024px\" \/><\/a><\/figure>\n\n\n\n<figure class=\"wp-block-image size-large\"><a href=\"https:\/\/swaving.nl\/wp-content\/uploads\/2024\/05\/swaving-watervoorziening-roosterbevochtiging-verdeelsysteem-scaled.jpg\"><img loading=\"lazy\" decoding=\"async\" width=\"731\" height=\"1024\" data-id=\"909\" src=\"https:\/\/swaving.nl\/wp-content\/uploads\/2024\/05\/swaving-watervoorziening-roosterbevochtiging-verdeelsysteem-731x1024.jpg\" alt=\"\" class=\"wp-image-909\" srcset=\"https:\/\/swaving.nl\/wp-content\/uploads\/2024\/05\/swaving-watervoorziening-roosterbevochtiging-verdeelsysteem-731x1024.jpg 731w, https:\/\/swaving.nl\/wp-content\/uploads\/2024\/05\/swaving-watervoorziening-roosterbevochtiging-verdeelsysteem-214x300.jpg 214w, https:\/\/swaving.nl\/wp-content\/uploads\/2024\/05\/swaving-watervoorziening-roosterbevochtiging-verdeelsysteem-768x1075.jpg 768w, https:\/\/swaving.nl\/wp-content\/uploads\/2024\/05\/swaving-watervoorziening-roosterbevochtiging-verdeelsysteem-1097x1536.jpg 1097w, https:\/\/swaving.nl\/wp-content\/uploads\/2024\/05\/swaving-watervoorziening-roosterbevochtiging-verdeelsysteem-1463x2048.jpg 1463w, https:\/\/swaving.nl\/wp-content\/uploads\/2024\/05\/swaving-watervoorziening-roosterbevochtiging-verdeelsysteem-scaled.jpg 1829w\" sizes=\"auto, (max-width: 731px) 100vw, 731px\" \/><\/a><\/figure>\n<\/figure>\n","protected":false},"excerpt":{"rendered":"<p>Gitterbefeuchtung: Tropfsystem im Stall<\/p>\n","protected":false},"author":1,"featured_media":1541,"parent":20040,"menu_order":0,"comment_status":"closed","ping_status":"closed","template":"","meta":{"_acf_changed":false,"footnotes":""},"categories":[34],"tags":[],"class_list":["post-20059","page","type-page","status-publish","has-post-thumbnail","hentry","category-wasser"],"acf":[],"_links":{"self":[{"href":"https:\/\/swaving.nl\/de\/wp-json\/wp\/v2\/pages\/20059","targetHints":{"allow":["GET"]}}],"collection":[{"href":"https:\/\/swaving.nl\/de\/wp-json\/wp\/v2\/pages"}],"about":[{"href":"https:\/\/swaving.nl\/de\/wp-json\/wp\/v2\/types\/page"}],"author":[{"embeddable":true,"href":"https:\/\/swaving.nl\/de\/wp-json\/wp\/v2\/users\/1"}],"replies":[{"embeddable":true,"href":"https:\/\/swaving.nl\/de\/wp-json\/wp\/v2\/comments?post=20059"}],"version-history":[{"count":4,"href":"https:\/\/swaving.nl\/de\/wp-json\/wp\/v2\/pages\/20059\/revisions"}],"predecessor-version":[{"id":20320,"href":"https:\/\/swaving.nl\/de\/wp-json\/wp\/v2\/pages\/20059\/revisions\/20320"}],"up":[{"embeddable":true,"href":"https:\/\/swaving.nl\/de\/wp-json\/wp\/v2\/pages\/20040"}],"wp:featuredmedia":[{"embeddable":true,"href":"https:\/\/swaving.nl\/de\/wp-json\/wp\/v2\/media\/1541"}],"wp:attachment":[{"href":"https:\/\/swaving.nl\/de\/wp-json\/wp\/v2\/media?parent=20059"}],"wp:term":[{"taxonomy":"category","embeddable":true,"href":"https:\/\/swaving.nl\/de\/wp-json\/wp\/v2\/categories?post=20059"},{"taxonomy":"post_tag","embeddable":true,"href":"https:\/\/swaving.nl\/de\/wp-json\/wp\/v2\/tags?post=20059"}],"curies":[{"name":"wp","href":"https:\/\/api.w.org\/{rel}","templated":true}]}}