{"id":20109,"date":"2024-04-22T15:02:06","date_gmt":"2024-04-22T15:02:06","guid":{"rendered":"https:\/\/swaving.nl\/angebot\/stalleneinrichtung\/boxbedekking\/"},"modified":"2025-12-18T14:45:20","modified_gmt":"2025-12-18T14:45:20","slug":"liegeboxenausstattung","status":"publish","type":"page","link":"https:\/\/swaving.nl\/de\/angebot\/stalleinrichtung\/liegeboxenausstattung\/","title":{"rendered":"Liegeboxenausstattung"},"content":{"rendered":"\n<p>Bei der Auswahl der Liegeboxenausstattung spielen verschiedene Faktoren eine Rolle:<\/p>\n\n\n\n<ul class=\"wp-block-list\">\n<li>Liegekomfort<\/li>\n\n\n\n<li>Hygiene<\/li>\n\n\n\n<li>Gef\u00fchl<\/li>\n\n\n\n<li>Lebensdauer<\/li>\n<\/ul>\n\n\n\n<p><strong>Swaving bietet ein breites Sortiment an Liegeboxenausstattung<\/strong><\/p>\n\n\n\n<div style=\"height:20px\" aria-hidden=\"true\" class=\"wp-block-spacer\"><\/div>\n\n\n\n<h2 class=\"wp-block-heading\">Matratzen<\/h2>\n\n\n\n<div class=\"wp-block-columns is-layout-flex wp-container-core-columns-is-layout-9d6595d7 wp-block-columns-is-layout-flex\">\n<div class=\"wp-block-column is-layout-flow wp-block-column-is-layout-flow\">\n<p><strong>Comfortmatte<\/strong><\/p>\n\n\n\n<figure class=\"wp-block-image size-full\"><img loading=\"lazy\" decoding=\"async\" width=\"556\" height=\"406\" src=\"https:\/\/swaving.nl\/wp-content\/uploads\/2025\/12\/Comfort-Mat.png\" alt=\"\" class=\"wp-image-20757\" srcset=\"https:\/\/swaving.nl\/wp-content\/uploads\/2025\/12\/Comfort-Mat.png 556w, https:\/\/swaving.nl\/wp-content\/uploads\/2025\/12\/Comfort-Mat-300x219.png 300w\" sizes=\"auto, (max-width: 556px) 100vw, 556px\" \/><\/figure>\n\n\n\n<figure class=\"wp-block-image size-full\"><img loading=\"lazy\" decoding=\"async\" width=\"550\" height=\"414\" src=\"https:\/\/swaving.nl\/wp-content\/uploads\/2025\/12\/Confort-Mat-2.png\" alt=\"\" class=\"wp-image-20760\" srcset=\"https:\/\/swaving.nl\/wp-content\/uploads\/2025\/12\/Confort-Mat-2.png 550w, https:\/\/swaving.nl\/wp-content\/uploads\/2025\/12\/Confort-Mat-2-300x226.png 300w\" sizes=\"auto, (max-width: 550px) 100vw, 550px\" \/><\/figure>\n<\/div>\n\n\n\n<div class=\"wp-block-column is-layout-flow wp-block-column-is-layout-flow\">\n<p><strong>Pasturemat CS<\/strong><\/p>\n\n\n\n<figure class=\"wp-block-image size-full\"><img loading=\"lazy\" decoding=\"async\" width=\"538\" height=\"402\" src=\"https:\/\/swaving.nl\/wp-content\/uploads\/2025\/12\/Pasture-Mat-CS.png\" alt=\"\" class=\"wp-image-20763\" srcset=\"https:\/\/swaving.nl\/wp-content\/uploads\/2025\/12\/Pasture-Mat-CS.png 538w, https:\/\/swaving.nl\/wp-content\/uploads\/2025\/12\/Pasture-Mat-CS-300x224.png 300w\" sizes=\"auto, (max-width: 538px) 100vw, 538px\" \/><\/figure>\n\n\n\n<figure class=\"wp-block-image size-full\"><img loading=\"lazy\" decoding=\"async\" width=\"538\" height=\"396\" src=\"https:\/\/swaving.nl\/wp-content\/uploads\/2025\/12\/Pasture-Mat-CS-2.png\" alt=\"\" class=\"wp-image-20766\" srcset=\"https:\/\/swaving.nl\/wp-content\/uploads\/2025\/12\/Pasture-Mat-CS-2.png 538w, https:\/\/swaving.nl\/wp-content\/uploads\/2025\/12\/Pasture-Mat-CS-2-300x221.png 300w\" sizes=\"auto, (max-width: 538px) 100vw, 538px\" \/><\/figure>\n<\/div>\n\n\n\n<div class=\"wp-block-column is-layout-flow wp-block-column-is-layout-flow\">\n<p><strong>Pasturemat HRC<\/strong><\/p>\n\n\n\n<figure class=\"wp-block-image size-full\"><img loading=\"lazy\" decoding=\"async\" width=\"548\" height=\"400\" src=\"https:\/\/swaving.nl\/wp-content\/uploads\/2025\/12\/Pasture-Mat-HRC.png\" alt=\"\" class=\"wp-image-20769\" srcset=\"https:\/\/swaving.nl\/wp-content\/uploads\/2025\/12\/Pasture-Mat-HRC.png 548w, https:\/\/swaving.nl\/wp-content\/uploads\/2025\/12\/Pasture-Mat-HRC-300x219.png 300w\" sizes=\"auto, (max-width: 548px) 100vw, 548px\" \/><\/figure>\n\n\n\n<figure class=\"wp-block-image size-full\"><img loading=\"lazy\" decoding=\"async\" width=\"538\" height=\"404\" src=\"https:\/\/swaving.nl\/wp-content\/uploads\/2025\/12\/Pasture-Mat-HRC-2.png\" alt=\"\" class=\"wp-image-20772\" srcset=\"https:\/\/swaving.nl\/wp-content\/uploads\/2025\/12\/Pasture-Mat-HRC-2.png 538w, https:\/\/swaving.nl\/wp-content\/uploads\/2025\/12\/Pasture-Mat-HRC-2-300x225.png 300w\" sizes=\"auto, (max-width: 538px) 100vw, 538px\" \/><\/figure>\n<\/div>\n<\/div>\n\n\n\n<figure class=\"wp-block-image size-full\"><img decoding=\"async\" src=\"https:\/\/swaving.nl\/wp-content\/uploads\/2025\/12\/logo-1.svg\" alt=\"\" class=\"wp-image-20825\"\/><\/figure>\n\n\n\n<p>DLG-gepr\u00fcft<\/p>\n\n\n\n<div style=\"height:21px\" aria-hidden=\"true\" class=\"wp-block-spacer\"><\/div>\n\n\n\n<h2 class=\"wp-block-heading\"><strong>Comfortmatte<\/strong><\/h2>\n\n\n\n<p>Die Comfortmatte ist die ultimative Schaummatratze auf dem Markt. Der hochwertige Schaum passt sich genau an die Konturen der Kuh an, so dass sie hervorragenden Komfort und Halt erh\u00e4lt.<\/p>\n\n\n\n<ul class=\"wp-block-list\">\n<li>Optimale Dichte und sehr langlebiger europ\u00e4ischer Kaltschaum sorgen f\u00fcr eine lange Lebensdauer und maximalen Komfort. maximum aan comfort.<\/li>\n\n\n\n<li>Erh\u00e4ltlich in den St\u00e4rken 40 mm, 80 mm und optional von 80 mm bis 50 mm abfallend.<\/li>\n\n\n\n<li>Eine Kunststoff-Feuchtigkeitsbarriere garantiert die Integrit\u00e4t des Schaums.<\/li>\n\n\n\n<li>Druckentlastender Schaum sorgt f\u00fcr eine verbesserte Durchblutung.<\/li>\n<\/ul>\n\n\n\n<div style=\"height:20px\" aria-hidden=\"true\" class=\"wp-block-spacer\"><\/div>\n\n\n\n<h2 class=\"wp-block-heading\"><strong>Pasturemat CS<\/strong><\/h2>\n\n\n\n<p>Die PASTUREMAT, das f\u00fchrende Produkt in der Branche, ist die L\u00f6sung f\u00fcr Sie &#8211; wie sie es f\u00fcr \u00fcber 3 Millionen K\u00fche weltweit ist.<\/p>\n\n\n\n<ul class=\"wp-block-list\">\n<li>Imitiert ein nat\u00fcrliches St\u00fcck Weide<\/li>\n\n\n\n<li>Optimale Dichte und sehr langlebiger europ\u00e4ischer Kaltschaum als Schicht \u00fcber der mit Gummigranulat gef\u00fcllten Matratzenmemory sorgen f\u00fcr ein un\u00fcbertroffenes Ma\u00df an Weichheit und Komfort.<\/li>\n\n\n\n<li>Optimale Griffigkeit und Stabilit\u00e4t, sodass die Kuh leicht aufstehen oder sich hinlegen kann.<\/li>\n\n\n\n<li>Einfach zu reinigen &#8211; erfordert nahezu keine Wartung.<\/li>\n\n\n\n<li>Dicke 90 mm.<\/li>\n<\/ul>\n\n\n\n<div style=\"height:20px\" aria-hidden=\"true\" class=\"wp-block-spacer\"><\/div>\n\n\n\n<h2 class=\"wp-block-heading\"><strong>Optionen Oberbezug<\/strong><\/h2>\n\n\n\n<p>PROMATs patentierte mit nat\u00fcrlichem Gummi impr\u00e4gnierte (HRC) und\/oder mit einer Wachsschicht (CS) beschichtete Polypropylen-Oberbez\u00fcge sorgen f\u00fcr eine f\u00fchrende Flexibilit\u00e4t und Stabilit\u00e4t beim Stehen; vollst\u00e4ndiger Feuchtigkeitsschutz durch massiven Gummi ohne Gl\u00e4tte oder Neigung zum Austrocknen und Rissen; dies alles kombiniert mit einer leicht zu reinigenden Oberfl\u00e4che, langer Lebensdauer und un\u00fcbertroffenem Komfort f\u00fcr Ihre K\u00fche. Erh\u00e4ltlich in den St\u00e4rken 20, 30 oder 40 mm.<\/p>\n\n\n\n<hr class=\"wp-block-separator has-alpha-channel-opacity\"\/>\n\n\n\n<div style=\"height:20px\" aria-hidden=\"true\" class=\"wp-block-spacer\"><\/div>\n\n\n\n<div class=\"wp-block-columns is-layout-flex wp-container-core-columns-is-layout-9d6595d7 wp-block-columns-is-layout-flex\">\n<div class=\"wp-block-column is-layout-flow wp-block-column-is-layout-flow\" style=\"flex-basis:66.66%\">\n<h2 class=\"wp-block-heading\"><strong>Swaving Wellnessmatratze<\/strong><\/h2>\n\n\n\n<p>Boxenbedeckung mit langlebigem Schaum, wobei verschiedene St\u00e4rken m\u00f6glich sind und mit einem verst\u00e4rkten Gummioberbezug abgedeckt. Dabei kann zwischen Standard-Oberbezug, Hammerschlagoberbezug oder Dunlosheet-Oberbezug gew\u00e4hlt werden.<\/p>\n<\/div>\n\n\n\n<div class=\"wp-block-column is-layout-flow wp-block-column-is-layout-flow\" style=\"flex-basis:33.33%\">\n<figure class=\"wp-block-image size-full\"><img loading=\"lazy\" decoding=\"async\" width=\"540\" height=\"436\" src=\"https:\/\/swaving.nl\/wp-content\/uploads\/2025\/12\/Welnessmatras-1.png\" alt=\"\" class=\"wp-image-20790\" srcset=\"https:\/\/swaving.nl\/wp-content\/uploads\/2025\/12\/Welnessmatras-1.png 540w, https:\/\/swaving.nl\/wp-content\/uploads\/2025\/12\/Welnessmatras-1-300x242.png 300w\" sizes=\"auto, (max-width: 540px) 100vw, 540px\" \/><\/figure>\n<\/div>\n<\/div>\n\n\n\n<hr class=\"wp-block-separator has-alpha-channel-opacity\"\/>\n\n\n\n<div style=\"height:20px\" aria-hidden=\"true\" class=\"wp-block-spacer\"><\/div>\n\n\n\n<div class=\"wp-block-columns is-layout-flex wp-container-core-columns-is-layout-9d6595d7 wp-block-columns-is-layout-flex\">\n<div class=\"wp-block-column is-layout-flow wp-block-column-is-layout-flow\" style=\"flex-basis:66.66%\">\n<h2 class=\"wp-block-heading\"><strong>Noppenmatte<\/strong><\/h2>\n\n\n\n<p>Diese Matte zeichnet sich durch ihre Langlebigkeit aus, hat eine lange Lebensdauer und ist sehr formstabil. Einfach zu installieren und zu reinigen. Die Noppen sorgen f\u00fcr zus\u00e4tzliche Federkraft, besser f\u00fcr die Gelenke Ihres Viehs. Lieferbar auf Rolle \u00e0 50 Meter. Die Matte wird mit Edelstahlstreifen am Boden befestigt.<\/p>\n\n\n\n<ul class=\"wp-block-list\">\n<li><strong>Gro\u00dfvieh:<\/strong> Gro\u00dfe Noppe H\u00f6he 50 mm; Breite 1,8 Meter und Breite 2 Meter.<\/li>\n\n\n\n<li><strong>Jungvieh:<\/strong> Kleine Noppe H\u00f6he 26 mm; Breite 1,6 Meter und 1,8 Meter.<\/li>\n<\/ul>\n<\/div>\n\n\n\n<div class=\"wp-block-column is-layout-flow wp-block-column-is-layout-flow\" style=\"flex-basis:33.33%\">\n<figure class=\"wp-block-image size-full\"><img loading=\"lazy\" decoding=\"async\" width=\"542\" height=\"402\" src=\"https:\/\/swaving.nl\/wp-content\/uploads\/2025\/12\/Noppenmat.png\" alt=\"\" class=\"wp-image-20778\" srcset=\"https:\/\/swaving.nl\/wp-content\/uploads\/2025\/12\/Noppenmat.png 542w, https:\/\/swaving.nl\/wp-content\/uploads\/2025\/12\/Noppenmat-300x223.png 300w\" sizes=\"auto, (max-width: 542px) 100vw, 542px\" \/><\/figure>\n<\/div>\n<\/div>\n\n\n\n<hr class=\"wp-block-separator has-alpha-channel-opacity\"\/>\n\n\n\n<div style=\"height:20px\" aria-hidden=\"true\" class=\"wp-block-spacer\"><\/div>\n\n\n\n<h2 class=\"wp-block-heading\">Blistermat<\/h2>\n\n\n\n<p>Die Blistermat, die Matte, die den Sand festh\u00e4lt.<\/p>\n\n\n\n<p>Sehr gut geeignet f\u00fcr Tiefstreuboxen und Sandboxen, um einen festen Boden unter der Kuh zu schaffen. Mit der Blistermat ist das jetzt m\u00f6glich. Nachdem sich der Sand (lehmig 25 bis 30%) gesetzt hat, wird er mit einer 4 bis 5 cm dicken Schicht Einstreu oder Sand abgedeckt. \u00c4hnlich wie bei einer Matratze muss die Oberseite gepflegt werden. Nur wenn die Oberseite gut gepflegt wird, ist die Wirkung der Blistermat ideal.<\/p>\n\n\n\n<div class=\"wp-block-columns is-layout-flex wp-container-core-columns-is-layout-9d6595d7 wp-block-columns-is-layout-flex\">\n<div class=\"wp-block-column is-layout-flow wp-block-column-is-layout-flow\">\n<figure class=\"wp-block-image size-full\"><img loading=\"lazy\" decoding=\"async\" width=\"600\" height=\"446\" src=\"https:\/\/swaving.nl\/wp-content\/uploads\/2025\/12\/Blistermat.png\" alt=\"\" class=\"wp-image-20781\" srcset=\"https:\/\/swaving.nl\/wp-content\/uploads\/2025\/12\/Blistermat.png 600w, https:\/\/swaving.nl\/wp-content\/uploads\/2025\/12\/Blistermat-300x223.png 300w\" sizes=\"auto, (max-width: 600px) 100vw, 600px\" \/><\/figure>\n\n\n\n<p>Schritt 1<\/p>\n<\/div>\n\n\n\n<div class=\"wp-block-column is-layout-flow wp-block-column-is-layout-flow\">\n<figure class=\"wp-block-image size-full\"><img loading=\"lazy\" decoding=\"async\" width=\"592\" height=\"448\" src=\"https:\/\/swaving.nl\/wp-content\/uploads\/2025\/12\/Blistermat-2.png\" alt=\"\" class=\"wp-image-20784\" srcset=\"https:\/\/swaving.nl\/wp-content\/uploads\/2025\/12\/Blistermat-2.png 592w, https:\/\/swaving.nl\/wp-content\/uploads\/2025\/12\/Blistermat-2-300x227.png 300w\" sizes=\"auto, (max-width: 592px) 100vw, 592px\" \/><\/figure>\n\n\n\n<p>Schritt 2<\/p>\n<\/div>\n<\/div>\n\n\n\n<div class=\"wp-block-columns is-layout-flex wp-container-core-columns-is-layout-9d6595d7 wp-block-columns-is-layout-flex\">\n<div class=\"wp-block-column is-layout-flow wp-block-column-is-layout-flow\">\n<p>Die Blistermat ist eine rasterf\u00f6rmige Matte mit quadratischen Fl\u00e4chen, diese Fl\u00e4chen sind 8 und 11 cm tief. Die Fl\u00e4chen werden mit Sand gef\u00fcllt und mit einer Schicht Einstreu (S\u00e4gemehl, H\u00e4ckselstroh oder Sand) abgedeckt. Die K\u00fche liegen auf der mit Sand gef\u00fcllten Matte aus federndem Gummi. Die K\u00fche haben zwar den Komfort, auf Sand zu liegen, k\u00f6nnen aber durch die F\u00e4cher keinen Sand aus den Boxen kratzen.<\/p>\n<\/div>\n\n\n\n<div class=\"wp-block-column is-layout-flow wp-block-column-is-layout-flow\">\n<figure class=\"wp-block-image size-full\"><img loading=\"lazy\" decoding=\"async\" width=\"1024\" height=\"768\" src=\"https:\/\/swaving.nl\/wp-content\/uploads\/2024\/05\/swaving-blistermat-2008-1e-kwartaal-035.jpg\" alt=\"\" class=\"wp-image-1177\" srcset=\"https:\/\/swaving.nl\/wp-content\/uploads\/2024\/05\/swaving-blistermat-2008-1e-kwartaal-035.jpg 1024w, https:\/\/swaving.nl\/wp-content\/uploads\/2024\/05\/swaving-blistermat-2008-1e-kwartaal-035-300x225.jpg 300w, https:\/\/swaving.nl\/wp-content\/uploads\/2024\/05\/swaving-blistermat-2008-1e-kwartaal-035-768x576.jpg 768w\" sizes=\"auto, (max-width: 1024px) 100vw, 1024px\" \/><\/figure>\n<\/div>\n<\/div>\n\n\n\n<h3 class=\"wp-block-heading\"><strong>Vorteile von Sand in Kombination mit der Blistermat<\/strong><\/h3>\n\n\n\n<p>Die Vorteile von Sand in Kombination mit der Blistermat sind: <strong>guter Grip<\/strong> beim <strong>Aufstehen<\/strong> der Kuh, <strong>Hygiene<\/strong>, ein <strong>bequemes Liegebette<\/strong>, ein guter <strong>Austausch<\/strong> von K\u00f6rperw\u00e4rme und <strong>Schwei\u00dffeuchtigkeit<\/strong> in einer Form, die den Arbeitsaufwand f\u00fcr die Boxen pro Tag auf ein <strong>Minimum<\/strong> reduziert.<\/p>\n\n\n\n<div class=\"wp-block-columns is-layout-flex wp-container-core-columns-is-layout-9d6595d7 wp-block-columns-is-layout-flex\">\n<div class=\"wp-block-column is-layout-flow wp-block-column-is-layout-flow\">\n<blockquote class=\"wp-block-quote is-layout-flow wp-block-quote-is-layout-flow\">\n<p>Die Blistermat hat sich nach 8 Jahren Praxiserfahrung als erfolgreiches Produkt erwiesen. Die Blistermat ist patentrechtlich gesch\u00fctzt.<\/p>\n<\/blockquote>\n<\/div>\n\n\n\n<div class=\"wp-block-column is-layout-flow wp-block-column-is-layout-flow\">\n<figure class=\"wp-block-image size-full is-resized\"><img loading=\"lazy\" decoding=\"async\" width=\"300\" height=\"225\" src=\"https:\/\/swaving.nl\/wp-content\/uploads\/2024\/05\/swaving-stalinrichting-blistermat-blistermat3.jpeg\" alt=\"\" class=\"wp-image-1148\" style=\"width:416px;height:auto\"\/><\/figure>\n<\/div>\n<\/div>\n\n\n\n<hr class=\"wp-block-separator has-alpha-channel-opacity\"\/>\n\n\n\n<div class=\"wp-block-columns is-layout-flex wp-container-core-columns-is-layout-9d6595d7 wp-block-columns-is-layout-flex\">\n<div class=\"wp-block-column is-layout-flow wp-block-column-is-layout-flow\" style=\"flex-basis:66.66%\">\n<h2 class=\"wp-block-heading\"><strong>Snookermatte<\/strong><\/h2>\n\n\n\n<p>Diese Matte ist eine Ableitung der Blistermatte, die Matte ist 4 cm dick. Die Arbeitsweise ist gleich: am Boxendeck verankern und mit lehmhaltigem Sand f\u00fcllen. Argumente f\u00fcr das Tierwohl: mehr Grip und bessere Regulierung der K\u00f6rpertemperatur. Sorgen Sie f\u00fcr sauberes und ausreichend Einstreu. Die Verwendung des Feststoffs in Liegeboxen l\u00e4sst sich gut mit der Snookermatte kombinieren. Die Vorder- und R\u00fcckseite sind verst\u00e4rkt.<\/p>\n<\/div>\n\n\n\n<div class=\"wp-block-column is-layout-flow wp-block-column-is-layout-flow\" style=\"flex-basis:33.33%\">\n<figure class=\"wp-block-image size-full\"><img loading=\"lazy\" decoding=\"async\" width=\"464\" height=\"604\" src=\"https:\/\/swaving.nl\/wp-content\/uploads\/2025\/12\/Snookermat.png\" alt=\"\" class=\"wp-image-20787\" srcset=\"https:\/\/swaving.nl\/wp-content\/uploads\/2025\/12\/Snookermat.png 464w, https:\/\/swaving.nl\/wp-content\/uploads\/2025\/12\/Snookermat-230x300.png 230w\" sizes=\"auto, (max-width: 464px) 100vw, 464px\" \/><\/figure>\n<\/div>\n<\/div>\n\n\n\n<div style=\"height:20px\" aria-hidden=\"true\" class=\"wp-block-spacer\"><\/div>\n\n\n\n<div class=\"wp-block-columns is-layout-flex wp-container-core-columns-is-layout-9d6595d7 wp-block-columns-is-layout-flex\">\n<div class=\"wp-block-column is-layout-flow wp-block-column-is-layout-flow\" style=\"flex-basis:66.66%\">\n<h2 class=\"wp-block-heading\">Kniebaum-Abgrenzung<\/h2>\n\n\n\n<p>Empfohlen wird die Verwendung der Matte in Kombination mit einer Kniebaum-Abgrenzung, z.B. 160 mm Rundrohr aus PE, und einer R\u00fcckwand, z.B. einem 90 mm Rundrohr aus PE.<\/p>\n<\/div>\n\n\n\n<div class=\"wp-block-column is-layout-flow wp-block-column-is-layout-flow\" style=\"flex-basis:33.33%\">\n<figure class=\"wp-block-image size-full\"><img loading=\"lazy\" decoding=\"async\" width=\"217\" height=\"204\" src=\"https:\/\/swaving.nl\/wp-content\/uploads\/2024\/05\/swaving-stalinrichting-boxbedekking-Vloerbeugel-volledig-omhuld.jpeg\" alt=\"\" class=\"wp-image-1142\"\/><\/figure>\n<\/div>\n<\/div>\n","protected":false},"excerpt":{"rendered":"<p>Bei der Auswahl der Liegeboxenausstattung spielen verschiedene Faktoren eine Rolle: Swaving bietet ein breites Sortiment an Liegeboxenausstattung Matratzen Comfortmatte Pasturemat CS Pasturemat HRC DLG-gepr\u00fcft Comfortmatte Die Comfortmatte ist die ultimative Schaummatratze auf dem Markt. Der hochwertige Schaum passt sich genau an die Konturen der Kuh an, so dass sie hervorragenden Komfort und Halt erh\u00e4lt. Pasturemat&hellip;<\/p>\n","protected":false},"author":1,"featured_media":1695,"parent":20050,"menu_order":0,"comment_status":"closed","ping_status":"closed","template":"","meta":{"_acf_changed":false,"footnotes":""},"categories":[36,25,38],"tags":[],"class_list":["post-20109","page","type-page","status-publish","has-post-thumbnail","hentry","category-highlight-homepage-de","category-highlight-homepage","category-stallanlage"],"acf":[],"_links":{"self":[{"href":"https:\/\/swaving.nl\/de\/wp-json\/wp\/v2\/pages\/20109","targetHints":{"allow":["GET"]}}],"collection":[{"href":"https:\/\/swaving.nl\/de\/wp-json\/wp\/v2\/pages"}],"about":[{"href":"https:\/\/swaving.nl\/de\/wp-json\/wp\/v2\/types\/page"}],"author":[{"embeddable":true,"href":"https:\/\/swaving.nl\/de\/wp-json\/wp\/v2\/users\/1"}],"replies":[{"embeddable":true,"href":"https:\/\/swaving.nl\/de\/wp-json\/wp\/v2\/comments?post=20109"}],"version-history":[{"count":9,"href":"https:\/\/swaving.nl\/de\/wp-json\/wp\/v2\/pages\/20109\/revisions"}],"predecessor-version":[{"id":20847,"href":"https:\/\/swaving.nl\/de\/wp-json\/wp\/v2\/pages\/20109\/revisions\/20847"}],"up":[{"embeddable":true,"href":"https:\/\/swaving.nl\/de\/wp-json\/wp\/v2\/pages\/20050"}],"wp:featuredmedia":[{"embeddable":true,"href":"https:\/\/swaving.nl\/de\/wp-json\/wp\/v2\/media\/1695"}],"wp:attachment":[{"href":"https:\/\/swaving.nl\/de\/wp-json\/wp\/v2\/media?parent=20109"}],"wp:term":[{"taxonomy":"category","embeddable":true,"href":"https:\/\/swaving.nl\/de\/wp-json\/wp\/v2\/categories?post=20109"},{"taxonomy":"post_tag","embeddable":true,"href":"https:\/\/swaving.nl\/de\/wp-json\/wp\/v2\/tags?post=20109"}],"curies":[{"name":"wp","href":"https:\/\/api.w.org\/{rel}","templated":true}]}}