{"id":20113,"date":"2024-04-22T15:09:42","date_gmt":"2024-04-22T15:09:42","guid":{"rendered":"https:\/\/swaving.nl\/angebot\/stalleneinrichtung\/glasfiber-toepassingen\/"},"modified":"2024-09-12T07:37:19","modified_gmt":"2024-09-12T07:37:19","slug":"glasfaseranwendungen","status":"publish","type":"page","link":"https:\/\/swaving.nl\/de\/angebot\/stalleinrichtung\/glasfaseranwendungen\/","title":{"rendered":"Glasfaseranwendungen"},"content":{"rendered":"\n<p><strong>Bei Swaving Stallinrichting haben wir bereits \u00fcber 10 Jahre Erfahrung in der Anwendung von Glasfaser. Glasfaser ist ein Produkt, das steif und dennoch flexibel ist. Glasfaser ist ein \u00e4u\u00dferst robustes Produkt. Aufgrund der Flexibilit\u00e4t von Glasfaser ist es sehr tierfreundlich und hat eine lange Lebensdauer.<\/strong><\/p>\n\n\n\n<p>Aufgrund dieser Eigenschaften sind viele Anwendungen f\u00fcr Glasfaser denkbar. So verwenden wir sie als Liegeboxabtrennung, Widerristbaum, Weidez\u00e4une, Zwischenz\u00e4une und mit den 10,8 Meter langen Glasfaserst\u00e4ben sind neben Abtrennungen noch weitere Anwendungen denkbar.<\/p>\n\n\n\n<p>In unserem Betrieb in Sappemeer haben wir einen gro\u00dfen Lagerbestand unter anderem der folgenden Glasfaserprodukte.<\/p>\n\n\n\n<h2 class=\"wp-block-heading\">Weidez\u00e4une mit Verschlusskette:<\/h2>\n\n\n\n<ul class=\"wp-block-list\">\n<li>Glasfaser-Weidezaun 3,96 m<\/li>\n\n\n\n<li>Glasfaser-Weidezaun 4,87 m<\/li>\n\n\n\n<li>Glasfaser-Weidezaun 5,48 m<\/li>\n\n\n\n<li>Glasfaser-Weidezaun 6,09 m<\/li>\n<\/ul>\n\n\n\n<figure class=\"wp-block-gallery has-nested-images columns-4 is-cropped wp-block-gallery-1 is-layout-flex wp-block-gallery-is-layout-flex\">\n<figure class=\"wp-block-image size-large\"><a href=\"https:\/\/swaving.nl\/wp-content\/uploads\/2024\/05\/swaving-glasfiber-20191029_131629-002.jpg\"><img loading=\"lazy\" decoding=\"async\" width=\"1024\" height=\"768\" data-id=\"890\" src=\"https:\/\/swaving.nl\/wp-content\/uploads\/2024\/05\/swaving-glasfiber-20191029_131629-002-1024x768.jpg\" alt=\"\" class=\"wp-image-890\" srcset=\"https:\/\/swaving.nl\/wp-content\/uploads\/2024\/05\/swaving-glasfiber-20191029_131629-002-1024x768.jpg 1024w, https:\/\/swaving.nl\/wp-content\/uploads\/2024\/05\/swaving-glasfiber-20191029_131629-002-300x225.jpg 300w, https:\/\/swaving.nl\/wp-content\/uploads\/2024\/05\/swaving-glasfiber-20191029_131629-002-768x576.jpg 768w, https:\/\/swaving.nl\/wp-content\/uploads\/2024\/05\/swaving-glasfiber-20191029_131629-002-1536x1152.jpg 1536w, https:\/\/swaving.nl\/wp-content\/uploads\/2024\/05\/swaving-glasfiber-20191029_131629-002.jpg 1600w\" sizes=\"auto, (max-width: 1024px) 100vw, 1024px\" \/><\/a><\/figure>\n\n\n\n<figure class=\"wp-block-image size-large\"><a href=\"https:\/\/swaving.nl\/wp-content\/uploads\/2024\/05\/swaving-glasfiber-20191029_131735-002.jpg\"><img loading=\"lazy\" decoding=\"async\" width=\"1024\" height=\"768\" data-id=\"891\" src=\"https:\/\/swaving.nl\/wp-content\/uploads\/2024\/05\/swaving-glasfiber-20191029_131735-002-1024x768.jpg\" alt=\"\" class=\"wp-image-891\" srcset=\"https:\/\/swaving.nl\/wp-content\/uploads\/2024\/05\/swaving-glasfiber-20191029_131735-002-1024x768.jpg 1024w, https:\/\/swaving.nl\/wp-content\/uploads\/2024\/05\/swaving-glasfiber-20191029_131735-002-300x225.jpg 300w, https:\/\/swaving.nl\/wp-content\/uploads\/2024\/05\/swaving-glasfiber-20191029_131735-002-768x576.jpg 768w, https:\/\/swaving.nl\/wp-content\/uploads\/2024\/05\/swaving-glasfiber-20191029_131735-002-1536x1152.jpg 1536w, https:\/\/swaving.nl\/wp-content\/uploads\/2024\/05\/swaving-glasfiber-20191029_131735-002.jpg 1600w\" sizes=\"auto, (max-width: 1024px) 100vw, 1024px\" \/><\/a><\/figure>\n\n\n\n<figure class=\"wp-block-image size-large\"><a href=\"https:\/\/swaving.nl\/wp-content\/uploads\/2024\/05\/swaving-glasfiber-draai.jpg\"><img loading=\"lazy\" decoding=\"async\" width=\"695\" height=\"927\" data-id=\"894\" src=\"https:\/\/swaving.nl\/wp-content\/uploads\/2024\/05\/swaving-glasfiber-draai.jpg\" alt=\"\" class=\"wp-image-894\" srcset=\"https:\/\/swaving.nl\/wp-content\/uploads\/2024\/05\/swaving-glasfiber-draai.jpg 695w, https:\/\/swaving.nl\/wp-content\/uploads\/2024\/05\/swaving-glasfiber-draai-225x300.jpg 225w\" sizes=\"auto, (max-width: 695px) 100vw, 695px\" \/><\/a><\/figure>\n\n\n\n<figure class=\"wp-block-image size-large\"><a href=\"https:\/\/swaving.nl\/wp-content\/uploads\/2024\/05\/swaving-glasfiber-ketting.jpg\"><img loading=\"lazy\" decoding=\"async\" width=\"695\" height=\"927\" data-id=\"895\" src=\"https:\/\/swaving.nl\/wp-content\/uploads\/2024\/05\/swaving-glasfiber-ketting.jpg\" alt=\"\" class=\"wp-image-895\" srcset=\"https:\/\/swaving.nl\/wp-content\/uploads\/2024\/05\/swaving-glasfiber-ketting.jpg 695w, https:\/\/swaving.nl\/wp-content\/uploads\/2024\/05\/swaving-glasfiber-ketting-225x300.jpg 225w\" sizes=\"auto, (max-width: 695px) 100vw, 695px\" \/><\/a><\/figure>\n<\/figure>\n\n\n\n<hr class=\"wp-block-separator has-alpha-channel-opacity\"\/>\n\n\n\n<h3 class=\"wp-block-heading\">Drehstange\/Scharnier f\u00fcr Glasfaser-Weidezaun:<\/h3>\n\n\n\n<ul class=\"wp-block-list\">\n<li>Glasfaser-Weidezaun Drehstange<\/li>\n<\/ul>\n\n\n\n<figure class=\"wp-block-image size-large\"><img loading=\"lazy\" decoding=\"async\" width=\"1024\" height=\"768\" src=\"https:\/\/swaving.nl\/wp-content\/uploads\/2024\/05\/swaving-glasfiber-20191029_130658-002-1024x768.jpg\" alt=\"\" class=\"wp-image-889\" srcset=\"https:\/\/swaving.nl\/wp-content\/uploads\/2024\/05\/swaving-glasfiber-20191029_130658-002-1024x768.jpg 1024w, https:\/\/swaving.nl\/wp-content\/uploads\/2024\/05\/swaving-glasfiber-20191029_130658-002-300x225.jpg 300w, https:\/\/swaving.nl\/wp-content\/uploads\/2024\/05\/swaving-glasfiber-20191029_130658-002-768x576.jpg 768w, https:\/\/swaving.nl\/wp-content\/uploads\/2024\/05\/swaving-glasfiber-20191029_130658-002.jpg 1440w\" sizes=\"auto, (max-width: 1024px) 100vw, 1024px\" \/><\/figure>\n\n\n\n<hr class=\"wp-block-separator has-alpha-channel-opacity\"\/>\n\n\n\n<h3 class=\"wp-block-heading\">Glasfaserstab 10,8 m lang, Durchmesser 20mm:<\/h3>\n\n\n\n<ul class=\"wp-block-list\">\n<li>Glasfaserstab 10,8 m x 20 mm.<\/li>\n<\/ul>\n\n\n\n<figure class=\"wp-block-image size-full\"><img loading=\"lazy\" decoding=\"async\" width=\"695\" height=\"922\" src=\"https:\/\/swaving.nl\/wp-content\/uploads\/2024\/05\/swaving-glasfiber-langestok.jpg\" alt=\"\" class=\"wp-image-896\" srcset=\"https:\/\/swaving.nl\/wp-content\/uploads\/2024\/05\/swaving-glasfiber-langestok.jpg 695w, https:\/\/swaving.nl\/wp-content\/uploads\/2024\/05\/swaving-glasfiber-langestok-226x300.jpg 226w\" sizes=\"auto, (max-width: 695px) 100vw, 695px\" \/><\/figure>\n\n\n\n<hr class=\"wp-block-separator has-alpha-channel-opacity\"\/>\n\n\n\n<h3 class=\"wp-block-heading\">Glasfiber ligboxafscheiding:<\/h3>\n\n\n\n<ul class=\"wp-block-list\">\n<li>Glasfaser-Liegeboxabtrennung Einzel Gro\u00dfvieh, Preis auf Anfrage<\/li>\n\n\n\n<li>Glasfaser-Liegeboxabtrennung Doppel Gro\u00dfvieh, Preis auf Anfrage<\/li>\n\n\n\n<li>Glasfaser-Liegeboxabtrennung Einzel Jungvieh, Preis auf Anfrage<\/li>\n\n\n\n<li>Glasfaser-Liegeboxabtrennung Doppel Jungvieh, Preis auf Anfrage<\/li>\n<\/ul>\n\n\n\n<figure class=\"wp-block-gallery has-nested-images columns-default is-cropped wp-block-gallery-2 is-layout-flex wp-block-gallery-is-layout-flex\">\n<figure class=\"wp-block-image size-full\"><a href=\"https:\/\/swaving.nl\/wp-content\/uploads\/2024\/05\/swaving-glasfiber-box.png\"><img loading=\"lazy\" decoding=\"async\" width=\"600\" height=\"336\" data-id=\"893\" src=\"https:\/\/swaving.nl\/wp-content\/uploads\/2024\/05\/swaving-glasfiber-box.png\" alt=\"\" class=\"wp-image-893\" srcset=\"https:\/\/swaving.nl\/wp-content\/uploads\/2024\/05\/swaving-glasfiber-box.png 600w, https:\/\/swaving.nl\/wp-content\/uploads\/2024\/05\/swaving-glasfiber-box-300x168.png 300w\" sizes=\"auto, (max-width: 600px) 100vw, 600px\" \/><\/a><\/figure>\n\n\n\n<figure class=\"wp-block-image size-full\"><a href=\"https:\/\/swaving.nl\/wp-content\/uploads\/2024\/05\/swaving-glasfiber-box-enkel.png\"><img loading=\"lazy\" decoding=\"async\" width=\"600\" height=\"338\" data-id=\"892\" src=\"https:\/\/swaving.nl\/wp-content\/uploads\/2024\/05\/swaving-glasfiber-box-enkel.png\" alt=\"\" class=\"wp-image-892\" srcset=\"https:\/\/swaving.nl\/wp-content\/uploads\/2024\/05\/swaving-glasfiber-box-enkel.png 600w, https:\/\/swaving.nl\/wp-content\/uploads\/2024\/05\/swaving-glasfiber-box-enkel-300x169.png 300w\" sizes=\"auto, (max-width: 600px) 100vw, 600px\" \/><\/a><\/figure>\n<\/figure>\n\n\n\n<div style=\"height:40px\" aria-hidden=\"true\" class=\"wp-block-spacer\"><\/div>\n\n\n\n<p><strong>Weitere Informationen finden Sie auch im Men\u00fc unter <a href=\"https:\/\/swaving.nl\/de\/angebot\/stalleinrichtung\/stalleneinrichtung\/\" data-type=\"page\" data-id=\"20161\">Stalleinrichtung<\/a>: <a href=\"https:\/\/swaving.nl\/de\/angebot\/stalleneinrichtung\/swaving-flexbox\/\">Glasfaserboxen<\/a> und &#8211;<a href=\"https:\/\/swaving.nl\/de\/angebot\/stalleinrichtung\/zaun\/\">z\u00e4une<\/a>.<\/strong><\/p>\n\n\n\n<p><\/p>\n","protected":false},"excerpt":{"rendered":"<p>Bei Swaving Stallinrichting haben wir bereits \u00fcber 10 Jahre Erfahrung in der Anwendung von Glasfaser. Glasfaser ist ein Produkt, das steif und dennoch flexibel ist. Glasfaser ist ein \u00e4u\u00dferst robustes Produkt. Aufgrund der Flexibilit\u00e4t von Glasfaser ist es sehr tierfreundlich und hat eine lange Lebensdauer. Aufgrund dieser Eigenschaften sind viele Anwendungen f\u00fcr Glasfaser denkbar. So&hellip;<\/p>\n","protected":false},"author":1,"featured_media":1521,"parent":20050,"menu_order":0,"comment_status":"closed","ping_status":"closed","template":"","meta":{"_acf_changed":false,"footnotes":""},"categories":[38],"tags":[],"class_list":["post-20113","page","type-page","status-publish","has-post-thumbnail","hentry","category-stallanlage"],"acf":[],"_links":{"self":[{"href":"https:\/\/swaving.nl\/de\/wp-json\/wp\/v2\/pages\/20113","targetHints":{"allow":["GET"]}}],"collection":[{"href":"https:\/\/swaving.nl\/de\/wp-json\/wp\/v2\/pages"}],"about":[{"href":"https:\/\/swaving.nl\/de\/wp-json\/wp\/v2\/types\/page"}],"author":[{"embeddable":true,"href":"https:\/\/swaving.nl\/de\/wp-json\/wp\/v2\/users\/1"}],"replies":[{"embeddable":true,"href":"https:\/\/swaving.nl\/de\/wp-json\/wp\/v2\/comments?post=20113"}],"version-history":[{"count":4,"href":"https:\/\/swaving.nl\/de\/wp-json\/wp\/v2\/pages\/20113\/revisions"}],"predecessor-version":[{"id":20475,"href":"https:\/\/swaving.nl\/de\/wp-json\/wp\/v2\/pages\/20113\/revisions\/20475"}],"up":[{"embeddable":true,"href":"https:\/\/swaving.nl\/de\/wp-json\/wp\/v2\/pages\/20050"}],"wp:featuredmedia":[{"embeddable":true,"href":"https:\/\/swaving.nl\/de\/wp-json\/wp\/v2\/media\/1521"}],"wp:attachment":[{"href":"https:\/\/swaving.nl\/de\/wp-json\/wp\/v2\/media?parent=20113"}],"wp:term":[{"taxonomy":"category","embeddable":true,"href":"https:\/\/swaving.nl\/de\/wp-json\/wp\/v2\/categories?post=20113"},{"taxonomy":"post_tag","embeddable":true,"href":"https:\/\/swaving.nl\/de\/wp-json\/wp\/v2\/tags?post=20113"}],"curies":[{"name":"wp","href":"https:\/\/api.w.org\/{rel}","templated":true}]}}