{"id":20117,"date":"2024-04-22T15:04:36","date_gmt":"2024-04-22T15:04:36","guid":{"rendered":"https:\/\/swaving.nl\/angebot\/stalleneinrichtung\/hekwerk\/"},"modified":"2024-09-10T14:21:40","modified_gmt":"2024-09-10T14:21:40","slug":"zaun","status":"publish","type":"page","link":"https:\/\/swaving.nl\/de\/angebot\/stalleinrichtung\/zaun\/","title":{"rendered":"Zaun"},"content":{"rendered":"\n<p><strong>Glasfaser ist mehr als nur Boxen! Das Material eignet sich f\u00fcr Bauwerke wie Z\u00e4une und ist in bestimmten Situationen besser als Stahl oder Holz.<\/strong><p data-sourcepos=\"7:1-7:17\"><\/p><\/p>\n\n\n\n<figure class=\"wp-block-gallery has-nested-images columns-default is-cropped wp-block-gallery-1 is-layout-flex wp-block-gallery-is-layout-flex\">\n<figure class=\"wp-block-image size-large\"><a href=\"https:\/\/swaving.nl\/wp-content\/uploads\/2024\/05\/swaving-glasvezelhekwerk-IMG_1780.jpeg\"><img loading=\"lazy\" decoding=\"async\" width=\"1024\" height=\"768\" data-id=\"1198\" src=\"https:\/\/swaving.nl\/wp-content\/uploads\/2024\/05\/swaving-glasvezelhekwerk-IMG_1780-1024x768.jpeg\" alt=\"\" class=\"wp-image-1198\" srcset=\"https:\/\/swaving.nl\/wp-content\/uploads\/2024\/05\/swaving-glasvezelhekwerk-IMG_1780-1024x768.jpeg 1024w, https:\/\/swaving.nl\/wp-content\/uploads\/2024\/05\/swaving-glasvezelhekwerk-IMG_1780-300x225.jpeg 300w, https:\/\/swaving.nl\/wp-content\/uploads\/2024\/05\/swaving-glasvezelhekwerk-IMG_1780-768x576.jpeg 768w, https:\/\/swaving.nl\/wp-content\/uploads\/2024\/05\/swaving-glasvezelhekwerk-IMG_1780-1536x1152.jpeg 1536w, https:\/\/swaving.nl\/wp-content\/uploads\/2024\/05\/swaving-glasvezelhekwerk-IMG_1780.jpeg 1600w\" sizes=\"auto, (max-width: 1024px) 100vw, 1024px\" \/><\/a><\/figure>\n\n\n\n<figure class=\"wp-block-image size-large\"><a href=\"https:\/\/swaving.nl\/wp-content\/uploads\/2024\/05\/swaving-glasvezelhekwerk-Fiberglass-hekwerk-9.jpeg\"><img loading=\"lazy\" decoding=\"async\" width=\"936\" height=\"572\" data-id=\"1195\" src=\"https:\/\/swaving.nl\/wp-content\/uploads\/2024\/05\/swaving-glasvezelhekwerk-Fiberglass-hekwerk-9.jpeg\" alt=\"\" class=\"wp-image-1195\" srcset=\"https:\/\/swaving.nl\/wp-content\/uploads\/2024\/05\/swaving-glasvezelhekwerk-Fiberglass-hekwerk-9.jpeg 936w, https:\/\/swaving.nl\/wp-content\/uploads\/2024\/05\/swaving-glasvezelhekwerk-Fiberglass-hekwerk-9-300x183.jpeg 300w, https:\/\/swaving.nl\/wp-content\/uploads\/2024\/05\/swaving-glasvezelhekwerk-Fiberglass-hekwerk-9-768x469.jpeg 768w\" sizes=\"auto, (max-width: 936px) 100vw, 936px\" \/><\/a><\/figure>\n\n\n\n<figure class=\"wp-block-image size-large\"><a href=\"https:\/\/swaving.nl\/wp-content\/uploads\/2024\/05\/swaving-glasvezelhekwerk-IMG-20160506-WA0000.jpeg\"><img loading=\"lazy\" decoding=\"async\" width=\"1024\" height=\"576\" data-id=\"1203\" src=\"https:\/\/swaving.nl\/wp-content\/uploads\/2024\/05\/swaving-glasvezelhekwerk-IMG-20160506-WA0000-1024x576.jpeg\" alt=\"\" class=\"wp-image-1203\" srcset=\"https:\/\/swaving.nl\/wp-content\/uploads\/2024\/05\/swaving-glasvezelhekwerk-IMG-20160506-WA0000-1024x576.jpeg 1024w, https:\/\/swaving.nl\/wp-content\/uploads\/2024\/05\/swaving-glasvezelhekwerk-IMG-20160506-WA0000-300x169.jpeg 300w, https:\/\/swaving.nl\/wp-content\/uploads\/2024\/05\/swaving-glasvezelhekwerk-IMG-20160506-WA0000-768x432.jpeg 768w, https:\/\/swaving.nl\/wp-content\/uploads\/2024\/05\/swaving-glasvezelhekwerk-IMG-20160506-WA0000-1536x864.jpeg 1536w, https:\/\/swaving.nl\/wp-content\/uploads\/2024\/05\/swaving-glasvezelhekwerk-IMG-20160506-WA0000.jpeg 1600w\" sizes=\"auto, (max-width: 1024px) 100vw, 1024px\" \/><\/a><\/figure>\n<\/figure>\n\n\n\n<h3 class=\"wp-block-heading\"><strong>Die Vorteile<\/strong><\/h3>\n\n\n\n<ul class=\"wp-block-list\">\n<li>Langlebig; umweltfreundlich<\/li>\n\n\n\n<li>Benutzerfreundlich<\/li>\n\n\n\n<li>Glasfaser ist ein 100% verst\u00e4rktes und zuverl\u00e4ssiges Material<\/li>\n\n\n\n<li>Gutes Preis-Leistungs-Verh\u00e4ltnis<\/li>\n\n\n\n<li>Flexibel: het product veert terug, breekt niet<\/li>\n\n\n\n<li>Schoon: roest- en rot vrij (onderhoudsvrij)<\/li>\n\n\n\n<li>Auswahl an verschiedenen St\u00fctzpfosten mit unterschiedlichen Durchmessern und Wandst\u00e4rken<\/li>\n<\/ul>\n\n\n\n<hr class=\"wp-block-separator has-alpha-channel-opacity\"\/>\n\n\n\n<h2 class=\"wp-block-heading\">Zaun f\u00fcr die Unterbringung im Stall<\/h2>\n\n\n\n<div class=\"wp-block-columns is-layout-flex wp-container-core-columns-is-layout-9d6595d7 wp-block-columns-is-layout-flex\">\n<div class=\"wp-block-column is-layout-flow wp-block-column-is-layout-flow\">\n<h4 class=\"wp-block-heading\">1. Trennzaun 2 horizontal<\/h4>\n\n\n\n<figure class=\"wp-block-image size-full\"><a href=\"https:\/\/swaving.nl\/wp-content\/uploads\/2024\/07\/Swaving-hekwerk-1-hek-2-hor-55-210.jpg\"><img loading=\"lazy\" decoding=\"async\" width=\"1000\" height=\"200\" src=\"https:\/\/swaving.nl\/wp-content\/uploads\/2024\/07\/Swaving-hekwerk-1-hek-2-hor-55-210.jpg\" alt=\"\" class=\"wp-image-19857\" srcset=\"https:\/\/swaving.nl\/wp-content\/uploads\/2024\/07\/Swaving-hekwerk-1-hek-2-hor-55-210.jpg 1000w, https:\/\/swaving.nl\/wp-content\/uploads\/2024\/07\/Swaving-hekwerk-1-hek-2-hor-55-210-300x60.jpg 300w, https:\/\/swaving.nl\/wp-content\/uploads\/2024\/07\/Swaving-hekwerk-1-hek-2-hor-55-210-768x154.jpg 768w\" sizes=\"auto, (max-width: 1000px) 100vw, 1000px\" \/><\/a><\/figure>\n\n\n\n<ul class=\"wp-block-list\">\n<li>Lieferbar in verschiedenen L\u00e4ngen und H\u00f6hen<\/li>\n<\/ul>\n<\/div>\n\n\n\n<div class=\"wp-block-column is-layout-flow wp-block-column-is-layout-flow\">\n<h4 class=\"wp-block-heading\">2. Trennzaun mit vertikaler Strebe<\/h4>\n\n\n\n<p><\/p>\n\n\n\n<figure class=\"wp-block-image size-full\"><a href=\"https:\/\/swaving.nl\/wp-content\/uploads\/2024\/07\/Swaving-hekwerk-2-afscheidingshek-speil-100x600-1.jpg\"><img loading=\"lazy\" decoding=\"async\" width=\"1000\" height=\"200\" src=\"https:\/\/swaving.nl\/wp-content\/uploads\/2024\/07\/Swaving-hekwerk-2-afscheidingshek-speil-100x600-1.jpg\" alt=\"\" class=\"wp-image-19860\" srcset=\"https:\/\/swaving.nl\/wp-content\/uploads\/2024\/07\/Swaving-hekwerk-2-afscheidingshek-speil-100x600-1.jpg 1000w, https:\/\/swaving.nl\/wp-content\/uploads\/2024\/07\/Swaving-hekwerk-2-afscheidingshek-speil-100x600-1-300x60.jpg 300w, https:\/\/swaving.nl\/wp-content\/uploads\/2024\/07\/Swaving-hekwerk-2-afscheidingshek-speil-100x600-1-768x154.jpg 768w\" sizes=\"auto, (max-width: 1000px) 100vw, 1000px\" \/><\/a><\/figure>\n\n\n\n<ul class=\"wp-block-list\">\n<li>Lieferbar in verschiedenen L\u00e4ngen und H\u00f6hen.<\/li>\n\n\n\n<li>Wahlweise in 1,5&#8243; oder 2&#8243; Ausf\u00fchrung<\/li>\n<\/ul>\n<\/div>\n<\/div>\n\n\n\n<div class=\"wp-block-columns is-layout-flex wp-container-core-columns-is-layout-9d6595d7 wp-block-columns-is-layout-flex\">\n<div class=\"wp-block-column is-layout-flow wp-block-column-is-layout-flow\">\n<h4 class=\"wp-block-heading\">3. Trennzaun 3 horizontal<\/h4>\n\n\n\n<figure class=\"wp-block-image size-full\"><a href=\"https:\/\/swaving.nl\/wp-content\/uploads\/2024\/07\/Swaving-hekwerk-3-D25-afsch-hek-uitschuif-3-hor.jpg\"><img loading=\"lazy\" decoding=\"async\" width=\"1000\" height=\"550\" src=\"https:\/\/swaving.nl\/wp-content\/uploads\/2024\/07\/Swaving-hekwerk-3-D25-afsch-hek-uitschuif-3-hor.jpg\" alt=\"\" class=\"wp-image-19863\" srcset=\"https:\/\/swaving.nl\/wp-content\/uploads\/2024\/07\/Swaving-hekwerk-3-D25-afsch-hek-uitschuif-3-hor.jpg 1000w, https:\/\/swaving.nl\/wp-content\/uploads\/2024\/07\/Swaving-hekwerk-3-D25-afsch-hek-uitschuif-3-hor-300x165.jpg 300w, https:\/\/swaving.nl\/wp-content\/uploads\/2024\/07\/Swaving-hekwerk-3-D25-afsch-hek-uitschuif-3-hor-768x422.jpg 768w\" sizes=\"auto, (max-width: 1000px) 100vw, 1000px\" \/><\/a><\/figure>\n\n\n\n<ul class=\"wp-block-list\">\n<li>Lieferbar in verschiedenen L\u00e4ngen und H\u00f6hen<\/li>\n<\/ul>\n<\/div>\n\n\n\n<div class=\"wp-block-column is-layout-flow wp-block-column-is-layout-flow\">\n<h4 class=\"wp-block-heading\">4. Ausziehbarer Trennzaun<\/h4>\n\n\n\n<figure class=\"wp-block-image size-full\"><a href=\"https:\/\/swaving.nl\/wp-content\/uploads\/2024\/07\/Swaving-hekwerk-4-D25-afsch-hek-uitsch-2-hor.jpg\"><img loading=\"lazy\" decoding=\"async\" width=\"1000\" height=\"550\" src=\"https:\/\/swaving.nl\/wp-content\/uploads\/2024\/07\/Swaving-hekwerk-4-D25-afsch-hek-uitsch-2-hor.jpg\" alt=\"\" class=\"wp-image-19866\" srcset=\"https:\/\/swaving.nl\/wp-content\/uploads\/2024\/07\/Swaving-hekwerk-4-D25-afsch-hek-uitsch-2-hor.jpg 1000w, https:\/\/swaving.nl\/wp-content\/uploads\/2024\/07\/Swaving-hekwerk-4-D25-afsch-hek-uitsch-2-hor-300x165.jpg 300w, https:\/\/swaving.nl\/wp-content\/uploads\/2024\/07\/Swaving-hekwerk-4-D25-afsch-hek-uitsch-2-hor-768x422.jpg 768w\" sizes=\"auto, (max-width: 1000px) 100vw, 1000px\" \/><\/a><\/figure>\n\n\n\n<ul class=\"wp-block-list\">\n<li>Lieferbar in verschiedenen L\u00e4ngen<\/li>\n<\/ul>\n<\/div>\n<\/div>\n\n\n\n<figure class=\"wp-block-gallery has-nested-images columns-default is-cropped wp-block-gallery-2 is-layout-flex wp-block-gallery-is-layout-flex\">\n<figure class=\"wp-block-image size-large\"><a href=\"https:\/\/swaving.nl\/wp-content\/uploads\/2024\/07\/Swaving-Afscheidingshekken-Speilhek-IMG_1917.jpg\"><img loading=\"lazy\" decoding=\"async\" width=\"1024\" height=\"768\" data-id=\"19872\" src=\"https:\/\/swaving.nl\/wp-content\/uploads\/2024\/07\/Swaving-Afscheidingshekken-Speilhek-IMG_1917-1024x768.jpg\" alt=\"\" class=\"wp-image-19872\" srcset=\"https:\/\/swaving.nl\/wp-content\/uploads\/2024\/07\/Swaving-Afscheidingshekken-Speilhek-IMG_1917-1024x768.jpg 1024w, https:\/\/swaving.nl\/wp-content\/uploads\/2024\/07\/Swaving-Afscheidingshekken-Speilhek-IMG_1917-300x225.jpg 300w, https:\/\/swaving.nl\/wp-content\/uploads\/2024\/07\/Swaving-Afscheidingshekken-Speilhek-IMG_1917-768x576.jpg 768w, https:\/\/swaving.nl\/wp-content\/uploads\/2024\/07\/Swaving-Afscheidingshekken-Speilhek-IMG_1917.jpg 1440w\" sizes=\"auto, (max-width: 1024px) 100vw, 1024px\" \/><\/a><\/figure>\n\n\n\n<figure class=\"wp-block-image size-large\"><a href=\"https:\/\/swaving.nl\/wp-content\/uploads\/2024\/07\/Swaving-Afscheidingshekken-Speilhek-IMG_1922.jpg\"><img loading=\"lazy\" decoding=\"async\" width=\"1024\" height=\"768\" data-id=\"19875\" src=\"https:\/\/swaving.nl\/wp-content\/uploads\/2024\/07\/Swaving-Afscheidingshekken-Speilhek-IMG_1922-1024x768.jpg\" alt=\"\" class=\"wp-image-19875\" srcset=\"https:\/\/swaving.nl\/wp-content\/uploads\/2024\/07\/Swaving-Afscheidingshekken-Speilhek-IMG_1922-1024x768.jpg 1024w, https:\/\/swaving.nl\/wp-content\/uploads\/2024\/07\/Swaving-Afscheidingshekken-Speilhek-IMG_1922-300x225.jpg 300w, https:\/\/swaving.nl\/wp-content\/uploads\/2024\/07\/Swaving-Afscheidingshekken-Speilhek-IMG_1922-768x576.jpg 768w, https:\/\/swaving.nl\/wp-content\/uploads\/2024\/07\/Swaving-Afscheidingshekken-Speilhek-IMG_1922.jpg 1440w\" sizes=\"auto, (max-width: 1024px) 100vw, 1024px\" \/><\/a><\/figure>\n\n\n\n<figure class=\"wp-block-image size-large\"><a href=\"https:\/\/swaving.nl\/wp-content\/uploads\/2024\/07\/Swaving-Afscheidingshekken-Speilhek-IMG_1558.jpg\"><img loading=\"lazy\" decoding=\"async\" width=\"1024\" height=\"768\" data-id=\"19869\" src=\"https:\/\/swaving.nl\/wp-content\/uploads\/2024\/07\/Swaving-Afscheidingshekken-Speilhek-IMG_1558-1024x768.jpg\" alt=\"\" class=\"wp-image-19869\" srcset=\"https:\/\/swaving.nl\/wp-content\/uploads\/2024\/07\/Swaving-Afscheidingshekken-Speilhek-IMG_1558-1024x768.jpg 1024w, https:\/\/swaving.nl\/wp-content\/uploads\/2024\/07\/Swaving-Afscheidingshekken-Speilhek-IMG_1558-300x225.jpg 300w, https:\/\/swaving.nl\/wp-content\/uploads\/2024\/07\/Swaving-Afscheidingshekken-Speilhek-IMG_1558-768x576.jpg 768w, https:\/\/swaving.nl\/wp-content\/uploads\/2024\/07\/Swaving-Afscheidingshekken-Speilhek-IMG_1558.jpg 1440w\" sizes=\"auto, (max-width: 1024px) 100vw, 1024px\" \/><\/a><\/figure>\n<\/figure>\n\n\n\n<hr class=\"wp-block-separator has-alpha-channel-opacity\"\/>\n\n\n\n<ul class=\"wp-block-list\">\n<li>Alle Z\u00e4une k\u00f6nnen auf Anfrage mit einer Durchgangst\u00fcr ausgestattet werden.<\/li>\n\n\n\n<li>Z\u00e4une werden mit einer Bolzensicherung, Zaunsicherung oder einem Fangteil verriegelt.<\/li>\n\n\n\n<li>Z\u00e4une k\u00f6nnen auch mit Drehteilen nach Wunsch ausgef\u00fchrt werden.<\/li>\n<\/ul>\n\n\n\n<blockquote class=\"wp-block-quote is-layout-flow wp-block-quote-is-layout-flow\">\n<p>Verschiedene Gr\u00f6\u00dfen und Ausf\u00fchrungen sind m\u00f6glich. Mit Swaving Stalltechnik entscheiden Sie sich f\u00fcr Ma\u00dfarbeit und h\u00f6chste Qualit\u00e4t.<\/p>\n<\/blockquote>\n\n\n\n<hr class=\"wp-block-separator has-alpha-channel-opacity\"\/>\n\n\n\n<h3 class=\"wp-block-heading\"><strong>Durchgangst\u00fcr<\/strong><\/h3>\n\n\n\n<div class=\"wp-block-group is-nowrap is-layout-flex wp-container-core-group-is-layout-ad2f72ca wp-block-group-is-layout-flex\">\n<p>Alle Trennz\u00e4une mit Ausnahme des ausziehbaren Trennzauns k\u00f6nnen mit einer Durchgangst\u00fcr geliefert werden.<\/p>\n\n\n\n<figure class=\"wp-block-image size-full\"><a href=\"https:\/\/swaving.nl\/wp-content\/uploads\/2024\/05\/doorlooppoort.jpg\"><img loading=\"lazy\" decoding=\"async\" width=\"100\" height=\"170\" src=\"https:\/\/swaving.nl\/wp-content\/uploads\/2024\/05\/doorlooppoort.jpg\" alt=\"\" class=\"wp-image-1046\"\/><\/a><\/figure>\n<\/div>\n\n\n\n<hr class=\"wp-block-separator has-alpha-channel-opacity\"\/>\n\n\n\n<h2 class=\"wp-block-heading\"><strong>St\u00fctzpfosten<\/strong><\/h2>\n\n\n\n<ul class=\"wp-block-list\">\n<li>St\u00fctzpfosten in verschiedenen St\u00e4rken und H\u00f6hen erh\u00e4ltlich<\/li>\n\n\n\n<li>Mit oder ohne Fu\u00dfplatte, je nach Verwendungszweck<\/li>\n<\/ul>\n","protected":false},"excerpt":{"rendered":"<p>Glasfaser ist mehr als nur Boxen! Das Material eignet sich f\u00fcr Bauwerke wie Z\u00e4une und ist in bestimmten Situationen besser als Stahl oder Holz. Die Vorteile Zaun f\u00fcr die Unterbringung im Stall 1. Trennzaun 2 horizontal 2. Trennzaun mit vertikaler Strebe 3. Trennzaun 3 horizontal 4. Ausziehbarer Trennzaun Verschiedene Gr\u00f6\u00dfen und Ausf\u00fchrungen sind m\u00f6glich. Mit&hellip;<\/p>\n","protected":false},"author":1,"featured_media":1761,"parent":20050,"menu_order":0,"comment_status":"closed","ping_status":"closed","template":"","meta":{"_acf_changed":false,"footnotes":""},"categories":[38],"tags":[],"class_list":["post-20117","page","type-page","status-publish","has-post-thumbnail","hentry","category-stallanlage"],"acf":[],"_links":{"self":[{"href":"https:\/\/swaving.nl\/de\/wp-json\/wp\/v2\/pages\/20117","targetHints":{"allow":["GET"]}}],"collection":[{"href":"https:\/\/swaving.nl\/de\/wp-json\/wp\/v2\/pages"}],"about":[{"href":"https:\/\/swaving.nl\/de\/wp-json\/wp\/v2\/types\/page"}],"author":[{"embeddable":true,"href":"https:\/\/swaving.nl\/de\/wp-json\/wp\/v2\/users\/1"}],"replies":[{"embeddable":true,"href":"https:\/\/swaving.nl\/de\/wp-json\/wp\/v2\/comments?post=20117"}],"version-history":[{"count":5,"href":"https:\/\/swaving.nl\/de\/wp-json\/wp\/v2\/pages\/20117\/revisions"}],"predecessor-version":[{"id":20454,"href":"https:\/\/swaving.nl\/de\/wp-json\/wp\/v2\/pages\/20117\/revisions\/20454"}],"up":[{"embeddable":true,"href":"https:\/\/swaving.nl\/de\/wp-json\/wp\/v2\/pages\/20050"}],"wp:featuredmedia":[{"embeddable":true,"href":"https:\/\/swaving.nl\/de\/wp-json\/wp\/v2\/media\/1761"}],"wp:attachment":[{"href":"https:\/\/swaving.nl\/de\/wp-json\/wp\/v2\/media?parent=20117"}],"wp:term":[{"taxonomy":"category","embeddable":true,"href":"https:\/\/swaving.nl\/de\/wp-json\/wp\/v2\/categories?post=20117"},{"taxonomy":"post_tag","embeddable":true,"href":"https:\/\/swaving.nl\/de\/wp-json\/wp\/v2\/tags?post=20117"}],"curies":[{"name":"wp","href":"https:\/\/api.w.org\/{rel}","templated":true}]}}