{"id":20133,"date":"2024-07-08T14:08:32","date_gmt":"2024-07-08T14:08:32","guid":{"rendered":"https:\/\/swaving.nl\/angebot\/stalleneinrichtung\/trennwand\/"},"modified":"2024-09-10T13:33:23","modified_gmt":"2024-09-10T13:33:23","slug":"trennwand","status":"publish","type":"page","link":"https:\/\/swaving.nl\/de\/angebot\/stalleinrichtung\/trennwand\/","title":{"rendered":"Trennwand"},"content":{"rendered":"\n<h2 class=\"wp-block-heading\">Kniegelenkst\u00fctze \/ kniebaum<\/h2>\n\n\n\n<ul class=\"wp-block-list\">\n<li>Wir liefern Kniegelenkst\u00fctzen in verschiedenen Durchmessern mit passenden Bodenhalterungen.<\/li>\n\n\n\n<li>F\u00fcr Tiefstreu ist eine erh\u00f6hte Kniegelenkst\u00fctze m\u00f6glich.<\/li>\n\n\n\n<li>Die L\u00e4nge der Kniegelenkst\u00fctze variiert je nach Durchmesser.<\/li>\n<\/ul>\n\n\n\n<div class=\"wp-block-columns is-layout-flex wp-container-core-columns-is-layout-9d6595d7 wp-block-columns-is-layout-flex\">\n<div class=\"wp-block-column is-layout-flow wp-block-column-is-layout-flow\">\n<figure class=\"wp-block-image size-full\"><img loading=\"lazy\" decoding=\"async\" width=\"304\" height=\"212\" src=\"https:\/\/swaving.nl\/wp-content\/uploads\/2024\/05\/swaving-stalinrichting-ligboxafscheidingen-knieboomsteun.jpeg\" alt=\"\" class=\"wp-image-1106\" srcset=\"https:\/\/swaving.nl\/wp-content\/uploads\/2024\/05\/swaving-stalinrichting-ligboxafscheidingen-knieboomsteun.jpeg 304w, https:\/\/swaving.nl\/wp-content\/uploads\/2024\/05\/swaving-stalinrichting-ligboxafscheidingen-knieboomsteun-300x209.jpeg 300w\" sizes=\"auto, (max-width: 304px) 100vw, 304px\" \/><\/figure>\n<\/div>\n\n\n\n<div class=\"wp-block-column is-layout-flow wp-block-column-is-layout-flow\">\n<figure class=\"wp-block-image size-full\"><img loading=\"lazy\" decoding=\"async\" width=\"810\" height=\"364\" src=\"https:\/\/swaving.nl\/wp-content\/uploads\/2024\/05\/swaving-stalinrichting-ligboxafscheidingen-knieboomsteun-verhoogd.jpeg\" alt=\"\" class=\"wp-image-1105\" srcset=\"https:\/\/swaving.nl\/wp-content\/uploads\/2024\/05\/swaving-stalinrichting-ligboxafscheidingen-knieboomsteun-verhoogd.jpeg 810w, https:\/\/swaving.nl\/wp-content\/uploads\/2024\/05\/swaving-stalinrichting-ligboxafscheidingen-knieboomsteun-verhoogd-300x135.jpeg 300w, https:\/\/swaving.nl\/wp-content\/uploads\/2024\/05\/swaving-stalinrichting-ligboxafscheidingen-knieboomsteun-verhoogd-768x345.jpeg 768w\" sizes=\"auto, (max-width: 810px) 100vw, 810px\" \/><\/figure>\n<\/div>\n<\/div>\n\n\n\n<figure class=\"wp-block-gallery has-nested-images columns-default is-cropped wp-block-gallery-1 is-layout-flex wp-block-gallery-is-layout-flex\">\n<figure class=\"wp-block-image size-large\"><a href=\"https:\/\/swaving.nl\/wp-content\/uploads\/2024\/05\/swaving-stalinrichting-ligboxafscheidingen-Bregman-1.jpeg\"><img loading=\"lazy\" decoding=\"async\" width=\"1024\" height=\"768\" data-id=\"1097\" src=\"https:\/\/swaving.nl\/wp-content\/uploads\/2024\/05\/swaving-stalinrichting-ligboxafscheidingen-Bregman-1-1024x768.jpeg\" alt=\"\" class=\"wp-image-1097\" srcset=\"https:\/\/swaving.nl\/wp-content\/uploads\/2024\/05\/swaving-stalinrichting-ligboxafscheidingen-Bregman-1-1024x768.jpeg 1024w, https:\/\/swaving.nl\/wp-content\/uploads\/2024\/05\/swaving-stalinrichting-ligboxafscheidingen-Bregman-1-300x225.jpeg 300w, https:\/\/swaving.nl\/wp-content\/uploads\/2024\/05\/swaving-stalinrichting-ligboxafscheidingen-Bregman-1-768x576.jpeg 768w, https:\/\/swaving.nl\/wp-content\/uploads\/2024\/05\/swaving-stalinrichting-ligboxafscheidingen-Bregman-1-1536x1152.jpeg 1536w, https:\/\/swaving.nl\/wp-content\/uploads\/2024\/05\/swaving-stalinrichting-ligboxafscheidingen-Bregman-1.jpeg 1600w\" sizes=\"auto, (max-width: 1024px) 100vw, 1024px\" \/><\/a><\/figure>\n\n\n\n<figure class=\"wp-block-image size-large\"><a href=\"https:\/\/swaving.nl\/wp-content\/uploads\/2024\/05\/swaving-stalinrichting-ligboxafscheidingen-glasfiber-box-gekartelde-buis-verhoogde-knieboom.jpeg\"><img loading=\"lazy\" decoding=\"async\" width=\"768\" height=\"1024\" data-id=\"1101\" src=\"https:\/\/swaving.nl\/wp-content\/uploads\/2024\/05\/swaving-stalinrichting-ligboxafscheidingen-glasfiber-box-gekartelde-buis-verhoogde-knieboom-768x1024.jpeg\" alt=\"\" class=\"wp-image-1101\" srcset=\"https:\/\/swaving.nl\/wp-content\/uploads\/2024\/05\/swaving-stalinrichting-ligboxafscheidingen-glasfiber-box-gekartelde-buis-verhoogde-knieboom-768x1024.jpeg 768w, https:\/\/swaving.nl\/wp-content\/uploads\/2024\/05\/swaving-stalinrichting-ligboxafscheidingen-glasfiber-box-gekartelde-buis-verhoogde-knieboom-225x300.jpeg 225w, https:\/\/swaving.nl\/wp-content\/uploads\/2024\/05\/swaving-stalinrichting-ligboxafscheidingen-glasfiber-box-gekartelde-buis-verhoogde-knieboom.jpeg 900w\" sizes=\"auto, (max-width: 768px) 100vw, 768px\" \/><\/a><\/figure>\n<\/figure>\n\n\n\n<ul class=\"wp-block-list\">\n<li>Die erh\u00f6hte Kniegelenkst\u00fctze wird in (zuk\u00fcnftigen) Tiefstreuboxen eingesetzt.<\/li>\n<\/ul>\n","protected":false},"excerpt":{"rendered":"<p>Kniegelenkst\u00fctze \/ kniebaum<\/p>\n","protected":false},"author":1,"featured_media":1647,"parent":20050,"menu_order":0,"comment_status":"closed","ping_status":"closed","template":"","meta":{"_acf_changed":false,"footnotes":""},"categories":[38],"tags":[],"class_list":["post-20133","page","type-page","status-publish","has-post-thumbnail","hentry","category-stallanlage"],"acf":[],"_links":{"self":[{"href":"https:\/\/swaving.nl\/de\/wp-json\/wp\/v2\/pages\/20133","targetHints":{"allow":["GET"]}}],"collection":[{"href":"https:\/\/swaving.nl\/de\/wp-json\/wp\/v2\/pages"}],"about":[{"href":"https:\/\/swaving.nl\/de\/wp-json\/wp\/v2\/types\/page"}],"author":[{"embeddable":true,"href":"https:\/\/swaving.nl\/de\/wp-json\/wp\/v2\/users\/1"}],"replies":[{"embeddable":true,"href":"https:\/\/swaving.nl\/de\/wp-json\/wp\/v2\/comments?post=20133"}],"version-history":[{"count":2,"href":"https:\/\/swaving.nl\/de\/wp-json\/wp\/v2\/pages\/20133\/revisions"}],"predecessor-version":[{"id":20448,"href":"https:\/\/swaving.nl\/de\/wp-json\/wp\/v2\/pages\/20133\/revisions\/20448"}],"up":[{"embeddable":true,"href":"https:\/\/swaving.nl\/de\/wp-json\/wp\/v2\/pages\/20050"}],"wp:featuredmedia":[{"embeddable":true,"href":"https:\/\/swaving.nl\/de\/wp-json\/wp\/v2\/media\/1647"}],"wp:attachment":[{"href":"https:\/\/swaving.nl\/de\/wp-json\/wp\/v2\/media?parent=20133"}],"wp:term":[{"taxonomy":"category","embeddable":true,"href":"https:\/\/swaving.nl\/de\/wp-json\/wp\/v2\/categories?post=20133"},{"taxonomy":"post_tag","embeddable":true,"href":"https:\/\/swaving.nl\/de\/wp-json\/wp\/v2\/tags?post=20133"}],"curies":[{"name":"wp","href":"https:\/\/api.w.org\/{rel}","templated":true}]}}