{"id":20137,"date":"2024-04-22T15:06:51","date_gmt":"2024-04-22T15:06:51","guid":{"rendered":"https:\/\/swaving.nl\/angebot\/stalleneinrichtung\/kuhbuersten\/"},"modified":"2024-09-10T10:09:54","modified_gmt":"2024-09-10T10:09:54","slug":"kuhbuersten","status":"publish","type":"page","link":"https:\/\/swaving.nl\/de\/angebot\/stalleinrichtung\/kuhbuersten\/","title":{"rendered":"Kuhb\u00fcrsten"},"content":{"rendered":"\n<div class=\"wp-block-columns tekst-compact is-layout-flex wp-container-core-columns-is-layout-9d6595d7 wp-block-columns-is-layout-flex\">\n<div class=\"wp-block-column is-layout-flow wp-block-column-is-layout-flow\">\n<figure class=\"wp-block-image size-full\"><img loading=\"lazy\" decoding=\"async\" width=\"1000\" height=\"1000\" src=\"https:\/\/swaving.nl\/wp-content\/uploads\/2024\/06\/Swavig-koeborstel-comfy.jpg\" alt=\"\" class=\"wp-image-2329\" srcset=\"https:\/\/swaving.nl\/wp-content\/uploads\/2024\/06\/Swavig-koeborstel-comfy.jpg 1000w, https:\/\/swaving.nl\/wp-content\/uploads\/2024\/06\/Swavig-koeborstel-comfy-300x300.jpg 300w, https:\/\/swaving.nl\/wp-content\/uploads\/2024\/06\/Swavig-koeborstel-comfy-150x150.jpg 150w, https:\/\/swaving.nl\/wp-content\/uploads\/2024\/06\/Swavig-koeborstel-comfy-768x768.jpg 768w\" sizes=\"auto, (max-width: 1000px) 100vw, 1000px\" \/><\/figure>\n\n\n\n<h3 class=\"wp-block-heading\"><strong>De Comfybrush<\/strong><\/h3>\n\n\n\n<p>Die rotierende Comfybrush f\u00fcr K\u00fche, in gr\u00fcner Farbe, b\u00fcrstet R\u00fccken, Flanke und Kopf, ist sehr verschlei\u00dffest, robust und verzinkt, verf\u00fcgt \u00fcber eine Stoppverz\u00f6gerung und R\u00fccklaufsicherung und wird steckerfertig geliefert (230 Volt), geeignet f\u00fcr Wand- und S\u00e4ulenmontage. Minimaler bis gar kein Wartungsaufwand, sorgt f\u00fcr eine bessere Kuhleistung und ein gesundes Fell.<\/p>\n\n\n\n<h4 class=\"wp-block-heading\"><strong>Technische Daten<\/strong><\/h4>\n\n\n\n<ul class=\"wp-block-list\">\n<li>Abmessungen (L x H x B): 1200 x 715 x 465 mm<\/li>\n\n\n\n<li>Gewicht: 81 KG<\/li>\n\n\n\n<li>Spanning: 230 v \/ 50 Hz<\/li>\n\n\n\n<li>Motor\/Antrieb: wartungsfrei<\/li>\n\n\n\n<li>Toerental: 30 RPM<\/li>\n\n\n\n<li>Leistung: 0,12 kW<\/li>\n<\/ul>\n<\/div>\n\n\n\n<div class=\"wp-block-column is-layout-flow wp-block-column-is-layout-flow\">\n<figure class=\"wp-block-image size-full\"><img loading=\"lazy\" decoding=\"async\" width=\"1000\" height=\"1000\" src=\"https:\/\/swaving.nl\/wp-content\/uploads\/2024\/06\/Swavig-koeborstel-Suevia-Easycleaner-def.jpg\" alt=\"\" class=\"wp-image-19770\" srcset=\"https:\/\/swaving.nl\/wp-content\/uploads\/2024\/06\/Swavig-koeborstel-Suevia-Easycleaner-def.jpg 1000w, https:\/\/swaving.nl\/wp-content\/uploads\/2024\/06\/Swavig-koeborstel-Suevia-Easycleaner-def-300x300.jpg 300w, https:\/\/swaving.nl\/wp-content\/uploads\/2024\/06\/Swavig-koeborstel-Suevia-Easycleaner-def-150x150.jpg 150w, https:\/\/swaving.nl\/wp-content\/uploads\/2024\/06\/Swavig-koeborstel-Suevia-Easycleaner-def-768x768.jpg 768w\" sizes=\"auto, (max-width: 1000px) 100vw, 1000px\" \/><\/figure>\n\n\n\n<h3 class=\"wp-block-heading\"><strong>Suevia Easycleaner<\/strong><\/h3>\n\n\n\n<p>Die Suevia Kuhb\u00fcrste sorgt f\u00fcr mehr Komfort und optimale Hygiene im Stall. K\u00fche reinigen sich selbst und entfernen Schmutz durch Reiben. Durch das B\u00fcrsten wird au\u00dferdem die Durchblutung der K\u00fche angeregt. Eine gute Durchblutung tr\u00e4gt zu einer h\u00f6heren Milchleistung bei.<\/p>\n\n\n\n<h4 class=\"wp-block-heading\"><strong>Technische Daten<\/strong><\/h4>\n\n\n\n<ul class=\"wp-block-list\">\n<li>Geeignet f\u00fcr bis zu 100 K\u00fche. Um allen Tieren eine gleichm\u00e4\u00dfige und optimale Nutzung der B\u00fcrste zu erm\u00f6glichen, liegt die ideale Anzahl der Tiere pro B\u00fcrste bei ca. 60 Tieren.<\/li>\n\n\n\n<li>H\u00f6henverstellung ca. 28 cm. Durch die pendelnde Aufh\u00e4ngung f\u00fcr Tiere unterschiedlicher Gr\u00f6\u00dfe geeignet.<\/li>\n\n\n\n<li>Einfache Aktivierung durch Ber\u00fchrung der B\u00fcrste durch das Tier. Die Drehrichtung der B\u00fcrste wechselt bei jeder Aktivierung, wodurch sich die B\u00fcrste gleichm\u00e4\u00dfig abnutzt.<\/li>\n\n\n\n<li>Laufzeit eingestellt: ca. 2 min.<\/li>\n<\/ul>\n<\/div>\n\n\n\n<div class=\"wp-block-column is-layout-flow wp-block-column-is-layout-flow\">\n<figure class=\"wp-block-image size-full\"><img loading=\"lazy\" decoding=\"async\" width=\"1000\" height=\"1000\" src=\"https:\/\/swaving.nl\/wp-content\/uploads\/2024\/06\/Swavig-koeborstel-Suevia-Easycleaner-Compact.jpg\" alt=\"\" class=\"wp-image-2335\" srcset=\"https:\/\/swaving.nl\/wp-content\/uploads\/2024\/06\/Swavig-koeborstel-Suevia-Easycleaner-Compact.jpg 1000w, https:\/\/swaving.nl\/wp-content\/uploads\/2024\/06\/Swavig-koeborstel-Suevia-Easycleaner-Compact-300x300.jpg 300w, https:\/\/swaving.nl\/wp-content\/uploads\/2024\/06\/Swavig-koeborstel-Suevia-Easycleaner-Compact-150x150.jpg 150w, https:\/\/swaving.nl\/wp-content\/uploads\/2024\/06\/Swavig-koeborstel-Suevia-Easycleaner-Compact-768x768.jpg 768w\" sizes=\"auto, (max-width: 1000px) 100vw, 1000px\" \/><\/figure>\n\n\n\n<h3 class=\"wp-block-heading\">Suevia Easycleaner Compact<\/h3>\n\n\n\n<p>Durch die schr\u00e4ge Aufh\u00e4ngung ist keine H\u00f6henverstellung erforderlich. Dadurch ist die Easycleaner Kuhb\u00fcrste f\u00fcr alle K\u00fche geeignet. Die Kuhb\u00fcrste ist einfach an der Wand, am Pfosten oder an der S\u00e4ule zu montieren.<\/p>\n<\/div>\n<\/div>\n\n\n\n<hr class=\"wp-block-separator has-alpha-channel-opacity\"\/>\n\n\n\n<p>Wir empfehlen maximal 75 K\u00fche pro Kuhb\u00fcrste. F\u00fcr weitere Informationen k\u00f6nnen Sie jederzeit Kontakt mit uns aufnehmen.<\/p>\n","protected":false},"excerpt":{"rendered":"<p>De Comfybrush Die rotierende Comfybrush f\u00fcr K\u00fche, in gr\u00fcner Farbe, b\u00fcrstet R\u00fccken, Flanke und Kopf, ist sehr verschlei\u00dffest, robust und verzinkt, verf\u00fcgt \u00fcber eine Stoppverz\u00f6gerung und R\u00fccklaufsicherung und wird steckerfertig geliefert (230 Volt), geeignet f\u00fcr Wand- und S\u00e4ulenmontage. Minimaler bis gar kein Wartungsaufwand, sorgt f\u00fcr eine bessere Kuhleistung und ein gesundes Fell. Technische Daten Suevia&hellip;<\/p>\n","protected":false},"author":1,"featured_media":1843,"parent":20050,"menu_order":0,"comment_status":"closed","ping_status":"closed","template":"","meta":{"_acf_changed":false,"footnotes":""},"categories":[38],"tags":[],"class_list":["post-20137","page","type-page","status-publish","has-post-thumbnail","hentry","category-stallanlage"],"acf":[],"_links":{"self":[{"href":"https:\/\/swaving.nl\/de\/wp-json\/wp\/v2\/pages\/20137","targetHints":{"allow":["GET"]}}],"collection":[{"href":"https:\/\/swaving.nl\/de\/wp-json\/wp\/v2\/pages"}],"about":[{"href":"https:\/\/swaving.nl\/de\/wp-json\/wp\/v2\/types\/page"}],"author":[{"embeddable":true,"href":"https:\/\/swaving.nl\/de\/wp-json\/wp\/v2\/users\/1"}],"replies":[{"embeddable":true,"href":"https:\/\/swaving.nl\/de\/wp-json\/wp\/v2\/comments?post=20137"}],"version-history":[{"count":2,"href":"https:\/\/swaving.nl\/de\/wp-json\/wp\/v2\/pages\/20137\/revisions"}],"predecessor-version":[{"id":20428,"href":"https:\/\/swaving.nl\/de\/wp-json\/wp\/v2\/pages\/20137\/revisions\/20428"}],"up":[{"embeddable":true,"href":"https:\/\/swaving.nl\/de\/wp-json\/wp\/v2\/pages\/20050"}],"wp:featuredmedia":[{"embeddable":true,"href":"https:\/\/swaving.nl\/de\/wp-json\/wp\/v2\/media\/1843"}],"wp:attachment":[{"href":"https:\/\/swaving.nl\/de\/wp-json\/wp\/v2\/media?parent=20137"}],"wp:term":[{"taxonomy":"category","embeddable":true,"href":"https:\/\/swaving.nl\/de\/wp-json\/wp\/v2\/categories?post=20137"},{"taxonomy":"post_tag","embeddable":true,"href":"https:\/\/swaving.nl\/de\/wp-json\/wp\/v2\/tags?post=20137"}],"curies":[{"name":"wp","href":"https:\/\/api.w.org\/{rel}","templated":true}]}}