{"id":20143,"date":"2024-04-22T15:07:23","date_gmt":"2024-04-22T15:07:23","guid":{"rendered":"https:\/\/swaving.nl\/angebot\/stalleneinrichtung\/kunststoff\/"},"modified":"2024-09-10T10:45:18","modified_gmt":"2024-09-10T10:45:18","slug":"kunststoff","status":"publish","type":"page","link":"https:\/\/swaving.nl\/de\/angebot\/stalleinrichtung\/kunststoff\/","title":{"rendered":"Kunststoff"},"content":{"rendered":"\n<p><strong>Ideal am Ende der Boxenreihe, als T\u00fcr zum Melkstand oder hinter den Wassertr\u00f6gen zu verwenden. Sehr hygienisch durch die glatte Oberfl\u00e4che.<\/strong><p data-sourcepos=\"7:1-7:118\"><\/p><\/p>\n\n\n\n<p>Kunststoffw\u00e4nde 5 cm dick, verschiedene Ma\u00dfe erh\u00e4ltlich. \u00c4u\u00dferst robust und langlebig! Auch mit U-Profilen erh\u00e4ltlich.<\/p>\n\n\n\n<figure class=\"wp-block-gallery has-nested-images columns-2 is-cropped wp-block-gallery-1 is-layout-flex wp-block-gallery-is-layout-flex\">\n<figure class=\"wp-block-image size-large\"><a href=\"https:\/\/swaving.nl\/wp-content\/uploads\/2024\/06\/Swavig-kunststofwand-1.jpg\"><img loading=\"lazy\" decoding=\"async\" width=\"1024\" height=\"768\" data-id=\"2359\" src=\"https:\/\/swaving.nl\/wp-content\/uploads\/2024\/06\/Swavig-kunststofwand-1-1024x768.jpg\" alt=\"\" class=\"wp-image-2359\" srcset=\"https:\/\/swaving.nl\/wp-content\/uploads\/2024\/06\/Swavig-kunststofwand-1-1024x768.jpg 1024w, https:\/\/swaving.nl\/wp-content\/uploads\/2024\/06\/Swavig-kunststofwand-1-300x225.jpg 300w, https:\/\/swaving.nl\/wp-content\/uploads\/2024\/06\/Swavig-kunststofwand-1-768x576.jpg 768w, https:\/\/swaving.nl\/wp-content\/uploads\/2024\/06\/Swavig-kunststofwand-1.jpg 1440w\" sizes=\"auto, (max-width: 1024px) 100vw, 1024px\" \/><\/a><\/figure>\n\n\n\n<figure class=\"wp-block-image size-large\"><a href=\"https:\/\/swaving.nl\/wp-content\/uploads\/2024\/06\/Swavig-kunststofwand-3.jpg\"><img loading=\"lazy\" decoding=\"async\" width=\"1024\" height=\"768\" data-id=\"2353\" src=\"https:\/\/swaving.nl\/wp-content\/uploads\/2024\/06\/Swavig-kunststofwand-3-1024x768.jpg\" alt=\"\" class=\"wp-image-2353\" srcset=\"https:\/\/swaving.nl\/wp-content\/uploads\/2024\/06\/Swavig-kunststofwand-3-1024x768.jpg 1024w, https:\/\/swaving.nl\/wp-content\/uploads\/2024\/06\/Swavig-kunststofwand-3-300x225.jpg 300w, https:\/\/swaving.nl\/wp-content\/uploads\/2024\/06\/Swavig-kunststofwand-3-768x576.jpg 768w, https:\/\/swaving.nl\/wp-content\/uploads\/2024\/06\/Swavig-kunststofwand-3.jpg 1440w\" sizes=\"auto, (max-width: 1024px) 100vw, 1024px\" \/><\/a><\/figure>\n\n\n\n<figure class=\"wp-block-image size-large\"><a href=\"https:\/\/swaving.nl\/wp-content\/uploads\/2024\/06\/Swavig-kunststofwand-2.jpg\"><img loading=\"lazy\" decoding=\"async\" width=\"1024\" height=\"768\" data-id=\"2356\" src=\"https:\/\/swaving.nl\/wp-content\/uploads\/2024\/06\/Swavig-kunststofwand-2-1024x768.jpg\" alt=\"\" class=\"wp-image-2356\" srcset=\"https:\/\/swaving.nl\/wp-content\/uploads\/2024\/06\/Swavig-kunststofwand-2-1024x768.jpg 1024w, https:\/\/swaving.nl\/wp-content\/uploads\/2024\/06\/Swavig-kunststofwand-2-300x225.jpg 300w, https:\/\/swaving.nl\/wp-content\/uploads\/2024\/06\/Swavig-kunststofwand-2-768x576.jpg 768w, https:\/\/swaving.nl\/wp-content\/uploads\/2024\/06\/Swavig-kunststofwand-2.jpg 1440w\" sizes=\"auto, (max-width: 1024px) 100vw, 1024px\" \/><\/a><\/figure>\n\n\n\n<figure class=\"wp-block-image size-large\"><a href=\"https:\/\/swaving.nl\/wp-content\/uploads\/2024\/05\/swaving-kunststof-wanden-kunststof_wand.jpeg\"><img loading=\"lazy\" decoding=\"async\" width=\"250\" height=\"200\" data-id=\"1274\" src=\"https:\/\/swaving.nl\/wp-content\/uploads\/2024\/05\/swaving-kunststof-wanden-kunststof_wand.jpeg\" alt=\"\" class=\"wp-image-1274\"\/><\/a><\/figure>\n<\/figure>\n\n\n\n<hr class=\"wp-block-separator has-alpha-channel-opacity\"\/>\n\n\n\n<h3 class=\"wp-block-heading\">Roboterbereiche<\/h3>\n\n\n\n<figure class=\"wp-block-gallery has-nested-images columns-2 is-cropped wp-block-gallery-2 is-layout-flex wp-block-gallery-is-layout-flex\">\n<figure class=\"wp-block-image size-large\"><a href=\"https:\/\/swaving.nl\/wp-content\/uploads\/2024\/05\/swaving-kunststof-wanden-20191125_151428.jpeg\"><img loading=\"lazy\" decoding=\"async\" width=\"1024\" height=\"768\" data-id=\"1271\" src=\"https:\/\/swaving.nl\/wp-content\/uploads\/2024\/05\/swaving-kunststof-wanden-20191125_151428-1024x768.jpeg\" alt=\"\" class=\"wp-image-1271\" srcset=\"https:\/\/swaving.nl\/wp-content\/uploads\/2024\/05\/swaving-kunststof-wanden-20191125_151428-1024x768.jpeg 1024w, https:\/\/swaving.nl\/wp-content\/uploads\/2024\/05\/swaving-kunststof-wanden-20191125_151428-300x225.jpeg 300w, https:\/\/swaving.nl\/wp-content\/uploads\/2024\/05\/swaving-kunststof-wanden-20191125_151428-768x576.jpeg 768w, https:\/\/swaving.nl\/wp-content\/uploads\/2024\/05\/swaving-kunststof-wanden-20191125_151428-1536x1152.jpeg 1536w, https:\/\/swaving.nl\/wp-content\/uploads\/2024\/05\/swaving-kunststof-wanden-20191125_151428.jpeg 1600w\" sizes=\"auto, (max-width: 1024px) 100vw, 1024px\" \/><\/a><\/figure>\n\n\n\n<figure class=\"wp-block-image size-large\"><a href=\"https:\/\/swaving.nl\/wp-content\/uploads\/2024\/05\/swaving-kunststof-wanden-20191125_151447.jpeg\"><img loading=\"lazy\" decoding=\"async\" width=\"1024\" height=\"768\" data-id=\"1272\" src=\"https:\/\/swaving.nl\/wp-content\/uploads\/2024\/05\/swaving-kunststof-wanden-20191125_151447-1024x768.jpeg\" alt=\"\" class=\"wp-image-1272\" srcset=\"https:\/\/swaving.nl\/wp-content\/uploads\/2024\/05\/swaving-kunststof-wanden-20191125_151447-1024x768.jpeg 1024w, https:\/\/swaving.nl\/wp-content\/uploads\/2024\/05\/swaving-kunststof-wanden-20191125_151447-300x225.jpeg 300w, https:\/\/swaving.nl\/wp-content\/uploads\/2024\/05\/swaving-kunststof-wanden-20191125_151447-768x576.jpeg 768w, https:\/\/swaving.nl\/wp-content\/uploads\/2024\/05\/swaving-kunststof-wanden-20191125_151447-1536x1152.jpeg 1536w, https:\/\/swaving.nl\/wp-content\/uploads\/2024\/05\/swaving-kunststof-wanden-20191125_151447.jpeg 1600w\" sizes=\"auto, (max-width: 1024px) 100vw, 1024px\" \/><\/a><\/figure>\n\n\n\n<figure class=\"wp-block-image size-large\"><a href=\"https:\/\/swaving.nl\/wp-content\/uploads\/2024\/05\/swaving-kunststof-wanden-kunststofplaat-overslagsluiting.jpeg\"><img loading=\"lazy\" decoding=\"async\" width=\"1024\" height=\"768\" data-id=\"1275\" src=\"https:\/\/swaving.nl\/wp-content\/uploads\/2024\/05\/swaving-kunststof-wanden-kunststofplaat-overslagsluiting-1024x768.jpeg\" alt=\"\" class=\"wp-image-1275\" srcset=\"https:\/\/swaving.nl\/wp-content\/uploads\/2024\/05\/swaving-kunststof-wanden-kunststofplaat-overslagsluiting-1024x768.jpeg 1024w, https:\/\/swaving.nl\/wp-content\/uploads\/2024\/05\/swaving-kunststof-wanden-kunststofplaat-overslagsluiting-300x225.jpeg 300w, https:\/\/swaving.nl\/wp-content\/uploads\/2024\/05\/swaving-kunststof-wanden-kunststofplaat-overslagsluiting-768x576.jpeg 768w, https:\/\/swaving.nl\/wp-content\/uploads\/2024\/05\/swaving-kunststof-wanden-kunststofplaat-overslagsluiting-1536x1152.jpeg 1536w, https:\/\/swaving.nl\/wp-content\/uploads\/2024\/05\/swaving-kunststof-wanden-kunststofplaat-overslagsluiting.jpeg 1600w\" sizes=\"auto, (max-width: 1024px) 100vw, 1024px\" \/><\/a><\/figure>\n\n\n\n<figure class=\"wp-block-image size-large\"><a href=\"https:\/\/swaving.nl\/wp-content\/uploads\/2024\/05\/swaving-kunststof-wanden-Kunststofwand-2-horizontale-buishek1.jpeg\"><img loading=\"lazy\" decoding=\"async\" width=\"1024\" height=\"576\" data-id=\"1276\" src=\"https:\/\/swaving.nl\/wp-content\/uploads\/2024\/05\/swaving-kunststof-wanden-Kunststofwand-2-horizontale-buishek1-1024x576.jpeg\" alt=\"\" class=\"wp-image-1276\" srcset=\"https:\/\/swaving.nl\/wp-content\/uploads\/2024\/05\/swaving-kunststof-wanden-Kunststofwand-2-horizontale-buishek1-1024x576.jpeg 1024w, https:\/\/swaving.nl\/wp-content\/uploads\/2024\/05\/swaving-kunststof-wanden-Kunststofwand-2-horizontale-buishek1-300x169.jpeg 300w, https:\/\/swaving.nl\/wp-content\/uploads\/2024\/05\/swaving-kunststof-wanden-Kunststofwand-2-horizontale-buishek1-768x432.jpeg 768w, https:\/\/swaving.nl\/wp-content\/uploads\/2024\/05\/swaving-kunststof-wanden-Kunststofwand-2-horizontale-buishek1.jpeg 1280w\" sizes=\"auto, (max-width: 1024px) 100vw, 1024px\" \/><\/a><\/figure>\n<\/figure>\n\n\n\n<hr class=\"wp-block-separator has-alpha-channel-opacity\"\/>\n\n\n\n<h3 class=\"wp-block-heading\">K\u00e4lberbox<\/h3>\n\n\n\n<figure class=\"wp-block-image size-full\"><img loading=\"lazy\" decoding=\"async\" width=\"436\" height=\"291\" src=\"https:\/\/swaving.nl\/wp-content\/uploads\/2024\/05\/swaving-kunststof-wanden-29-kalverhok.jpeg\" alt=\"\" class=\"wp-image-1270\" srcset=\"https:\/\/swaving.nl\/wp-content\/uploads\/2024\/05\/swaving-kunststof-wanden-29-kalverhok.jpeg 436w, https:\/\/swaving.nl\/wp-content\/uploads\/2024\/05\/swaving-kunststof-wanden-29-kalverhok-300x200.jpeg 300w\" sizes=\"auto, (max-width: 436px) 100vw, 436px\" \/><\/figure>\n\n\n\n<ul class=\"wp-block-list\">\n<li>Die Paneele eignen sich auch f\u00fcr den Bau von K\u00e4lberboxen.<\/li>\n<\/ul>\n","protected":false},"excerpt":{"rendered":"<p>Ideal am Ende der Boxenreihe, als T\u00fcr zum Melkstand oder hinter den Wassertr\u00f6gen zu verwenden. Sehr hygienisch durch die glatte Oberfl\u00e4che. Kunststoffw\u00e4nde 5 cm dick, verschiedene Ma\u00dfe erh\u00e4ltlich. \u00c4u\u00dferst robust und langlebig! Auch mit U-Profilen erh\u00e4ltlich. Roboterbereiche K\u00e4lberbox<\/p>\n","protected":false},"author":1,"featured_media":1849,"parent":20050,"menu_order":0,"comment_status":"closed","ping_status":"closed","template":"","meta":{"_acf_changed":false,"footnotes":""},"categories":[38],"tags":[],"class_list":["post-20143","page","type-page","status-publish","has-post-thumbnail","hentry","category-stallanlage"],"acf":[],"_links":{"self":[{"href":"https:\/\/swaving.nl\/de\/wp-json\/wp\/v2\/pages\/20143","targetHints":{"allow":["GET"]}}],"collection":[{"href":"https:\/\/swaving.nl\/de\/wp-json\/wp\/v2\/pages"}],"about":[{"href":"https:\/\/swaving.nl\/de\/wp-json\/wp\/v2\/types\/page"}],"author":[{"embeddable":true,"href":"https:\/\/swaving.nl\/de\/wp-json\/wp\/v2\/users\/1"}],"replies":[{"embeddable":true,"href":"https:\/\/swaving.nl\/de\/wp-json\/wp\/v2\/comments?post=20143"}],"version-history":[{"count":2,"href":"https:\/\/swaving.nl\/de\/wp-json\/wp\/v2\/pages\/20143\/revisions"}],"predecessor-version":[{"id":20430,"href":"https:\/\/swaving.nl\/de\/wp-json\/wp\/v2\/pages\/20143\/revisions\/20430"}],"up":[{"embeddable":true,"href":"https:\/\/swaving.nl\/de\/wp-json\/wp\/v2\/pages\/20050"}],"wp:featuredmedia":[{"embeddable":true,"href":"https:\/\/swaving.nl\/de\/wp-json\/wp\/v2\/media\/1849"}],"wp:attachment":[{"href":"https:\/\/swaving.nl\/de\/wp-json\/wp\/v2\/media?parent=20143"}],"wp:term":[{"taxonomy":"category","embeddable":true,"href":"https:\/\/swaving.nl\/de\/wp-json\/wp\/v2\/categories?post=20143"},{"taxonomy":"post_tag","embeddable":true,"href":"https:\/\/swaving.nl\/de\/wp-json\/wp\/v2\/tags?post=20143"}],"curies":[{"name":"wp","href":"https:\/\/api.w.org\/{rel}","templated":true}]}}