{"id":20147,"date":"2024-04-22T15:06:27","date_gmt":"2024-04-22T15:06:27","guid":{"rendered":"https:\/\/swaving.nl\/angebot\/stalleneinrichtung\/mistmischer\/"},"modified":"2024-09-10T12:34:36","modified_gmt":"2024-09-10T12:34:36","slug":"mistmischer","status":"publish","type":"page","link":"https:\/\/swaving.nl\/de\/angebot\/stalleinrichtung\/mistmischer\/","title":{"rendered":"Mistmischer"},"content":{"rendered":"\n<p><strong>Wij k\u00f6nnen nahezu das gesamte Sortiment von Buschmann liefern, sowohl elektrisch als auch mit Zapfwellenantrieb. Einige Modelle lassen sich sogar kombinieren.<\/strong><p data-sourcepos=\"7:1-7:88\"><\/p><\/p>\n\n\n\n<figure class=\"wp-block-gallery has-nested-images columns-default is-cropped wp-block-gallery-1 is-layout-flex wp-block-gallery-is-layout-flex\">\n<figure class=\"wp-block-image size-full\"><a href=\"https:\/\/swaving.nl\/wp-content\/uploads\/2024\/05\/swaving-mestmixers-buschmann-mixer.jpeg\"><img loading=\"lazy\" decoding=\"async\" width=\"321\" height=\"208\" data-id=\"1256\" src=\"https:\/\/swaving.nl\/wp-content\/uploads\/2024\/05\/swaving-mestmixers-buschmann-mixer.jpeg\" alt=\"\" class=\"wp-image-1256\" srcset=\"https:\/\/swaving.nl\/wp-content\/uploads\/2024\/05\/swaving-mestmixers-buschmann-mixer.jpeg 321w, https:\/\/swaving.nl\/wp-content\/uploads\/2024\/05\/swaving-mestmixers-buschmann-mixer-300x194.jpeg 300w\" sizes=\"auto, (max-width: 321px) 100vw, 321px\" \/><\/a><\/figure>\n\n\n\n<figure class=\"wp-block-image size-full\"><a href=\"https:\/\/swaving.nl\/wp-content\/uploads\/2024\/05\/swaving-mestmixers-Electrische-mixer.jpeg\"><img loading=\"lazy\" decoding=\"async\" width=\"1280\" height=\"960\" data-id=\"1257\" src=\"https:\/\/swaving.nl\/wp-content\/uploads\/2024\/05\/swaving-mestmixers-Electrische-mixer.jpeg\" alt=\"\" class=\"wp-image-1257\" srcset=\"https:\/\/swaving.nl\/wp-content\/uploads\/2024\/05\/swaving-mestmixers-Electrische-mixer.jpeg 1280w, https:\/\/swaving.nl\/wp-content\/uploads\/2024\/05\/swaving-mestmixers-Electrische-mixer-300x225.jpeg 300w, https:\/\/swaving.nl\/wp-content\/uploads\/2024\/05\/swaving-mestmixers-Electrische-mixer-1024x768.jpeg 1024w, https:\/\/swaving.nl\/wp-content\/uploads\/2024\/05\/swaving-mestmixers-Electrische-mixer-768x576.jpeg 768w\" sizes=\"auto, (max-width: 1280px) 100vw, 1280px\" \/><\/a><\/figure>\n<\/figure>\n\n\n\n<p>Zapfwellenbetriebener Mischer, standardm\u00e4\u00dfig mit einer Zapfwellenstummel f\u00fcr den Traktor ausgestattet. Kann auch mit einem Dreipunktgest\u00e4nge mit den gew\u00fcnschten Einstellm\u00f6glichkeiten (hydraulisch oder Spindelverstellung) ausgestattet werden. Der robuste, vollst\u00e4ndig verzinkte Mischer ist mit einer Motorhaube ausgestattet, die komplett mit einem \u00d8 600 mm Hochleistungsproppellers und einem Propellerrahmen ausgestattet ist, sowie mit einer verstellbaren St\u00fctzbock.<\/p>\n\n\n\n<figure class=\"wp-block-image size-full is-resized\"><img loading=\"lazy\" decoding=\"async\" width=\"1008\" height=\"279\" src=\"https:\/\/swaving.nl\/wp-content\/uploads\/2024\/05\/swaving-mestmixers-33-mix.jpeg\" alt=\"\" class=\"wp-image-1255\" style=\"width:652px;height:auto\" srcset=\"https:\/\/swaving.nl\/wp-content\/uploads\/2024\/05\/swaving-mestmixers-33-mix.jpeg 1008w, https:\/\/swaving.nl\/wp-content\/uploads\/2024\/05\/swaving-mestmixers-33-mix-300x83.jpeg 300w, https:\/\/swaving.nl\/wp-content\/uploads\/2024\/05\/swaving-mestmixers-33-mix-768x213.jpeg 768w\" sizes=\"auto, (max-width: 1008px) 100vw, 1008px\" \/><\/figure>\n\n\n\n<ul class=\"wp-block-list\">\n<li>Einbauzarge mit F\u00fchrungsschiene, -platten und Wandbefestigung.<\/li>\n<\/ul>\n","protected":false},"excerpt":{"rendered":"<p>Wij k\u00f6nnen nahezu das gesamte Sortiment von Buschmann liefern, sowohl elektrisch als auch mit Zapfwellenantrieb. Einige Modelle lassen sich sogar kombinieren. Zapfwellenbetriebener Mischer, standardm\u00e4\u00dfig mit einer Zapfwellenstummel f\u00fcr den Traktor ausgestattet. Kann auch mit einem Dreipunktgest\u00e4nge mit den gew\u00fcnschten Einstellm\u00f6glichkeiten (hydraulisch oder Spindelverstellung) ausgestattet werden. Der robuste, vollst\u00e4ndig verzinkte Mischer ist mit einer Motorhaube ausgestattet,&hellip;<\/p>\n","protected":false},"author":1,"featured_media":1839,"parent":20050,"menu_order":0,"comment_status":"closed","ping_status":"closed","template":"","meta":{"_acf_changed":false,"footnotes":""},"categories":[38],"tags":[],"class_list":["post-20147","page","type-page","status-publish","has-post-thumbnail","hentry","category-stallanlage"],"acf":[],"_links":{"self":[{"href":"https:\/\/swaving.nl\/de\/wp-json\/wp\/v2\/pages\/20147","targetHints":{"allow":["GET"]}}],"collection":[{"href":"https:\/\/swaving.nl\/de\/wp-json\/wp\/v2\/pages"}],"about":[{"href":"https:\/\/swaving.nl\/de\/wp-json\/wp\/v2\/types\/page"}],"author":[{"embeddable":true,"href":"https:\/\/swaving.nl\/de\/wp-json\/wp\/v2\/users\/1"}],"replies":[{"embeddable":true,"href":"https:\/\/swaving.nl\/de\/wp-json\/wp\/v2\/comments?post=20147"}],"version-history":[{"count":2,"href":"https:\/\/swaving.nl\/de\/wp-json\/wp\/v2\/pages\/20147\/revisions"}],"predecessor-version":[{"id":20438,"href":"https:\/\/swaving.nl\/de\/wp-json\/wp\/v2\/pages\/20147\/revisions\/20438"}],"up":[{"embeddable":true,"href":"https:\/\/swaving.nl\/de\/wp-json\/wp\/v2\/pages\/20050"}],"wp:featuredmedia":[{"embeddable":true,"href":"https:\/\/swaving.nl\/de\/wp-json\/wp\/v2\/media\/1839"}],"wp:attachment":[{"href":"https:\/\/swaving.nl\/de\/wp-json\/wp\/v2\/media?parent=20147"}],"wp:term":[{"taxonomy":"category","embeddable":true,"href":"https:\/\/swaving.nl\/de\/wp-json\/wp\/v2\/categories?post=20147"},{"taxonomy":"post_tag","embeddable":true,"href":"https:\/\/swaving.nl\/de\/wp-json\/wp\/v2\/tags?post=20147"}],"curies":[{"name":"wp","href":"https:\/\/api.w.org\/{rel}","templated":true}]}}