{"id":20149,"date":"2024-04-22T15:05:38","date_gmt":"2024-04-22T15:05:38","guid":{"rendered":"https:\/\/swaving.nl\/angebot\/stalleneinrichtung\/mistkratzer\/"},"modified":"2024-09-12T07:39:57","modified_gmt":"2024-09-12T07:39:57","slug":"mistkratzer","status":"publish","type":"page","link":"https:\/\/swaving.nl\/de\/angebot\/stalleinrichtung\/mistkratzer\/","title":{"rendered":"Mistkratzer"},"content":{"rendered":"\n<p><strong>Swaving liefert, wartet und installiert verschiedene Arten von Mistkratzern (Kabelkratzer, Kettenkratzer).<\/strong><\/p>\n\n\n\n<p>Mistkratzer mit Antrieb sind sowohl f\u00fcr Gitterb\u00f6den als auch f\u00fcr feste B\u00f6den geeignet. W\u00e4hlen Sie den richtigen, austauschbaren Schaber, der sich gut an den spezifischen Untergrund anpasst. So genie\u00dfen Sie immer eine optimale Reinigung und eine hygienische Stallumgebung.<\/p>\n\n\n\n<hr class=\"wp-block-separator has-alpha-channel-opacity\"\/>\n\n\n\n<h2 class=\"wp-block-heading\"><strong>Mistschieber BeTeBe<\/strong><\/h2>\n\n\n\n<p>Dieser neue Mistschieber ist sehr robust und da das System nicht st\u00e4ndig unter Spannung steht, hat er eine l\u00e4ngere Lebensdauer. Schieber, Eckr\u00e4der und Rolle sind aus Edelstahl gefertigt, so dass sie auch in Kombination mit G\u00fclle lange halten. Das Steuerger\u00e4t, das zu diesem Schieber geh\u00f6rt, ist sehr einfach zu bedienen.<\/p>\n\n\n\n<figure class=\"wp-block-gallery has-nested-images columns-3 is-cropped wp-block-gallery-1 is-layout-flex wp-block-gallery-is-layout-flex\">\n<figure class=\"wp-block-image size-large\"><a href=\"https:\/\/swaving.nl\/wp-content\/uploads\/2024\/05\/swaving-mestschuiven-BeTeBe-mestschuif2.jpeg\"><img loading=\"lazy\" decoding=\"async\" width=\"768\" height=\"1024\" data-id=\"1210\" src=\"https:\/\/swaving.nl\/wp-content\/uploads\/2024\/05\/swaving-mestschuiven-BeTeBe-mestschuif2-768x1024.jpeg\" alt=\"\" class=\"wp-image-1210\" srcset=\"https:\/\/swaving.nl\/wp-content\/uploads\/2024\/05\/swaving-mestschuiven-BeTeBe-mestschuif2-768x1024.jpeg 768w, https:\/\/swaving.nl\/wp-content\/uploads\/2024\/05\/swaving-mestschuiven-BeTeBe-mestschuif2-225x300.jpeg 225w, https:\/\/swaving.nl\/wp-content\/uploads\/2024\/05\/swaving-mestschuiven-BeTeBe-mestschuif2.jpeg 900w\" sizes=\"auto, (max-width: 768px) 100vw, 768px\" \/><\/a><\/figure>\n\n\n\n<figure class=\"wp-block-image size-large\"><a href=\"https:\/\/swaving.nl\/wp-content\/uploads\/2024\/05\/swaving-mestschuiven-Besturingskast-BeTeBe.jpeg\"><img loading=\"lazy\" decoding=\"async\" width=\"719\" height=\"1024\" data-id=\"1209\" src=\"https:\/\/swaving.nl\/wp-content\/uploads\/2024\/05\/swaving-mestschuiven-Besturingskast-BeTeBe-719x1024.jpeg\" alt=\"\" class=\"wp-image-1209\" srcset=\"https:\/\/swaving.nl\/wp-content\/uploads\/2024\/05\/swaving-mestschuiven-Besturingskast-BeTeBe-719x1024.jpeg 719w, https:\/\/swaving.nl\/wp-content\/uploads\/2024\/05\/swaving-mestschuiven-Besturingskast-BeTeBe-211x300.jpeg 211w, https:\/\/swaving.nl\/wp-content\/uploads\/2024\/05\/swaving-mestschuiven-Besturingskast-BeTeBe-768x1093.jpeg 768w, https:\/\/swaving.nl\/wp-content\/uploads\/2024\/05\/swaving-mestschuiven-Besturingskast-BeTeBe.jpeg 843w\" sizes=\"auto, (max-width: 719px) 100vw, 719px\" \/><\/a><\/figure>\n\n\n\n<figure class=\"wp-block-image size-large\"><a href=\"https:\/\/swaving.nl\/wp-content\/uploads\/2024\/05\/swaving-mestschuif-EcK-Antriebstation-links-von-hinten.jpg\"><img loading=\"lazy\" decoding=\"async\" width=\"1024\" height=\"768\" data-id=\"1249\" src=\"https:\/\/swaving.nl\/wp-content\/uploads\/2024\/05\/swaving-mestschuif-EcK-Antriebstation-links-von-hinten.jpg\" alt=\"\" class=\"wp-image-1249\" srcset=\"https:\/\/swaving.nl\/wp-content\/uploads\/2024\/05\/swaving-mestschuif-EcK-Antriebstation-links-von-hinten.jpg 1024w, https:\/\/swaving.nl\/wp-content\/uploads\/2024\/05\/swaving-mestschuif-EcK-Antriebstation-links-von-hinten-300x225.jpg 300w, https:\/\/swaving.nl\/wp-content\/uploads\/2024\/05\/swaving-mestschuif-EcK-Antriebstation-links-von-hinten-768x576.jpg 768w\" sizes=\"auto, (max-width: 1024px) 100vw, 1024px\" \/><\/a><\/figure>\n\n\n\n<figure class=\"wp-block-image size-large\"><a href=\"https:\/\/swaving.nl\/wp-content\/uploads\/2024\/05\/swaving-mestschuif-IMG_0905.jpg\"><img loading=\"lazy\" decoding=\"async\" width=\"1024\" height=\"768\" data-id=\"1246\" src=\"https:\/\/swaving.nl\/wp-content\/uploads\/2024\/05\/swaving-mestschuif-IMG_0905-1024x768.jpg\" alt=\"\" class=\"wp-image-1246\" srcset=\"https:\/\/swaving.nl\/wp-content\/uploads\/2024\/05\/swaving-mestschuif-IMG_0905-1024x768.jpg 1024w, https:\/\/swaving.nl\/wp-content\/uploads\/2024\/05\/swaving-mestschuif-IMG_0905-300x225.jpg 300w, https:\/\/swaving.nl\/wp-content\/uploads\/2024\/05\/swaving-mestschuif-IMG_0905-768x576.jpg 768w, https:\/\/swaving.nl\/wp-content\/uploads\/2024\/05\/swaving-mestschuif-IMG_0905.jpg 1440w\" sizes=\"auto, (max-width: 1024px) 100vw, 1024px\" \/><\/a><\/figure>\n\n\n\n<figure class=\"wp-block-image size-large\"><a href=\"https:\/\/swaving.nl\/wp-content\/uploads\/2024\/05\/swaving-mestschuif-EPZF5050.jpg\"><img loading=\"lazy\" decoding=\"async\" width=\"1024\" height=\"768\" data-id=\"1248\" src=\"https:\/\/swaving.nl\/wp-content\/uploads\/2024\/05\/swaving-mestschuif-EPZF5050-1024x768.jpg\" alt=\"\" class=\"wp-image-1248\" srcset=\"https:\/\/swaving.nl\/wp-content\/uploads\/2024\/05\/swaving-mestschuif-EPZF5050-1024x768.jpg 1024w, https:\/\/swaving.nl\/wp-content\/uploads\/2024\/05\/swaving-mestschuif-EPZF5050-300x225.jpg 300w, https:\/\/swaving.nl\/wp-content\/uploads\/2024\/05\/swaving-mestschuif-EPZF5050-768x576.jpg 768w, https:\/\/swaving.nl\/wp-content\/uploads\/2024\/05\/swaving-mestschuif-EPZF5050.jpg 1440w\" sizes=\"auto, (max-width: 1024px) 100vw, 1024px\" \/><\/a><\/figure>\n\n\n\n<figure class=\"wp-block-image size-large\"><a href=\"https:\/\/swaving.nl\/wp-content\/uploads\/2024\/05\/swaving-mestschuif-IMG_E7210.jpg\"><img loading=\"lazy\" decoding=\"async\" width=\"1024\" height=\"576\" data-id=\"1243\" src=\"https:\/\/swaving.nl\/wp-content\/uploads\/2024\/05\/swaving-mestschuif-IMG_E7210-1024x576.jpg\" alt=\"\" class=\"wp-image-1243\" srcset=\"https:\/\/swaving.nl\/wp-content\/uploads\/2024\/05\/swaving-mestschuif-IMG_E7210-1024x576.jpg 1024w, https:\/\/swaving.nl\/wp-content\/uploads\/2024\/05\/swaving-mestschuif-IMG_E7210-300x169.jpg 300w, https:\/\/swaving.nl\/wp-content\/uploads\/2024\/05\/swaving-mestschuif-IMG_E7210-768x432.jpg 768w, https:\/\/swaving.nl\/wp-content\/uploads\/2024\/05\/swaving-mestschuif-IMG_E7210.jpg 1440w\" sizes=\"auto, (max-width: 1024px) 100vw, 1024px\" \/><\/a><\/figure>\n<\/figure>\n\n\n\n<h3 class=\"wp-block-heading\"><strong>Super-Clean Schieber<\/strong><\/h3>\n\n\n\n<figure class=\"wp-block-gallery has-nested-images columns-default is-cropped wp-block-gallery-2 is-layout-flex wp-block-gallery-is-layout-flex\">\n<figure class=\"wp-block-image size-large\"><a href=\"https:\/\/swaving.nl\/wp-content\/uploads\/2024\/05\/swaving-mestschuif-IMG_3793.jpg\"><img loading=\"lazy\" decoding=\"async\" width=\"1024\" height=\"683\" data-id=\"1245\" src=\"https:\/\/swaving.nl\/wp-content\/uploads\/2024\/05\/swaving-mestschuif-IMG_3793-1024x683.jpg\" alt=\"\" class=\"wp-image-1245\" srcset=\"https:\/\/swaving.nl\/wp-content\/uploads\/2024\/05\/swaving-mestschuif-IMG_3793-1024x683.jpg 1024w, https:\/\/swaving.nl\/wp-content\/uploads\/2024\/05\/swaving-mestschuif-IMG_3793-300x200.jpg 300w, https:\/\/swaving.nl\/wp-content\/uploads\/2024\/05\/swaving-mestschuif-IMG_3793-768x512.jpg 768w, https:\/\/swaving.nl\/wp-content\/uploads\/2024\/05\/swaving-mestschuif-IMG_3793.jpg 1152w\" sizes=\"auto, (max-width: 1024px) 100vw, 1024px\" \/><\/a><\/figure>\n\n\n\n<figure class=\"wp-block-image size-large\"><a href=\"https:\/\/swaving.nl\/wp-content\/uploads\/2024\/05\/swaving-mestschuif-IMG_E7207.jpg\"><img loading=\"lazy\" decoding=\"async\" width=\"1024\" height=\"576\" data-id=\"1244\" src=\"https:\/\/swaving.nl\/wp-content\/uploads\/2024\/05\/swaving-mestschuif-IMG_E7207-1024x576.jpg\" alt=\"\" class=\"wp-image-1244\" srcset=\"https:\/\/swaving.nl\/wp-content\/uploads\/2024\/05\/swaving-mestschuif-IMG_E7207-1024x576.jpg 1024w, https:\/\/swaving.nl\/wp-content\/uploads\/2024\/05\/swaving-mestschuif-IMG_E7207-300x169.jpg 300w, https:\/\/swaving.nl\/wp-content\/uploads\/2024\/05\/swaving-mestschuif-IMG_E7207-768x432.jpg 768w, https:\/\/swaving.nl\/wp-content\/uploads\/2024\/05\/swaving-mestschuif-IMG_E7207.jpg 1440w\" sizes=\"auto, (max-width: 1024px) 100vw, 1024px\" \/><\/a><\/figure>\n<\/figure>\n\n\n\n<h4 class=\"wp-block-heading\">Eigenschaften der Betebe Mistschieber<\/h4>\n\n\n\n<ul class=\"wp-block-list\">\n<li>Reinigt die Gitter und die Seiten der Boxen intensiv.<\/li>\n\n\n\n<li>Die Kunststoffprofile im Schieber sind flexibel und \u00e4u\u00dferst verschlei\u00dffest.<\/li>\n\n\n\n<li>H\u00f6he und Breite der Kunststoffprofile sind stufenlos<\/li>\n\n\n\n<li>Einstellbar und nachstellbar, dies garantiert eine optimale Anpassung des Schiebers an den Mistschlauch.<\/li>\n\n\n\n<li>Bei einem Gitterboden senkt sich der Schieber leicht in den Spalt ein, wodurch anhaftender Mist besser gel\u00f6st wird.<\/li>\n\n\n\n<li>Reinigt von Eckrad zu Eckrad.<\/li>\n\n\n\n<li>Auch als \u00fcberfahrbarer Mistschieber erh\u00e4ltlich.<\/li>\n\n\n\n<li>Ist niedrig und hat keine scharfen Teile.<\/li>\n\n\n\n<li>Ist komplett feuerverzinkt.<\/li>\n\n\n\n<li>Ist wartungsfreundlich.<\/li>\n\n\n\n<li>Ist erh\u00e4ltlich f\u00fcr Stahlseil-, Seil-, Ketten- und hydraulische Installationen<\/li>\n<\/ul>\n\n\n\n<figure class=\"wp-block-gallery has-nested-images columns-default is-cropped wp-block-gallery-3 is-layout-flex wp-block-gallery-is-layout-flex\">\n<figure class=\"wp-block-image size-large\"><a href=\"https:\/\/swaving.nl\/wp-content\/uploads\/2024\/05\/swaving-mestschuif-IMG_0870.jpg\"><img loading=\"lazy\" decoding=\"async\" width=\"1024\" height=\"768\" data-id=\"1247\" src=\"https:\/\/swaving.nl\/wp-content\/uploads\/2024\/05\/swaving-mestschuif-IMG_0870-1024x768.jpg\" alt=\"\" class=\"wp-image-1247\" srcset=\"https:\/\/swaving.nl\/wp-content\/uploads\/2024\/05\/swaving-mestschuif-IMG_0870-1024x768.jpg 1024w, https:\/\/swaving.nl\/wp-content\/uploads\/2024\/05\/swaving-mestschuif-IMG_0870-300x225.jpg 300w, https:\/\/swaving.nl\/wp-content\/uploads\/2024\/05\/swaving-mestschuif-IMG_0870-768x576.jpg 768w, https:\/\/swaving.nl\/wp-content\/uploads\/2024\/05\/swaving-mestschuif-IMG_0870.jpg 1440w\" sizes=\"auto, (max-width: 1024px) 100vw, 1024px\" \/><\/a><\/figure>\n\n\n\n<figure class=\"wp-block-image size-large\"><a href=\"https:\/\/swaving.nl\/wp-content\/uploads\/2024\/05\/swaving-mestschuif-afbeelding.jpg\"><img loading=\"lazy\" decoding=\"async\" width=\"1024\" height=\"768\" data-id=\"1250\" src=\"https:\/\/swaving.nl\/wp-content\/uploads\/2024\/05\/swaving-mestschuif-afbeelding-1024x768.jpg\" alt=\"\" class=\"wp-image-1250\" srcset=\"https:\/\/swaving.nl\/wp-content\/uploads\/2024\/05\/swaving-mestschuif-afbeelding-1024x768.jpg 1024w, https:\/\/swaving.nl\/wp-content\/uploads\/2024\/05\/swaving-mestschuif-afbeelding-300x225.jpg 300w, https:\/\/swaving.nl\/wp-content\/uploads\/2024\/05\/swaving-mestschuif-afbeelding-768x576.jpg 768w, https:\/\/swaving.nl\/wp-content\/uploads\/2024\/05\/swaving-mestschuif-afbeelding.jpg 1280w\" sizes=\"auto, (max-width: 1024px) 100vw, 1024px\" \/><\/a><\/figure>\n<\/figure>\n\n\n\n<hr class=\"wp-block-separator has-alpha-channel-opacity\"\/>\n\n\n\n<h2 class=\"wp-block-heading\"><strong>SmartScraper<\/strong><\/h2>\n\n\n\n<figure class=\"wp-block-gallery has-nested-images columns-default is-cropped wp-block-gallery-4 is-layout-flex wp-block-gallery-is-layout-flex\">\n<figure class=\"wp-block-image size-large\"><a href=\"https:\/\/swaving.nl\/wp-content\/uploads\/2024\/05\/swaving-mestschuif-smartscraper-IMG_0081.jpg\"><img loading=\"lazy\" decoding=\"async\" width=\"1024\" height=\"768\" data-id=\"1240\" src=\"https:\/\/swaving.nl\/wp-content\/uploads\/2024\/05\/swaving-mestschuif-smartscraper-IMG_0081-1024x768.jpg\" alt=\"\" class=\"wp-image-1240\" srcset=\"https:\/\/swaving.nl\/wp-content\/uploads\/2024\/05\/swaving-mestschuif-smartscraper-IMG_0081-1024x768.jpg 1024w, https:\/\/swaving.nl\/wp-content\/uploads\/2024\/05\/swaving-mestschuif-smartscraper-IMG_0081-300x225.jpg 300w, https:\/\/swaving.nl\/wp-content\/uploads\/2024\/05\/swaving-mestschuif-smartscraper-IMG_0081-768x576.jpg 768w, https:\/\/swaving.nl\/wp-content\/uploads\/2024\/05\/swaving-mestschuif-smartscraper-IMG_0081.jpg 1440w\" sizes=\"auto, (max-width: 1024px) 100vw, 1024px\" \/><\/a><\/figure>\n\n\n\n<figure class=\"wp-block-image size-large\"><a href=\"https:\/\/swaving.nl\/wp-content\/uploads\/2024\/05\/swaving-mestschuif-smartscraper-IMG_0075.jpg\"><img loading=\"lazy\" decoding=\"async\" width=\"1024\" height=\"768\" data-id=\"1239\" src=\"https:\/\/swaving.nl\/wp-content\/uploads\/2024\/05\/swaving-mestschuif-smartscraper-IMG_0075-1024x768.jpg\" alt=\"\" class=\"wp-image-1239\" srcset=\"https:\/\/swaving.nl\/wp-content\/uploads\/2024\/05\/swaving-mestschuif-smartscraper-IMG_0075-1024x768.jpg 1024w, https:\/\/swaving.nl\/wp-content\/uploads\/2024\/05\/swaving-mestschuif-smartscraper-IMG_0075-300x225.jpg 300w, https:\/\/swaving.nl\/wp-content\/uploads\/2024\/05\/swaving-mestschuif-smartscraper-IMG_0075-768x576.jpg 768w, https:\/\/swaving.nl\/wp-content\/uploads\/2024\/05\/swaving-mestschuif-smartscraper-IMG_0075.jpg 1440w\" sizes=\"auto, (max-width: 1024px) 100vw, 1024px\" \/><\/a><\/figure>\n\n\n\n<figure class=\"wp-block-image size-large\"><a href=\"https:\/\/swaving.nl\/wp-content\/uploads\/2024\/05\/swaving-mestschuif-smartscraper-IMG_7229.jpg\"><img loading=\"lazy\" decoding=\"async\" width=\"1024\" height=\"768\" data-id=\"1241\" src=\"https:\/\/swaving.nl\/wp-content\/uploads\/2024\/05\/swaving-mestschuif-smartscraper-IMG_7229-1024x768.jpg\" alt=\"\" class=\"wp-image-1241\" srcset=\"https:\/\/swaving.nl\/wp-content\/uploads\/2024\/05\/swaving-mestschuif-smartscraper-IMG_7229-1024x768.jpg 1024w, https:\/\/swaving.nl\/wp-content\/uploads\/2024\/05\/swaving-mestschuif-smartscraper-IMG_7229-300x225.jpg 300w, https:\/\/swaving.nl\/wp-content\/uploads\/2024\/05\/swaving-mestschuif-smartscraper-IMG_7229-768x576.jpg 768w, https:\/\/swaving.nl\/wp-content\/uploads\/2024\/05\/swaving-mestschuif-smartscraper-IMG_7229.jpg 1440w\" sizes=\"auto, (max-width: 1024px) 100vw, 1024px\" \/><\/a><\/figure>\n\n\n\n<figure class=\"wp-block-image size-large\"><a href=\"https:\/\/swaving.nl\/wp-content\/uploads\/2024\/05\/swaving-header-mestschuif-smartscraper.jpg\"><img loading=\"lazy\" decoding=\"async\" width=\"1024\" height=\"331\" data-id=\"1237\" src=\"https:\/\/swaving.nl\/wp-content\/uploads\/2024\/05\/swaving-header-mestschuif-smartscraper-1024x331.jpg\" alt=\"\" class=\"wp-image-1237\" srcset=\"https:\/\/swaving.nl\/wp-content\/uploads\/2024\/05\/swaving-header-mestschuif-smartscraper-1024x331.jpg 1024w, https:\/\/swaving.nl\/wp-content\/uploads\/2024\/05\/swaving-header-mestschuif-smartscraper-300x97.jpg 300w, https:\/\/swaving.nl\/wp-content\/uploads\/2024\/05\/swaving-header-mestschuif-smartscraper-768x248.jpg 768w, https:\/\/swaving.nl\/wp-content\/uploads\/2024\/05\/swaving-header-mestschuif-smartscraper-1536x496.jpg 1536w, https:\/\/swaving.nl\/wp-content\/uploads\/2024\/05\/swaving-header-mestschuif-smartscraper.jpg 1920w\" sizes=\"auto, (max-width: 1024px) 100vw, 1024px\" \/><\/a><\/figure>\n<\/figure>\n\n\n\n<hr class=\"wp-block-separator has-alpha-channel-opacity\"\/>\n\n\n\n<h2 class=\"wp-block-heading\"><strong>\u00dcberfahrbarer Mistschieber<\/strong><\/h2>\n\n\n\n<p>Wussten Sie, dass wir Mistkratzer verkaufen, \u00fcber die Sie leicht fahren k\u00f6nnen? Die halbrunden Arme dieses Schiebers sind rund und niedrig. Durch zus\u00e4tzliches Gewicht in beiden Armen hat der Schieber einen guten Druck und Sie erhalten ein sch\u00f6nes sauberes Ergebnis.<\/p>\n\n\n\n<figure class=\"wp-block-gallery has-nested-images columns-default is-cropped wp-block-gallery-5 is-layout-flex wp-block-gallery-is-layout-flex\">\n<figure class=\"wp-block-image size-full\"><a href=\"https:\/\/swaving.nl\/wp-content\/uploads\/2024\/04\/Swaving-Overrijdbare-mestschuif-3.png\"><img loading=\"lazy\" decoding=\"async\" width=\"553\" height=\"679\" data-id=\"396\" src=\"https:\/\/swaving.nl\/wp-content\/uploads\/2024\/04\/Swaving-Overrijdbare-mestschuif-3.png\" alt=\"\" class=\"wp-image-396\" srcset=\"https:\/\/swaving.nl\/wp-content\/uploads\/2024\/04\/Swaving-Overrijdbare-mestschuif-3.png 553w, https:\/\/swaving.nl\/wp-content\/uploads\/2024\/04\/Swaving-Overrijdbare-mestschuif-3-244x300.png 244w\" sizes=\"auto, (max-width: 553px) 100vw, 553px\" \/><\/a><\/figure>\n\n\n\n<figure class=\"wp-block-image size-full\"><a href=\"https:\/\/swaving.nl\/wp-content\/uploads\/2024\/04\/Swaving-Overrijdbare-mestschuif-2.png\"><img loading=\"lazy\" decoding=\"async\" width=\"557\" height=\"741\" data-id=\"395\" src=\"https:\/\/swaving.nl\/wp-content\/uploads\/2024\/04\/Swaving-Overrijdbare-mestschuif-2.png\" alt=\"\" class=\"wp-image-395\" srcset=\"https:\/\/swaving.nl\/wp-content\/uploads\/2024\/04\/Swaving-Overrijdbare-mestschuif-2.png 557w, https:\/\/swaving.nl\/wp-content\/uploads\/2024\/04\/Swaving-Overrijdbare-mestschuif-2-226x300.png 226w\" sizes=\"auto, (max-width: 557px) 100vw, 557px\" \/><\/a><\/figure>\n\n\n\n<figure class=\"wp-block-image size-full\"><a href=\"https:\/\/swaving.nl\/wp-content\/uploads\/2024\/04\/Swaving-Overrijdbare-mestschuif-1.png\"><img loading=\"lazy\" decoding=\"async\" width=\"615\" height=\"782\" data-id=\"394\" src=\"https:\/\/swaving.nl\/wp-content\/uploads\/2024\/04\/Swaving-Overrijdbare-mestschuif-1.png\" alt=\"\" class=\"wp-image-394\" srcset=\"https:\/\/swaving.nl\/wp-content\/uploads\/2024\/04\/Swaving-Overrijdbare-mestschuif-1.png 615w, https:\/\/swaving.nl\/wp-content\/uploads\/2024\/04\/Swaving-Overrijdbare-mestschuif-1-236x300.png 236w\" sizes=\"auto, (max-width: 615px) 100vw, 615px\" \/><\/a><\/figure>\n<\/figure>\n","protected":false},"excerpt":{"rendered":"<p>Swaving liefert, wartet und installiert verschiedene Arten von Mistkratzern (Kabelkratzer, Kettenkratzer). Mistkratzer mit Antrieb sind sowohl f\u00fcr Gitterb\u00f6den als auch f\u00fcr feste B\u00f6den geeignet. W\u00e4hlen Sie den richtigen, austauschbaren Schaber, der sich gut an den spezifischen Untergrund anpasst. So genie\u00dfen Sie immer eine optimale Reinigung und eine hygienische Stallumgebung. Mistschieber BeTeBe Dieser neue Mistschieber ist&hellip;<\/p>\n","protected":false},"author":1,"featured_media":1813,"parent":20050,"menu_order":0,"comment_status":"closed","ping_status":"closed","template":"","meta":{"_acf_changed":false,"footnotes":""},"categories":[38],"tags":[],"class_list":["post-20149","page","type-page","status-publish","has-post-thumbnail","hentry","category-stallanlage"],"acf":[],"_links":{"self":[{"href":"https:\/\/swaving.nl\/de\/wp-json\/wp\/v2\/pages\/20149","targetHints":{"allow":["GET"]}}],"collection":[{"href":"https:\/\/swaving.nl\/de\/wp-json\/wp\/v2\/pages"}],"about":[{"href":"https:\/\/swaving.nl\/de\/wp-json\/wp\/v2\/types\/page"}],"author":[{"embeddable":true,"href":"https:\/\/swaving.nl\/de\/wp-json\/wp\/v2\/users\/1"}],"replies":[{"embeddable":true,"href":"https:\/\/swaving.nl\/de\/wp-json\/wp\/v2\/comments?post=20149"}],"version-history":[{"count":3,"href":"https:\/\/swaving.nl\/de\/wp-json\/wp\/v2\/pages\/20149\/revisions"}],"predecessor-version":[{"id":20476,"href":"https:\/\/swaving.nl\/de\/wp-json\/wp\/v2\/pages\/20149\/revisions\/20476"}],"up":[{"embeddable":true,"href":"https:\/\/swaving.nl\/de\/wp-json\/wp\/v2\/pages\/20050"}],"wp:featuredmedia":[{"embeddable":true,"href":"https:\/\/swaving.nl\/de\/wp-json\/wp\/v2\/media\/1813"}],"wp:attachment":[{"href":"https:\/\/swaving.nl\/de\/wp-json\/wp\/v2\/media?parent=20149"}],"wp:term":[{"taxonomy":"category","embeddable":true,"href":"https:\/\/swaving.nl\/de\/wp-json\/wp\/v2\/categories?post=20149"},{"taxonomy":"post_tag","embeddable":true,"href":"https:\/\/swaving.nl\/de\/wp-json\/wp\/v2\/tags?post=20149"}],"curies":[{"name":"wp","href":"https:\/\/api.w.org\/{rel}","templated":true}]}}