{"id":20157,"date":"2024-06-10T08:15:30","date_gmt":"2024-06-10T08:15:30","guid":{"rendered":"https:\/\/swaving.nl\/angebot\/stalleneinrichtung\/viehtor\/"},"modified":"2024-09-10T13:53:24","modified_gmt":"2024-09-10T13:53:24","slug":"viehtor","status":"publish","type":"page","link":"https:\/\/swaving.nl\/de\/angebot\/stalleinrichtung\/viehtor\/","title":{"rendered":"Viehtor"},"content":{"rendered":"\n<h2 class=\"wp-block-heading\">Handbet\u00e4tigter Schrankenbaum<\/h2>\n\n\n\n<p>Seit einigen Jahren in unserem Sortiment und in vielen Situationen eine L\u00f6sung: ein sehr einfach zu bedienender handbet\u00e4tigter Schrankenbaum. Funktioniert mit einer Feder. Robuste Konstruktion, drehbar und einschiebbar mit Verriegelung. Erh\u00e4ltlich mit passenden Auffangteilen.<\/p>\n\n\n\n<figure class=\"wp-block-gallery has-nested-images columns-default is-cropped wp-block-gallery-1 is-layout-flex wp-block-gallery-is-layout-flex\">\n<figure class=\"wp-block-image size-large\"><a href=\"https:\/\/swaving.nl\/wp-content\/uploads\/2024\/05\/swaving-stalinrichting-Slagboom.jpg\"><img loading=\"lazy\" decoding=\"async\" width=\"1024\" height=\"768\" data-id=\"1022\" src=\"https:\/\/swaving.nl\/wp-content\/uploads\/2024\/05\/swaving-stalinrichting-Slagboom-1024x768.jpg\" alt=\"\" class=\"wp-image-1022\" srcset=\"https:\/\/swaving.nl\/wp-content\/uploads\/2024\/05\/swaving-stalinrichting-Slagboom-1024x768.jpg 1024w, https:\/\/swaving.nl\/wp-content\/uploads\/2024\/05\/swaving-stalinrichting-Slagboom-300x225.jpg 300w, https:\/\/swaving.nl\/wp-content\/uploads\/2024\/05\/swaving-stalinrichting-Slagboom-768x576.jpg 768w, https:\/\/swaving.nl\/wp-content\/uploads\/2024\/05\/swaving-stalinrichting-Slagboom-1536x1152.jpg 1536w, https:\/\/swaving.nl\/wp-content\/uploads\/2024\/05\/swaving-stalinrichting-Slagboom.jpg 1920w\" sizes=\"auto, (max-width: 1024px) 100vw, 1024px\" \/><\/a><\/figure>\n\n\n\n<figure class=\"wp-block-image size-large\"><a href=\"https:\/\/swaving.nl\/wp-content\/uploads\/2024\/05\/swaving-slagboom.jpg\"><img loading=\"lazy\" decoding=\"async\" width=\"300\" height=\"351\" data-id=\"1030\" src=\"https:\/\/swaving.nl\/wp-content\/uploads\/2024\/05\/swaving-slagboom.jpg\" alt=\"\" class=\"wp-image-1030\" srcset=\"https:\/\/swaving.nl\/wp-content\/uploads\/2024\/05\/swaving-slagboom.jpg 300w, https:\/\/swaving.nl\/wp-content\/uploads\/2024\/05\/swaving-slagboom-256x300.jpg 256w\" sizes=\"auto, (max-width: 300px) 100vw, 300px\" \/><\/a><\/figure>\n<\/figure>\n\n\n\n<figure class=\"wp-block-image size-large\"><img loading=\"lazy\" decoding=\"async\" width=\"1024\" height=\"274\" src=\"https:\/\/swaving.nl\/wp-content\/uploads\/2024\/09\/slagboom-met-gasveer-1024x274.jpg\" alt=\"\" class=\"wp-image-20367\" srcset=\"https:\/\/swaving.nl\/wp-content\/uploads\/2024\/09\/slagboom-met-gasveer-1024x274.jpg 1024w, https:\/\/swaving.nl\/wp-content\/uploads\/2024\/09\/slagboom-met-gasveer-300x80.jpg 300w, https:\/\/swaving.nl\/wp-content\/uploads\/2024\/09\/slagboom-met-gasveer-768x205.jpg 768w, https:\/\/swaving.nl\/wp-content\/uploads\/2024\/09\/slagboom-met-gasveer-1536x411.jpg 1536w, https:\/\/swaving.nl\/wp-content\/uploads\/2024\/09\/slagboom-met-gasveer.jpg 1600w\" sizes=\"auto, (max-width: 1024px) 100vw, 1024px\" \/><\/figure>\n\n\n\n<hr class=\"wp-block-separator has-alpha-channel-opacity\"\/>\n\n\n\n<h2 class=\"wp-block-heading\">Schrankenbaum, Einzelrohr<\/h2>\n\n\n\n<figure class=\"wp-block-image size-full\"><img loading=\"lazy\" decoding=\"async\" width=\"991\" height=\"449\" src=\"https:\/\/swaving.nl\/wp-content\/uploads\/2024\/09\/16-slagboom.jpg\" alt=\"\" class=\"wp-image-20370\" srcset=\"https:\/\/swaving.nl\/wp-content\/uploads\/2024\/09\/16-slagboom.jpg 991w, https:\/\/swaving.nl\/wp-content\/uploads\/2024\/09\/16-slagboom-300x136.jpg 300w, https:\/\/swaving.nl\/wp-content\/uploads\/2024\/09\/16-slagboom-768x348.jpg 768w\" sizes=\"auto, (max-width: 991px) 100vw, 991px\" \/><\/figure>\n","protected":false},"excerpt":{"rendered":"<p>Handbet\u00e4tigter Schrankenbaum Seit einigen Jahren in unserem Sortiment und in vielen Situationen eine L\u00f6sung: ein sehr einfach zu bedienender handbet\u00e4tigter Schrankenbaum. Funktioniert mit einer Feder. Robuste Konstruktion, drehbar und einschiebbar mit Verriegelung. Erh\u00e4ltlich mit passenden Auffangteilen. Schrankenbaum, Einzelrohr<\/p>\n","protected":false},"author":1,"featured_media":1603,"parent":20050,"menu_order":0,"comment_status":"closed","ping_status":"closed","template":"","meta":{"_acf_changed":false,"footnotes":""},"categories":[38],"tags":[],"class_list":["post-20157","page","type-page","status-publish","has-post-thumbnail","hentry","category-stallanlage"],"acf":[],"_links":{"self":[{"href":"https:\/\/swaving.nl\/de\/wp-json\/wp\/v2\/pages\/20157","targetHints":{"allow":["GET"]}}],"collection":[{"href":"https:\/\/swaving.nl\/de\/wp-json\/wp\/v2\/pages"}],"about":[{"href":"https:\/\/swaving.nl\/de\/wp-json\/wp\/v2\/types\/page"}],"author":[{"embeddable":true,"href":"https:\/\/swaving.nl\/de\/wp-json\/wp\/v2\/users\/1"}],"replies":[{"embeddable":true,"href":"https:\/\/swaving.nl\/de\/wp-json\/wp\/v2\/comments?post=20157"}],"version-history":[{"count":2,"href":"https:\/\/swaving.nl\/de\/wp-json\/wp\/v2\/pages\/20157\/revisions"}],"predecessor-version":[{"id":20450,"href":"https:\/\/swaving.nl\/de\/wp-json\/wp\/v2\/pages\/20157\/revisions\/20450"}],"up":[{"embeddable":true,"href":"https:\/\/swaving.nl\/de\/wp-json\/wp\/v2\/pages\/20050"}],"wp:featuredmedia":[{"embeddable":true,"href":"https:\/\/swaving.nl\/de\/wp-json\/wp\/v2\/media\/1603"}],"wp:attachment":[{"href":"https:\/\/swaving.nl\/de\/wp-json\/wp\/v2\/media?parent=20157"}],"wp:term":[{"taxonomy":"category","embeddable":true,"href":"https:\/\/swaving.nl\/de\/wp-json\/wp\/v2\/categories?post=20157"},{"taxonomy":"post_tag","embeddable":true,"href":"https:\/\/swaving.nl\/de\/wp-json\/wp\/v2\/tags?post=20157"}],"curies":[{"name":"wp","href":"https:\/\/api.w.org\/{rel}","templated":true}]}}