{"id":20161,"date":"2024-04-22T15:00:28","date_gmt":"2024-04-22T15:00:28","guid":{"rendered":"https:\/\/swaving.nl\/angebot\/stalleneinrichtung\/stalleneinrichtung\/"},"modified":"2024-09-12T07:35:14","modified_gmt":"2024-09-12T07:35:14","slug":"stalleneinrichtung","status":"publish","type":"page","link":"https:\/\/swaving.nl\/de\/angebot\/stalleinrichtung\/stalleneinrichtung\/","title":{"rendered":"Stalleinrichtung"},"content":{"rendered":"\n<p>Swaving Slochteren Stalltechnik hat die Stalltechnik als Hauptgesch\u00e4ftszweig. Dank unserer langj\u00e4hrigen Erfahrung im In- und Ausland k\u00f6nnen wir Ihnen ein umfassendes Leistungspaket anbieten.<\/p>\n\n\n\n<figure class=\"wp-block-gallery has-nested-images columns-default is-cropped wp-block-gallery-1 is-layout-flex wp-block-gallery-is-layout-flex\">\n<figure class=\"wp-block-image size-large\"><a href=\"https:\/\/swaving.nl\/wp-content\/uploads\/2024\/05\/swaving-stalinrichting-Veiligheidsvoerhek.jpg\"><img loading=\"lazy\" decoding=\"async\" width=\"1024\" height=\"576\" data-id=\"1023\" src=\"https:\/\/swaving.nl\/wp-content\/uploads\/2024\/05\/swaving-stalinrichting-Veiligheidsvoerhek-1024x576.jpg\" alt=\"\" class=\"wp-image-1023\" srcset=\"https:\/\/swaving.nl\/wp-content\/uploads\/2024\/05\/swaving-stalinrichting-Veiligheidsvoerhek-1024x576.jpg 1024w, https:\/\/swaving.nl\/wp-content\/uploads\/2024\/05\/swaving-stalinrichting-Veiligheidsvoerhek-300x169.jpg 300w, https:\/\/swaving.nl\/wp-content\/uploads\/2024\/05\/swaving-stalinrichting-Veiligheidsvoerhek-768x432.jpg 768w, https:\/\/swaving.nl\/wp-content\/uploads\/2024\/05\/swaving-stalinrichting-Veiligheidsvoerhek-1536x864.jpg 1536w, https:\/\/swaving.nl\/wp-content\/uploads\/2024\/05\/swaving-stalinrichting-Veiligheidsvoerhek.jpg 1600w\" sizes=\"auto, (max-width: 1024px) 100vw, 1024px\" \/><\/a><\/figure>\n\n\n\n<figure class=\"wp-block-image size-large\"><a href=\"https:\/\/swaving.nl\/wp-content\/uploads\/2024\/05\/Swaving-Hollands-Klepel-1577.jpg\"><img loading=\"lazy\" decoding=\"async\" width=\"1024\" height=\"768\" data-id=\"1021\" src=\"https:\/\/swaving.nl\/wp-content\/uploads\/2024\/05\/Swaving-Hollands-Klepel-1577-1024x768.jpg\" alt=\"\" class=\"wp-image-1021\" srcset=\"https:\/\/swaving.nl\/wp-content\/uploads\/2024\/05\/Swaving-Hollands-Klepel-1577-1024x768.jpg 1024w, https:\/\/swaving.nl\/wp-content\/uploads\/2024\/05\/Swaving-Hollands-Klepel-1577-300x225.jpg 300w, https:\/\/swaving.nl\/wp-content\/uploads\/2024\/05\/Swaving-Hollands-Klepel-1577-768x576.jpg 768w, https:\/\/swaving.nl\/wp-content\/uploads\/2024\/05\/Swaving-Hollands-Klepel-1577-1536x1152.jpg 1536w, https:\/\/swaving.nl\/wp-content\/uploads\/2024\/05\/Swaving-Hollands-Klepel-1577.jpg 1920w\" sizes=\"auto, (max-width: 1024px) 100vw, 1024px\" \/><\/a><\/figure>\n<\/figure>\n\n\n\n<p>Swaving basiert auf dem Prinzip der Einheitlichkeit im Stall. Gut, solide und \u00fcbersichtlich.<\/p>\n\n\n\n<h4 class=\"wp-block-heading\">Umrechnung von Zollma\u00dfen in Rohrdiameter in mm<\/h4>\n\n\n\n<figure class=\"wp-block-table\"><table><thead><tr><th>Daumen<\/th><th>Durchmesser (mm)<\/th><\/tr><\/thead><tbody><tr><td>1,5\u2033<\/td><td>48,3<\/td><\/tr><tr><td>2\u2033<\/td><td>60,3<\/td><\/tr><tr><td>2,5\u2033<\/td><td>76,1<\/td><\/tr><tr><td>3\u2033<\/td><td>88,9<\/td><\/tr><tr><td>3,5\u2033<\/td><td>101,6<\/td><\/tr><tr><td>4\u2033<\/td><td>114,3<\/td><\/tr><tr><td>4,5\u2033 <\/td><td>130<\/td><\/tr><tr><td>5\u2033<\/td><td>160<\/td><\/tr><\/tbody><\/table><\/figure>\n\n\n\n<h2 class=\"wp-block-heading\">Gehen Sie direkt zu:<\/h2>\n\n\n\n<div class=\"wp-block-buttons is-layout-flex wp-block-buttons-is-layout-flex\">\n<div class=\"wp-block-button\"><a class=\"wp-block-button__link wp-element-button\" href=\"https:\/\/swaving.nl\/de\/angebot\/stalleinrichtung\/swaving-flexbox\/\">Liegeboxentrennung<\/a><\/div>\n\n\n\n<div class=\"wp-block-button\"><a class=\"wp-block-button__link wp-element-button\" href=\"https:\/\/swaving.nl\/de\/angebot\/stalleinrichtung\/zaun\/\">Umz\u00e4unung<\/a><\/div>\n<\/div>\n\n\n\n<div style=\"height:34px\" aria-hidden=\"true\" class=\"wp-block-spacer\"><\/div>\n\n\n\n<p><\/p>\n","protected":false},"excerpt":{"rendered":"<p>Swaving Slochteren Stalltechnik hat die Stalltechnik als Hauptgesch\u00e4ftszweig. Dank unserer langj\u00e4hrigen Erfahrung im In- und Ausland k\u00f6nnen wir Ihnen ein umfassendes Leistungspaket anbieten. Swaving basiert auf dem Prinzip der Einheitlichkeit im Stall. Gut, solide und \u00fcbersichtlich. Umrechnung von Zollma\u00dfen in Rohrdiameter in mm Daumen Durchmesser (mm) 1,5\u2033 48,3 2\u2033 60,3 2,5\u2033 76,1 3\u2033 88,9 3,5\u2033&hellip;<\/p>\n","protected":false},"author":1,"featured_media":1753,"parent":20050,"menu_order":0,"comment_status":"closed","ping_status":"closed","template":"","meta":{"_acf_changed":false,"footnotes":""},"categories":[38],"tags":[],"class_list":["post-20161","page","type-page","status-publish","has-post-thumbnail","hentry","category-stallanlage"],"acf":[],"_links":{"self":[{"href":"https:\/\/swaving.nl\/de\/wp-json\/wp\/v2\/pages\/20161","targetHints":{"allow":["GET"]}}],"collection":[{"href":"https:\/\/swaving.nl\/de\/wp-json\/wp\/v2\/pages"}],"about":[{"href":"https:\/\/swaving.nl\/de\/wp-json\/wp\/v2\/types\/page"}],"author":[{"embeddable":true,"href":"https:\/\/swaving.nl\/de\/wp-json\/wp\/v2\/users\/1"}],"replies":[{"embeddable":true,"href":"https:\/\/swaving.nl\/de\/wp-json\/wp\/v2\/comments?post=20161"}],"version-history":[{"count":4,"href":"https:\/\/swaving.nl\/de\/wp-json\/wp\/v2\/pages\/20161\/revisions"}],"predecessor-version":[{"id":20474,"href":"https:\/\/swaving.nl\/de\/wp-json\/wp\/v2\/pages\/20161\/revisions\/20474"}],"up":[{"embeddable":true,"href":"https:\/\/swaving.nl\/de\/wp-json\/wp\/v2\/pages\/20050"}],"wp:featuredmedia":[{"embeddable":true,"href":"https:\/\/swaving.nl\/de\/wp-json\/wp\/v2\/media\/1753"}],"wp:attachment":[{"href":"https:\/\/swaving.nl\/de\/wp-json\/wp\/v2\/media?parent=20161"}],"wp:term":[{"taxonomy":"category","embeddable":true,"href":"https:\/\/swaving.nl\/de\/wp-json\/wp\/v2\/categories?post=20161"},{"taxonomy":"post_tag","embeddable":true,"href":"https:\/\/swaving.nl\/de\/wp-json\/wp\/v2\/tags?post=20161"}],"curies":[{"name":"wp","href":"https:\/\/api.w.org\/{rel}","templated":true}]}}