{"id":20165,"date":"2024-04-22T15:01:12","date_gmt":"2024-04-22T15:01:12","guid":{"rendered":"https:\/\/swaving.nl\/angebot\/stalleneinrichtung\/swaving-flexbox\/"},"modified":"2024-10-03T06:42:07","modified_gmt":"2024-10-03T06:42:07","slug":"swaving-flexbox","status":"publish","type":"page","link":"https:\/\/swaving.nl\/de\/angebot\/stalleinrichtung\/swaving-flexbox\/","title":{"rendered":"Liegeboxabtrennung"},"content":{"rendered":"\n<p><strong>Durch unsere langj\u00e4hrige praktische Erfahrung im In- und Ausland bieten wir Ihnen die besten L\u00f6sungen f\u00fcr Ihren Stall, indem wir \u00fcber den traditionellen Stallbau hinausdenken. Die Swaving Flexbox: \u00fcber 20 Jahre bew\u00e4hrte Qualit\u00e4t. Sie ist eine robuste und flexible Liegeboxabtrennung. <\/strong><br><strong>Sie gibt der Kuh beim Aufstehen zus\u00e4tzlichen Raum.<\/strong><\/p>\n\n\n\n<figure class=\"wp-block-embed is-type-video is-provider-youtube wp-block-embed-youtube wp-embed-aspect-16-9 wp-has-aspect-ratio\"><div class=\"wp-block-embed__wrapper\">\n<iframe loading=\"lazy\" title=\"Swaving Stalinrichting\" width=\"500\" height=\"281\" src=\"https:\/\/www.youtube.com\/embed\/K7K6AR-NF4M?feature=oembed\" frameborder=\"0\" allow=\"accelerometer; autoplay; clipboard-write; encrypted-media; gyroscope; picture-in-picture; web-share\" referrerpolicy=\"strict-origin-when-cross-origin\" allowfullscreen><\/iframe>\n<\/div><\/figure>\n\n\n\n<p>Dar\u00fcber hinaus reagieren wir stets auf Innovationen auf dem Markt, wodurch wir uns als innovativer Dienstleister auszeichnen, der Ihre Zukunft im Blick hat.<\/p>\n\n\n\n<figure class=\"wp-block-gallery has-nested-images columns-default is-cropped wp-block-gallery-1 is-layout-flex wp-block-gallery-is-layout-flex\">\n<figure class=\"wp-block-image size-large\"><a href=\"https:\/\/swaving.nl\/wp-content\/uploads\/2024\/05\/swaving-stalinrichting-glasfiberboxen-blistermat-en-glasvezelbox-met-tekst2.jpeg\"><img loading=\"lazy\" decoding=\"async\" width=\"796\" height=\"1024\" data-id=\"1115\" src=\"https:\/\/swaving.nl\/wp-content\/uploads\/2024\/05\/swaving-stalinrichting-glasfiberboxen-blistermat-en-glasvezelbox-met-tekst2-796x1024.jpeg\" alt=\"\" class=\"wp-image-1115\" srcset=\"https:\/\/swaving.nl\/wp-content\/uploads\/2024\/05\/swaving-stalinrichting-glasfiberboxen-blistermat-en-glasvezelbox-met-tekst2-796x1024.jpeg 796w, https:\/\/swaving.nl\/wp-content\/uploads\/2024\/05\/swaving-stalinrichting-glasfiberboxen-blistermat-en-glasvezelbox-met-tekst2-233x300.jpeg 233w, https:\/\/swaving.nl\/wp-content\/uploads\/2024\/05\/swaving-stalinrichting-glasfiberboxen-blistermat-en-glasvezelbox-met-tekst2-768x988.jpeg 768w, https:\/\/swaving.nl\/wp-content\/uploads\/2024\/05\/swaving-stalinrichting-glasfiberboxen-blistermat-en-glasvezelbox-met-tekst2.jpeg 933w\" sizes=\"auto, (max-width: 796px) 100vw, 796px\" \/><\/a><\/figure>\n\n\n\n<figure class=\"wp-block-image size-large\"><a href=\"https:\/\/swaving.nl\/wp-content\/uploads\/2024\/06\/Swaving-Stalinrichting-8-WEB.jpg\"><img loading=\"lazy\" decoding=\"async\" width=\"683\" height=\"1024\" data-id=\"2049\" src=\"https:\/\/swaving.nl\/wp-content\/uploads\/2024\/06\/Swaving-Stalinrichting-8-WEB-683x1024.jpg\" alt=\"\" class=\"wp-image-2049\" srcset=\"https:\/\/swaving.nl\/wp-content\/uploads\/2024\/06\/Swaving-Stalinrichting-8-WEB-683x1024.jpg 683w, https:\/\/swaving.nl\/wp-content\/uploads\/2024\/06\/Swaving-Stalinrichting-8-WEB-200x300.jpg 200w, https:\/\/swaving.nl\/wp-content\/uploads\/2024\/06\/Swaving-Stalinrichting-8-WEB-768x1151.jpg 768w, https:\/\/swaving.nl\/wp-content\/uploads\/2024\/06\/Swaving-Stalinrichting-8-WEB.jpg 922w\" sizes=\"auto, (max-width: 683px) 100vw, 683px\" \/><\/a><\/figure>\n\n\n\n<figure class=\"wp-block-image size-large\"><a href=\"https:\/\/swaving.nl\/wp-content\/uploads\/2024\/06\/Swaving-Stalinrichting-3-WEB.jpg\"><img loading=\"lazy\" decoding=\"async\" width=\"683\" height=\"1024\" data-id=\"2064\" src=\"https:\/\/swaving.nl\/wp-content\/uploads\/2024\/06\/Swaving-Stalinrichting-3-WEB-683x1024.jpg\" alt=\"\" class=\"wp-image-2064\" srcset=\"https:\/\/swaving.nl\/wp-content\/uploads\/2024\/06\/Swaving-Stalinrichting-3-WEB-683x1024.jpg 683w, https:\/\/swaving.nl\/wp-content\/uploads\/2024\/06\/Swaving-Stalinrichting-3-WEB-200x300.jpg 200w, https:\/\/swaving.nl\/wp-content\/uploads\/2024\/06\/Swaving-Stalinrichting-3-WEB-768x1152.jpg 768w, https:\/\/swaving.nl\/wp-content\/uploads\/2024\/06\/Swaving-Stalinrichting-3-WEB.jpg 772w\" sizes=\"auto, (max-width: 683px) 100vw, 683px\" \/><\/a><\/figure>\n<\/figure>\n\n\n\n<h3 class=\"wp-block-heading\"><strong>Top-Produkt aus Glasfaser<\/strong><\/h3>\n\n\n\n<p>Die Swaving Flexbox ist eines unserer Top-Produkte. Diese Glasfaser-Liegebox bietet der Kuh mehr Bewegungsfreiheit. Unsere Glasfaser-Liegeboxen sind tierfreundlich, federnd und \u00e4u\u00dferst robust. Aufgrund des hohen Komforts werden diese Glasfaser-Liegeboxen von den K\u00fchen selbst aufgesucht.<\/p>\n\n\n\n<p>Die Boxabtrennung besteht aus starken Glasfaserstangen mit thermisch verzinkten Montageteilen. Die Montage kann an Frontrohren oder an Standpfosten erfolgen. Die Swaving Flexbox kann sowohl ein- als auch zweiteilig geliefert werden. Entscheiden Sie sich f\u00fcr Qualit\u00e4t: die Swaving Flexbox.<\/p>\n\n\n\n<figure class=\"wp-block-gallery has-nested-images columns-2 is-cropped wp-block-gallery-2 is-layout-flex wp-block-gallery-is-layout-flex\">\n<figure class=\"wp-block-image size-large\"><a href=\"https:\/\/swaving.nl\/wp-content\/uploads\/2024\/05\/swaving-stalinrichting-glasfiberboxen-IMG-20150330-WA0008.jpeg\"><img loading=\"lazy\" decoding=\"async\" width=\"1024\" height=\"576\" data-id=\"1121\" src=\"https:\/\/swaving.nl\/wp-content\/uploads\/2024\/05\/swaving-stalinrichting-glasfiberboxen-IMG-20150330-WA0008-1024x576.jpeg\" alt=\"\" class=\"wp-image-1121\" srcset=\"https:\/\/swaving.nl\/wp-content\/uploads\/2024\/05\/swaving-stalinrichting-glasfiberboxen-IMG-20150330-WA0008-1024x576.jpeg 1024w, https:\/\/swaving.nl\/wp-content\/uploads\/2024\/05\/swaving-stalinrichting-glasfiberboxen-IMG-20150330-WA0008-300x169.jpeg 300w, https:\/\/swaving.nl\/wp-content\/uploads\/2024\/05\/swaving-stalinrichting-glasfiberboxen-IMG-20150330-WA0008-768x432.jpeg 768w, https:\/\/swaving.nl\/wp-content\/uploads\/2024\/05\/swaving-stalinrichting-glasfiberboxen-IMG-20150330-WA0008.jpeg 1280w\" sizes=\"auto, (max-width: 1024px) 100vw, 1024px\" \/><\/a><\/figure>\n\n\n\n<figure class=\"wp-block-image size-large\"><a href=\"https:\/\/swaving.nl\/wp-content\/uploads\/2024\/05\/swaving-stalinrichting-glasfiberboxen-IMG-20150330-WA0009.jpeg\"><img loading=\"lazy\" decoding=\"async\" width=\"1024\" height=\"576\" data-id=\"1116\" src=\"https:\/\/swaving.nl\/wp-content\/uploads\/2024\/05\/swaving-stalinrichting-glasfiberboxen-IMG-20150330-WA0009-1024x576.jpeg\" alt=\"\" class=\"wp-image-1116\" srcset=\"https:\/\/swaving.nl\/wp-content\/uploads\/2024\/05\/swaving-stalinrichting-glasfiberboxen-IMG-20150330-WA0009-1024x576.jpeg 1024w, https:\/\/swaving.nl\/wp-content\/uploads\/2024\/05\/swaving-stalinrichting-glasfiberboxen-IMG-20150330-WA0009-300x169.jpeg 300w, https:\/\/swaving.nl\/wp-content\/uploads\/2024\/05\/swaving-stalinrichting-glasfiberboxen-IMG-20150330-WA0009-768x432.jpeg 768w, https:\/\/swaving.nl\/wp-content\/uploads\/2024\/05\/swaving-stalinrichting-glasfiberboxen-IMG-20150330-WA0009.jpeg 1280w\" sizes=\"auto, (max-width: 1024px) 100vw, 1024px\" \/><\/a><\/figure>\n\n\n\n<figure class=\"wp-block-image size-large\"><a href=\"https:\/\/swaving.nl\/wp-content\/uploads\/2024\/05\/swaving-stalinrichting-glasfiberboxen-Glasfiber-dubbel-met-gekartelde-buis.jpeg\"><img loading=\"lazy\" decoding=\"async\" width=\"1024\" height=\"576\" data-id=\"1124\" src=\"https:\/\/swaving.nl\/wp-content\/uploads\/2024\/05\/swaving-stalinrichting-glasfiberboxen-Glasfiber-dubbel-met-gekartelde-buis-1024x576.jpeg\" alt=\"\" class=\"wp-image-1124\" srcset=\"https:\/\/swaving.nl\/wp-content\/uploads\/2024\/05\/swaving-stalinrichting-glasfiberboxen-Glasfiber-dubbel-met-gekartelde-buis-1024x576.jpeg 1024w, https:\/\/swaving.nl\/wp-content\/uploads\/2024\/05\/swaving-stalinrichting-glasfiberboxen-Glasfiber-dubbel-met-gekartelde-buis-300x169.jpeg 300w, https:\/\/swaving.nl\/wp-content\/uploads\/2024\/05\/swaving-stalinrichting-glasfiberboxen-Glasfiber-dubbel-met-gekartelde-buis-768x432.jpeg 768w, https:\/\/swaving.nl\/wp-content\/uploads\/2024\/05\/swaving-stalinrichting-glasfiberboxen-Glasfiber-dubbel-met-gekartelde-buis-1536x864.jpeg 1536w, https:\/\/swaving.nl\/wp-content\/uploads\/2024\/05\/swaving-stalinrichting-glasfiberboxen-Glasfiber-dubbel-met-gekartelde-buis.jpeg 1600w\" sizes=\"auto, (max-width: 1024px) 100vw, 1024px\" \/><\/a><\/figure>\n\n\n\n<figure class=\"wp-block-image size-large\"><a href=\"https:\/\/swaving.nl\/wp-content\/uploads\/2024\/05\/swaving-flexbox-658438118-IMG-20210629.jpg\"><img loading=\"lazy\" decoding=\"async\" width=\"1024\" height=\"769\" data-id=\"1229\" src=\"https:\/\/swaving.nl\/wp-content\/uploads\/2024\/05\/swaving-flexbox-658438118-IMG-20210629-1024x769.jpg\" alt=\"\" class=\"wp-image-1229\" srcset=\"https:\/\/swaving.nl\/wp-content\/uploads\/2024\/05\/swaving-flexbox-658438118-IMG-20210629-1024x769.jpg 1024w, https:\/\/swaving.nl\/wp-content\/uploads\/2024\/05\/swaving-flexbox-658438118-IMG-20210629-300x225.jpg 300w, https:\/\/swaving.nl\/wp-content\/uploads\/2024\/05\/swaving-flexbox-658438118-IMG-20210629-768x577.jpg 768w, https:\/\/swaving.nl\/wp-content\/uploads\/2024\/05\/swaving-flexbox-658438118-IMG-20210629.jpg 1440w\" sizes=\"auto, (max-width: 1024px) 100vw, 1024px\" \/><\/a><\/figure>\n<\/figure>\n\n\n\n<hr class=\"wp-block-separator has-alpha-channel-opacity\"\/>\n\n\n\n<h2 class=\"wp-block-heading\"><strong>Swaving Liegeboxen<\/strong><\/h2>\n\n\n\n<div class=\"wp-block-columns is-layout-flex wp-container-core-columns-is-layout-9d6595d7 wp-block-columns-is-layout-flex\">\n<div class=\"wp-block-column is-layout-flow wp-block-column-is-layout-flow\">\n<h4 class=\"wp-block-heading\">Swaving Modell 1<\/h4>\n\n\n\n<figure class=\"wp-block-image size-full\"><img loading=\"lazy\" decoding=\"async\" width=\"1090\" height=\"770\" src=\"https:\/\/swaving.nl\/wp-content\/uploads\/2024\/06\/swaving-box-verlengde-poot.png\" alt=\"\" class=\"wp-image-19612\" style=\"object-fit:cover\" srcset=\"https:\/\/swaving.nl\/wp-content\/uploads\/2024\/06\/swaving-box-verlengde-poot.png 1090w, https:\/\/swaving.nl\/wp-content\/uploads\/2024\/06\/swaving-box-verlengde-poot-300x212.png 300w, https:\/\/swaving.nl\/wp-content\/uploads\/2024\/06\/swaving-box-verlengde-poot-1024x723.png 1024w, https:\/\/swaving.nl\/wp-content\/uploads\/2024\/06\/swaving-box-verlengde-poot-768x543.png 768w\" sizes=\"auto, (max-width: 1090px) 100vw, 1090px\" \/><\/figure>\n\n\n\n<ul class=\"wp-block-list\">\n<li>Bild: Situation mit Matratze und Kniebaum<\/li>\n<\/ul>\n<\/div>\n\n\n\n<div class=\"wp-block-column is-layout-flow wp-block-column-is-layout-flow\">\n<h4 class=\"wp-block-heading\">Swaving Modell 2<\/h4>\n\n\n\n<figure class=\"wp-block-image size-large\"><img loading=\"lazy\" decoding=\"async\" width=\"1024\" height=\"494\" src=\"https:\/\/swaving.nl\/wp-content\/uploads\/2024\/06\/Swaving-ligbox-model-2-C642-1024x494.png\" alt=\"\" class=\"wp-image-19735\" style=\"object-fit:cover\" srcset=\"https:\/\/swaving.nl\/wp-content\/uploads\/2024\/06\/Swaving-ligbox-model-2-C642-1024x494.png 1024w, https:\/\/swaving.nl\/wp-content\/uploads\/2024\/06\/Swaving-ligbox-model-2-C642-300x145.png 300w, https:\/\/swaving.nl\/wp-content\/uploads\/2024\/06\/Swaving-ligbox-model-2-C642-768x370.png 768w, https:\/\/swaving.nl\/wp-content\/uploads\/2024\/06\/Swaving-ligbox-model-2-C642-1536x741.png 1536w, https:\/\/swaving.nl\/wp-content\/uploads\/2024\/06\/Swaving-ligbox-model-2-C642.png 1593w\" sizes=\"auto, (max-width: 1024px) 100vw, 1024px\" \/><\/figure>\n\n\n\n<figure class=\"wp-block-image size-large\"><img loading=\"lazy\" decoding=\"async\" width=\"1024\" height=\"494\" src=\"https:\/\/swaving.nl\/wp-content\/uploads\/2024\/06\/Swaving-ligbox-model-2-C648-1024x494.png\" alt=\"\" class=\"wp-image-19732\" style=\"object-fit:cover\" srcset=\"https:\/\/swaving.nl\/wp-content\/uploads\/2024\/06\/Swaving-ligbox-model-2-C648-1024x494.png 1024w, https:\/\/swaving.nl\/wp-content\/uploads\/2024\/06\/Swaving-ligbox-model-2-C648-300x145.png 300w, https:\/\/swaving.nl\/wp-content\/uploads\/2024\/06\/Swaving-ligbox-model-2-C648-768x370.png 768w, https:\/\/swaving.nl\/wp-content\/uploads\/2024\/06\/Swaving-ligbox-model-2-C648-1536x741.png 1536w, https:\/\/swaving.nl\/wp-content\/uploads\/2024\/06\/Swaving-ligbox-model-2-C648.png 1593w\" sizes=\"auto, (max-width: 1024px) 100vw, 1024px\" \/><\/figure>\n<\/div>\n\n\n\n<div class=\"wp-block-column is-layout-flow wp-block-column-is-layout-flow\">\n<h4 class=\"wp-block-heading\">Swaving Modell 3<\/h4>\n\n\n\n<figure class=\"wp-block-image size-large\"><img loading=\"lazy\" decoding=\"async\" width=\"1024\" height=\"550\" src=\"https:\/\/swaving.nl\/wp-content\/uploads\/2024\/06\/5-ligboxn-zwevend-1024x550.png\" alt=\"\" class=\"wp-image-19603\" srcset=\"https:\/\/swaving.nl\/wp-content\/uploads\/2024\/06\/5-ligboxn-zwevend-1024x550.png 1024w, https:\/\/swaving.nl\/wp-content\/uploads\/2024\/06\/5-ligboxn-zwevend-300x161.png 300w, https:\/\/swaving.nl\/wp-content\/uploads\/2024\/06\/5-ligboxn-zwevend-768x412.png 768w, https:\/\/swaving.nl\/wp-content\/uploads\/2024\/06\/5-ligboxn-zwevend.png 1080w\" sizes=\"auto, (max-width: 1024px) 100vw, 1024px\" \/><\/figure>\n\n\n\n<figure class=\"wp-block-image size-large\"><img loading=\"lazy\" decoding=\"async\" width=\"1024\" height=\"357\" src=\"https:\/\/swaving.nl\/wp-content\/uploads\/2024\/06\/5-zwevende-box-met-voet-zijaanzicht-dubbel-1024x357.png\" alt=\"\" class=\"wp-image-19606\" srcset=\"https:\/\/swaving.nl\/wp-content\/uploads\/2024\/06\/5-zwevende-box-met-voet-zijaanzicht-dubbel-1024x357.png 1024w, https:\/\/swaving.nl\/wp-content\/uploads\/2024\/06\/5-zwevende-box-met-voet-zijaanzicht-dubbel-300x105.png 300w, https:\/\/swaving.nl\/wp-content\/uploads\/2024\/06\/5-zwevende-box-met-voet-zijaanzicht-dubbel-768x268.png 768w, https:\/\/swaving.nl\/wp-content\/uploads\/2024\/06\/5-zwevende-box-met-voet-zijaanzicht-dubbel.png 1090w\" sizes=\"auto, (max-width: 1024px) 100vw, 1024px\" \/><\/figure>\n<\/div>\n<\/div>\n\n\n\n<p>Diese Boxabtrennung hat sich in der Praxis bestens bew\u00e4hrt. Sie bietet eine gute F\u00fchrung und behindert das Aufstehen nicht. Die Box ist mit einem passenden Fu\u00df ausgestattet.<\/p>\n\n\n\n<p><strong>Swaving Liegeboxen: erh\u00e4ltlich in verschiedenen L\u00e4ngen, passend zu Ihren W\u00fcnschen und Boxbreite. Montage an Pfosten oder Frontrohr ist m\u00f6glich, au\u00dfer bei Modell 1.<\/strong><p data-sourcepos=\"41:1-41:25\"><\/p><\/p>\n\n\n\n<p><\/p>\n\n\n\n<figure class=\"wp-block-gallery has-nested-images columns-default is-cropped wp-block-gallery-3 is-layout-flex wp-block-gallery-is-layout-flex\">\n<figure class=\"wp-block-image size-large\"><a href=\"https:\/\/swaving.nl\/wp-content\/uploads\/2024\/06\/Swaving-ligbox-model-1-1.jpg\"><img loading=\"lazy\" decoding=\"async\" width=\"1024\" height=\"768\" data-id=\"19621\" src=\"https:\/\/swaving.nl\/wp-content\/uploads\/2024\/06\/Swaving-ligbox-model-1-1-1024x768.jpg\" alt=\"\" class=\"wp-image-19621\" srcset=\"https:\/\/swaving.nl\/wp-content\/uploads\/2024\/06\/Swaving-ligbox-model-1-1-1024x768.jpg 1024w, https:\/\/swaving.nl\/wp-content\/uploads\/2024\/06\/Swaving-ligbox-model-1-1-300x225.jpg 300w, https:\/\/swaving.nl\/wp-content\/uploads\/2024\/06\/Swaving-ligbox-model-1-1-768x576.jpg 768w, https:\/\/swaving.nl\/wp-content\/uploads\/2024\/06\/Swaving-ligbox-model-1-1.jpg 1440w\" sizes=\"auto, (max-width: 1024px) 100vw, 1024px\" \/><\/a><\/figure>\n\n\n\n<figure class=\"wp-block-image size-large\"><a href=\"https:\/\/swaving.nl\/wp-content\/uploads\/2024\/06\/Swaving-ligbox-model-1-2.jpg\"><img loading=\"lazy\" decoding=\"async\" width=\"1024\" height=\"768\" data-id=\"19624\" src=\"https:\/\/swaving.nl\/wp-content\/uploads\/2024\/06\/Swaving-ligbox-model-1-2-1024x768.jpg\" alt=\"\" class=\"wp-image-19624\" srcset=\"https:\/\/swaving.nl\/wp-content\/uploads\/2024\/06\/Swaving-ligbox-model-1-2-1024x768.jpg 1024w, https:\/\/swaving.nl\/wp-content\/uploads\/2024\/06\/Swaving-ligbox-model-1-2-300x225.jpg 300w, https:\/\/swaving.nl\/wp-content\/uploads\/2024\/06\/Swaving-ligbox-model-1-2-768x576.jpg 768w, https:\/\/swaving.nl\/wp-content\/uploads\/2024\/06\/Swaving-ligbox-model-1-2.jpg 1080w\" sizes=\"auto, (max-width: 1024px) 100vw, 1024px\" \/><\/a><\/figure>\n<\/figure>\n\n\n\n<hr class=\"wp-block-separator has-alpha-channel-opacity\"\/>\n\n\n\n<div class=\"wp-block-columns is-layout-flex wp-container-core-columns-is-layout-9d6595d7 wp-block-columns-is-layout-flex\">\n<div class=\"wp-block-column is-layout-flow wp-block-column-is-layout-flow\">\n<h3 class=\"wp-block-heading\"><strong>Mehrere M\u00f6glichkeiten<\/strong><\/h3>\n\n\n\n<p>Die Box ist auch f\u00fcr Tiefstreuboxen geeignet. Durch den Einsatz eines erh\u00f6hten Fu\u00dfes. Informieren Sie sich \u00fcber die M\u00f6glichkeiten.<\/p>\n\n\n\n<figure class=\"wp-block-image size-full\"><img loading=\"lazy\" decoding=\"async\" width=\"933\" height=\"588\" src=\"https:\/\/swaving.nl\/wp-content\/uploads\/2024\/05\/swaving-stalinrichting-ligboxafscheidingen-4-swaving-box-verhoogd.jpeg\" alt=\"\" class=\"wp-image-1095\" style=\"object-fit:cover\" srcset=\"https:\/\/swaving.nl\/wp-content\/uploads\/2024\/05\/swaving-stalinrichting-ligboxafscheidingen-4-swaving-box-verhoogd.jpeg 933w, https:\/\/swaving.nl\/wp-content\/uploads\/2024\/05\/swaving-stalinrichting-ligboxafscheidingen-4-swaving-box-verhoogd-300x189.jpeg 300w, https:\/\/swaving.nl\/wp-content\/uploads\/2024\/05\/swaving-stalinrichting-ligboxafscheidingen-4-swaving-box-verhoogd-768x484.jpeg 768w\" sizes=\"auto, (max-width: 933px) 100vw, 933px\" \/><\/figure>\n\n\n\n<ul class=\"wp-block-list\">\n<li><strong>Standardausf\u00fchrung und Ausf\u00fchrung mit verl\u00e4ngertem Fu\u00df<\/strong><\/li>\n<\/ul>\n<\/div>\n\n\n\n<div class=\"wp-block-column is-layout-flow wp-block-column-is-layout-flow\">\n<h2 class=\"wp-block-heading\">Combobox<\/h2>\n\n\n\n<figure class=\"wp-block-image size-full is-resized\"><img loading=\"lazy\" decoding=\"async\" width=\"260\" height=\"294\" src=\"https:\/\/swaving.nl\/wp-content\/uploads\/2024\/05\/swaving-stalinrichting-ligboxafscheidingen-C060-boxvoet-v2.jpg\" alt=\"\" class=\"wp-image-1110\" style=\"width:190px;height:auto\"\/><\/figure>\n\n\n\n<ul class=\"wp-block-list\">\n<li>Fu\u00dfst\u00fctze f\u00fcr 2\u2033 Boxabtrennung<\/li>\n<\/ul>\n<\/div>\n<\/div>\n\n\n\n<hr class=\"wp-block-separator has-alpha-channel-opacity\"\/>\n\n\n\n<h2 class=\"wp-block-heading\">K\u00e4lberboxen schwebende Aufh\u00e4ngung<\/h2>\n\n\n\n<p>Diese Abtrenngewichte sind vorne mit einer Montageplatte ausgestattet.<\/p>\n\n\n\n<div class=\"wp-block-columns is-layout-flex wp-container-core-columns-is-layout-9d6595d7 wp-block-columns-is-layout-flex\">\n<div class=\"wp-block-column is-layout-flow wp-block-column-is-layout-flow\">\n<figure class=\"wp-block-image size-large\"><img loading=\"lazy\" decoding=\"async\" width=\"1024\" height=\"768\" src=\"https:\/\/swaving.nl\/wp-content\/uploads\/2024\/05\/swaving-stalinrichting-ligboxafscheidingen-jongvee-stal-overzicht-1024x768.jpeg\" alt=\"\" class=\"wp-image-1103\" srcset=\"https:\/\/swaving.nl\/wp-content\/uploads\/2024\/05\/swaving-stalinrichting-ligboxafscheidingen-jongvee-stal-overzicht-1024x768.jpeg 1024w, https:\/\/swaving.nl\/wp-content\/uploads\/2024\/05\/swaving-stalinrichting-ligboxafscheidingen-jongvee-stal-overzicht-300x225.jpeg 300w, https:\/\/swaving.nl\/wp-content\/uploads\/2024\/05\/swaving-stalinrichting-ligboxafscheidingen-jongvee-stal-overzicht-768x576.jpeg 768w, https:\/\/swaving.nl\/wp-content\/uploads\/2024\/05\/swaving-stalinrichting-ligboxafscheidingen-jongvee-stal-overzicht.jpeg 1280w\" sizes=\"auto, (max-width: 1024px) 100vw, 1024px\" \/><\/figure>\n\n\n\n<p>K\u00e4lber 1.5\u201d x 135 cm;<br>K\u00e4lber 1.5\u201d x 160 cm;<br>F\u00e4rse 2\u201d x 175 cm;<br>F\u00e4rse 2\u201d x 190cm.<\/p>\n<\/div>\n\n\n\n<div class=\"wp-block-column is-layout-flow wp-block-column-is-layout-flow\">\n<figure class=\"wp-block-image size-full\"><img loading=\"lazy\" decoding=\"async\" width=\"596\" height=\"1012\" src=\"https:\/\/swaving.nl\/wp-content\/uploads\/2024\/05\/swaving-stalinrichting-ligboxafscheidingen-jongveebox-135-150-165-190.jpeg\" alt=\"\" class=\"wp-image-1104\" srcset=\"https:\/\/swaving.nl\/wp-content\/uploads\/2024\/05\/swaving-stalinrichting-ligboxafscheidingen-jongveebox-135-150-165-190.jpeg 596w, https:\/\/swaving.nl\/wp-content\/uploads\/2024\/05\/swaving-stalinrichting-ligboxafscheidingen-jongveebox-135-150-165-190-177x300.jpeg 177w\" sizes=\"auto, (max-width: 596px) 100vw, 596px\" \/><\/figure>\n<\/div>\n<\/div>\n\n\n\n<hr class=\"wp-block-separator has-alpha-channel-opacity\"\/>\n\n\n\n<h2 class=\"wp-block-heading\"><strong>Gewelltes Rohr<\/strong><\/h2>\n\n\n\n<p>Um bestehende Einrichtungen anzupassen, haben wir beispielsweise ein gewelltes Rohr, das pro Box immer auf das gew\u00fcnschte Ma\u00df geliefert werden kann. Eine L\u00f6sung, wenn Sie sich beispielsweise f\u00fcr eine andere Boxenbedeckung entscheiden.<\/p>\n\n\n\n<div class=\"wp-block-columns is-layout-flex wp-container-core-columns-is-layout-9d6595d7 wp-block-columns-is-layout-flex\">\n<div class=\"wp-block-column is-layout-flow wp-block-column-is-layout-flow\">\n<figure class=\"wp-block-image size-large\"><img loading=\"lazy\" decoding=\"async\" width=\"1024\" height=\"576\" src=\"https:\/\/swaving.nl\/wp-content\/uploads\/2024\/05\/swaving-stalinrichting-ligboxafscheidingen-gekartelde-buis-renovatie-1024x576.jpeg\" alt=\"\" class=\"wp-image-1099\" srcset=\"https:\/\/swaving.nl\/wp-content\/uploads\/2024\/05\/swaving-stalinrichting-ligboxafscheidingen-gekartelde-buis-renovatie-1024x576.jpeg 1024w, https:\/\/swaving.nl\/wp-content\/uploads\/2024\/05\/swaving-stalinrichting-ligboxafscheidingen-gekartelde-buis-renovatie-300x169.jpeg 300w, https:\/\/swaving.nl\/wp-content\/uploads\/2024\/05\/swaving-stalinrichting-ligboxafscheidingen-gekartelde-buis-renovatie-768x432.jpeg 768w, https:\/\/swaving.nl\/wp-content\/uploads\/2024\/05\/swaving-stalinrichting-ligboxafscheidingen-gekartelde-buis-renovatie-1536x864.jpeg 1536w, https:\/\/swaving.nl\/wp-content\/uploads\/2024\/05\/swaving-stalinrichting-ligboxafscheidingen-gekartelde-buis-renovatie.jpeg 1600w\" sizes=\"auto, (max-width: 1024px) 100vw, 1024px\" \/><\/figure>\n<\/div>\n\n\n\n<div class=\"wp-block-column is-layout-flow wp-block-column-is-layout-flow\">\n<figure class=\"wp-block-image size-full\"><img loading=\"lazy\" decoding=\"async\" width=\"958\" height=\"421\" src=\"https:\/\/swaving.nl\/wp-content\/uploads\/2024\/05\/swaving-stalinrichting-ligboxafscheidingen-gekartelde-buis.jpeg\" alt=\"\" class=\"wp-image-1100\" srcset=\"https:\/\/swaving.nl\/wp-content\/uploads\/2024\/05\/swaving-stalinrichting-ligboxafscheidingen-gekartelde-buis.jpeg 958w, https:\/\/swaving.nl\/wp-content\/uploads\/2024\/05\/swaving-stalinrichting-ligboxafscheidingen-gekartelde-buis-300x132.jpeg 300w, https:\/\/swaving.nl\/wp-content\/uploads\/2024\/05\/swaving-stalinrichting-ligboxafscheidingen-gekartelde-buis-768x338.jpeg 768w\" sizes=\"auto, (max-width: 958px) 100vw, 958px\" \/><\/figure>\n<\/div>\n<\/div>\n\n\n\n<ul class=\"wp-block-list\">\n<li>Das gewellte Rohr ersetzt die gerade Schulterstange und sorgt f\u00fcr mehr Platz in der Box!<\/li>\n<\/ul>\n","protected":false},"excerpt":{"rendered":"<p>Durch unsere langj\u00e4hrige praktische Erfahrung im In- und Ausland bieten wir Ihnen die besten L\u00f6sungen f\u00fcr Ihren Stall, indem wir \u00fcber den traditionellen Stallbau hinausdenken. Die Swaving Flexbox: \u00fcber 20 Jahre bew\u00e4hrte Qualit\u00e4t. Sie ist eine robuste und flexible Liegeboxabtrennung. Sie gibt der Kuh beim Aufstehen zus\u00e4tzlichen Raum. Dar\u00fcber hinaus reagieren wir stets auf Innovationen&hellip;<\/p>\n","protected":false},"author":1,"featured_media":1647,"parent":20050,"menu_order":0,"comment_status":"closed","ping_status":"closed","template":"","meta":{"_acf_changed":false,"footnotes":""},"categories":[38],"tags":[],"class_list":["post-20165","page","type-page","status-publish","has-post-thumbnail","hentry","category-stallanlage"],"acf":[],"_links":{"self":[{"href":"https:\/\/swaving.nl\/de\/wp-json\/wp\/v2\/pages\/20165","targetHints":{"allow":["GET"]}}],"collection":[{"href":"https:\/\/swaving.nl\/de\/wp-json\/wp\/v2\/pages"}],"about":[{"href":"https:\/\/swaving.nl\/de\/wp-json\/wp\/v2\/types\/page"}],"author":[{"embeddable":true,"href":"https:\/\/swaving.nl\/de\/wp-json\/wp\/v2\/users\/1"}],"replies":[{"embeddable":true,"href":"https:\/\/swaving.nl\/de\/wp-json\/wp\/v2\/comments?post=20165"}],"version-history":[{"count":4,"href":"https:\/\/swaving.nl\/de\/wp-json\/wp\/v2\/pages\/20165\/revisions"}],"predecessor-version":[{"id":20575,"href":"https:\/\/swaving.nl\/de\/wp-json\/wp\/v2\/pages\/20165\/revisions\/20575"}],"up":[{"embeddable":true,"href":"https:\/\/swaving.nl\/de\/wp-json\/wp\/v2\/pages\/20050"}],"wp:featuredmedia":[{"embeddable":true,"href":"https:\/\/swaving.nl\/de\/wp-json\/wp\/v2\/media\/1647"}],"wp:attachment":[{"href":"https:\/\/swaving.nl\/de\/wp-json\/wp\/v2\/media?parent=20165"}],"wp:term":[{"taxonomy":"category","embeddable":true,"href":"https:\/\/swaving.nl\/de\/wp-json\/wp\/v2\/categories?post=20165"},{"taxonomy":"post_tag","embeddable":true,"href":"https:\/\/swaving.nl\/de\/wp-json\/wp\/v2\/tags?post=20165"}],"curies":[{"name":"wp","href":"https:\/\/api.w.org\/{rel}","templated":true}]}}