{"id":20173,"date":"2024-04-22T15:04:03","date_gmt":"2024-04-22T15:04:03","guid":{"rendered":"https:\/\/swaving.nl\/angebot\/stalleneinrichtung\/futtergitter\/"},"modified":"2024-09-10T09:04:57","modified_gmt":"2024-09-10T09:04:57","slug":"futtergitter","status":"publish","type":"page","link":"https:\/\/swaving.nl\/de\/angebot\/stalleinrichtung\/futtergitter\/","title":{"rendered":"Futtergitter"},"content":{"rendered":"\n<p><strong>Nachfolgend finden Sie eine \u00dcbersicht. Bei den gezeigten Bildern handelt es sich um Standardbreiten. Es ist m\u00f6glich, die Rahmen auch in anderen Gr\u00f6\u00dfen anfertigen zu lassen.<\/strong><\/p>\n\n\n\n<h3 class=\"wp-block-heading\"><strong>Swaving Sicherheitsfutterhek<\/strong><\/h3>\n\n\n\n<p>Das Sicherheitsfutterhek, bei dem zum Schutz Ihres Viehs eine zus\u00e4tzliche Austrittsm\u00f6glichkeit im unteren Teil angebracht ist. Die gro\u00dfe Kopf\u00f6ffnung und die schwenkbaren Stangen erm\u00f6glichen den K\u00fchen einen einfachen Zugang zum Futter. Die Verriegelung und Entriegelung erfolgt zentral. Individuelle Entriegelung mittels Hebels. Der Mechanismus ist einfach und effektiv. Optionen: T\u00fcrsatz, St\u00fctzrad.<\/p>\n\n\n\n<figure class=\"wp-block-image size-large\"><img loading=\"lazy\" decoding=\"async\" width=\"1024\" height=\"314\" src=\"https:\/\/swaving.nl\/wp-content\/uploads\/2024\/06\/swaving-voerhek-325-nieuw-model-1024x314.jpg\" alt=\"\" class=\"wp-image-19633\" srcset=\"https:\/\/swaving.nl\/wp-content\/uploads\/2024\/06\/swaving-voerhek-325-nieuw-model-1024x314.jpg 1024w, https:\/\/swaving.nl\/wp-content\/uploads\/2024\/06\/swaving-voerhek-325-nieuw-model-300x92.jpg 300w, https:\/\/swaving.nl\/wp-content\/uploads\/2024\/06\/swaving-voerhek-325-nieuw-model-768x235.jpg 768w, https:\/\/swaving.nl\/wp-content\/uploads\/2024\/06\/swaving-voerhek-325-nieuw-model-1536x471.jpg 1536w, https:\/\/swaving.nl\/wp-content\/uploads\/2024\/06\/swaving-voerhek-325-nieuw-model-2048x628.jpg 2048w\" sizes=\"auto, (max-width: 1024px) 100vw, 1024px\" \/><\/figure>\n\n\n\n<ul class=\"wp-block-list\">\n<li>Individuelle Verriegelung ist m\u00f6glich.<\/li>\n\n\n\n<li>Fressabstand sowohl bei 65 cm als auch bei 75 cm m\u00f6glich<\/li>\n<\/ul>\n\n\n\n<figure class=\"wp-block-gallery has-nested-images columns-default is-cropped wp-block-gallery-1 is-layout-flex wp-block-gallery-is-layout-flex\">\n<figure class=\"wp-block-image size-large\"><a href=\"https:\/\/swaving.nl\/wp-content\/uploads\/2024\/05\/swaving-voerhekken-Veiligheidsvoerhek.jpeg\"><img loading=\"lazy\" decoding=\"async\" width=\"1024\" height=\"571\" data-id=\"1167\" src=\"https:\/\/swaving.nl\/wp-content\/uploads\/2024\/05\/swaving-voerhekken-Veiligheidsvoerhek-1024x571.jpeg\" alt=\"\" class=\"wp-image-1167\" srcset=\"https:\/\/swaving.nl\/wp-content\/uploads\/2024\/05\/swaving-voerhekken-Veiligheidsvoerhek-1024x571.jpeg 1024w, https:\/\/swaving.nl\/wp-content\/uploads\/2024\/05\/swaving-voerhekken-Veiligheidsvoerhek-300x167.jpeg 300w, https:\/\/swaving.nl\/wp-content\/uploads\/2024\/05\/swaving-voerhekken-Veiligheidsvoerhek-768x428.jpeg 768w, https:\/\/swaving.nl\/wp-content\/uploads\/2024\/05\/swaving-voerhekken-Veiligheidsvoerhek.jpeg 1040w\" sizes=\"auto, (max-width: 1024px) 100vw, 1024px\" \/><\/a><\/figure>\n\n\n\n<figure class=\"wp-block-image size-large\"><a href=\"https:\/\/swaving.nl\/wp-content\/uploads\/2024\/05\/swaving-veiligheidsvoerhek-IMG-20150916.jpg\"><img loading=\"lazy\" decoding=\"async\" width=\"1024\" height=\"576\" data-id=\"1184\" src=\"https:\/\/swaving.nl\/wp-content\/uploads\/2024\/05\/swaving-veiligheidsvoerhek-IMG-20150916-1024x576.jpg\" alt=\"\" class=\"wp-image-1184\" srcset=\"https:\/\/swaving.nl\/wp-content\/uploads\/2024\/05\/swaving-veiligheidsvoerhek-IMG-20150916-1024x576.jpg 1024w, https:\/\/swaving.nl\/wp-content\/uploads\/2024\/05\/swaving-veiligheidsvoerhek-IMG-20150916-300x169.jpg 300w, https:\/\/swaving.nl\/wp-content\/uploads\/2024\/05\/swaving-veiligheidsvoerhek-IMG-20150916-768x432.jpg 768w, https:\/\/swaving.nl\/wp-content\/uploads\/2024\/05\/swaving-veiligheidsvoerhek-IMG-20150916.jpg 1440w\" sizes=\"auto, (max-width: 1024px) 100vw, 1024px\" \/><\/a><\/figure>\n<\/figure>\n\n\n\n<hr class=\"wp-block-separator has-alpha-channel-opacity\"\/>\n\n\n\n<h2 class=\"wp-block-heading\"><strong>Klopffutterhek<\/strong><\/h2>\n\n\n\n<p>Sehr robust, \u00e4u\u00dferst stabil, gro\u00dfe Kopf\u00f6ffnung und in verschiedenen Gr\u00f6\u00dfen erh\u00e4ltlich. Klares Gatter, wird mit Halsma\u00df 20 cm geliefert, dies ist am g\u00e4ngigsten. Tiere k\u00f6nnen individuell fixiert werden. Ausgestattet mit Einschubbuchse f\u00fcr Halsband\/Transponder-Sicherung. Auch lieferbar als drehbares Futterhek mit Verriegelung, optional mit St\u00fctzrad.<\/p>\n\n\n\n<figure class=\"wp-block-image size-large\"><img loading=\"lazy\" decoding=\"async\" width=\"1024\" height=\"302\" src=\"https:\/\/swaving.nl\/wp-content\/uploads\/2024\/06\/Klepelvoerhek-voerhek-325-nieuw-model-1024x302.jpg\" alt=\"\" class=\"wp-image-19637\" srcset=\"https:\/\/swaving.nl\/wp-content\/uploads\/2024\/06\/Klepelvoerhek-voerhek-325-nieuw-model-1024x302.jpg 1024w, https:\/\/swaving.nl\/wp-content\/uploads\/2024\/06\/Klepelvoerhek-voerhek-325-nieuw-model-300x89.jpg 300w, https:\/\/swaving.nl\/wp-content\/uploads\/2024\/06\/Klepelvoerhek-voerhek-325-nieuw-model-768x227.jpg 768w, https:\/\/swaving.nl\/wp-content\/uploads\/2024\/06\/Klepelvoerhek-voerhek-325-nieuw-model-1536x453.jpg 1536w, https:\/\/swaving.nl\/wp-content\/uploads\/2024\/06\/Klepelvoerhek-voerhek-325-nieuw-model.jpg 1742w\" sizes=\"auto, (max-width: 1024px) 100vw, 1024px\" \/><\/figure>\n\n\n\n<ul class=\"wp-block-list\">\n<li>Sehr robust, aus 2\u2033 Rohr gefertigt, mit Verriegelung. Passend auf Standardmontageteile.<\/li>\n\n\n\n<li>Fressabstand sowohl bei 65 cm als auch bei 75 cm m\u00f6glich<\/li>\n<\/ul>\n\n\n\n<figure class=\"wp-block-gallery has-nested-images columns-default is-cropped wp-block-gallery-2 is-layout-flex wp-block-gallery-is-layout-flex\">\n<figure class=\"wp-block-image size-large\"><a href=\"https:\/\/swaving.nl\/wp-content\/uploads\/2024\/05\/swaving-voerhekken-klepelvoerhek-gv-totaal1.jpeg\"><img loading=\"lazy\" decoding=\"async\" width=\"1024\" height=\"576\" data-id=\"1165\" src=\"https:\/\/swaving.nl\/wp-content\/uploads\/2024\/05\/swaving-voerhekken-klepelvoerhek-gv-totaal1-1024x576.jpeg\" alt=\"\" class=\"wp-image-1165\" srcset=\"https:\/\/swaving.nl\/wp-content\/uploads\/2024\/05\/swaving-voerhekken-klepelvoerhek-gv-totaal1-1024x576.jpeg 1024w, https:\/\/swaving.nl\/wp-content\/uploads\/2024\/05\/swaving-voerhekken-klepelvoerhek-gv-totaal1-300x169.jpeg 300w, https:\/\/swaving.nl\/wp-content\/uploads\/2024\/05\/swaving-voerhekken-klepelvoerhek-gv-totaal1-768x432.jpeg 768w, https:\/\/swaving.nl\/wp-content\/uploads\/2024\/05\/swaving-voerhekken-klepelvoerhek-gv-totaal1.jpeg 1280w\" sizes=\"auto, (max-width: 1024px) 100vw, 1024px\" \/><\/a><\/figure>\n\n\n\n<figure class=\"wp-block-image size-large\"><a href=\"https:\/\/swaving.nl\/wp-content\/uploads\/2024\/05\/Swaving-Hollands-Klepel-IMG_1577-1.jpg\"><img loading=\"lazy\" decoding=\"async\" width=\"1024\" height=\"665\" data-id=\"1185\" src=\"https:\/\/swaving.nl\/wp-content\/uploads\/2024\/05\/Swaving-Hollands-Klepel-IMG_1577-1-1024x665.jpg\" alt=\"\" class=\"wp-image-1185\" srcset=\"https:\/\/swaving.nl\/wp-content\/uploads\/2024\/05\/Swaving-Hollands-Klepel-IMG_1577-1-1024x665.jpg 1024w, https:\/\/swaving.nl\/wp-content\/uploads\/2024\/05\/Swaving-Hollands-Klepel-IMG_1577-1-300x195.jpg 300w, https:\/\/swaving.nl\/wp-content\/uploads\/2024\/05\/Swaving-Hollands-Klepel-IMG_1577-1-768x499.jpg 768w, https:\/\/swaving.nl\/wp-content\/uploads\/2024\/05\/Swaving-Hollands-Klepel-IMG_1577-1.jpg 1440w\" sizes=\"auto, (max-width: 1024px) 100vw, 1024px\" \/><\/a><\/figure>\n<\/figure>\n\n\n\n<hr class=\"wp-block-separator has-alpha-channel-opacity\"\/>\n\n\n\n<h2 class=\"wp-block-heading\"><strong>Diagonales Futterhek<\/strong><\/h2>\n\n\n\n<div class=\"wp-block-columns is-layout-flex wp-container-core-columns-is-layout-9d6595d7 wp-block-columns-is-layout-flex\">\n<div class=\"wp-block-column is-layout-flow wp-block-column-is-layout-flow\">\n<figure class=\"wp-block-image size-full is-resized\"><a href=\"https:\/\/swaving.nl\/wp-content\/uploads\/2024\/05\/swaving-voerhekken-11-diagonaal-hekken-7x30-1.jpeg\"><img loading=\"lazy\" decoding=\"async\" width=\"900\" height=\"400\" src=\"https:\/\/swaving.nl\/wp-content\/uploads\/2024\/05\/swaving-voerhekken-11-diagonaal-hekken-7x30-1.jpeg\" alt=\"\" class=\"wp-image-1160\" style=\"width:416px;height:auto\" srcset=\"https:\/\/swaving.nl\/wp-content\/uploads\/2024\/05\/swaving-voerhekken-11-diagonaal-hekken-7x30-1.jpeg 900w, https:\/\/swaving.nl\/wp-content\/uploads\/2024\/05\/swaving-voerhekken-11-diagonaal-hekken-7x30-1-300x133.jpeg 300w, https:\/\/swaving.nl\/wp-content\/uploads\/2024\/05\/swaving-voerhekken-11-diagonaal-hekken-7x30-1-768x341.jpeg 768w\" sizes=\"auto, (max-width: 900px) 100vw, 900px\" \/><\/a><\/figure>\n<\/div>\n\n\n\n<div class=\"wp-block-column is-layout-flow wp-block-column-is-layout-flow\">\n<figure class=\"wp-block-image size-full\"><img loading=\"lazy\" decoding=\"async\" width=\"177\" height=\"181\" src=\"https:\/\/swaving.nl\/wp-content\/uploads\/2024\/05\/swaving-voerhekken-Diagonaalhek.jpeg\" alt=\"\" class=\"wp-image-1163\"\/><\/figure>\n<\/div>\n<\/div>\n\n\n\n<hr class=\"wp-block-separator has-alpha-channel-opacity\"\/>\n\n\n\n<h2 class=\"wp-block-heading\"><strong>Alberta Klappfutterhek und Futterrohr<\/strong><\/h2>\n\n\n\n<div class=\"wp-block-columns is-layout-flex wp-container-core-columns-is-layout-9d6595d7 wp-block-columns-is-layout-flex\">\n<div class=\"wp-block-column is-layout-flow wp-block-column-is-layout-flow\">\n<figure class=\"wp-block-image size-full is-resized\"><a href=\"https:\/\/swaving.nl\/wp-content\/uploads\/2024\/05\/swaving-voerhekken-voerbuis-1.jpeg\"><img loading=\"lazy\" decoding=\"async\" width=\"800\" height=\"570\" src=\"https:\/\/swaving.nl\/wp-content\/uploads\/2024\/05\/swaving-voerhekken-voerbuis-1.jpeg\" alt=\"\" class=\"wp-image-1169\" style=\"width:416px;height:auto\" srcset=\"https:\/\/swaving.nl\/wp-content\/uploads\/2024\/05\/swaving-voerhekken-voerbuis-1.jpeg 800w, https:\/\/swaving.nl\/wp-content\/uploads\/2024\/05\/swaving-voerhekken-voerbuis-1-300x214.jpeg 300w, https:\/\/swaving.nl\/wp-content\/uploads\/2024\/05\/swaving-voerhekken-voerbuis-1-768x547.jpeg 768w\" sizes=\"auto, (max-width: 800px) 100vw, 800px\" \/><\/a><\/figure>\n<\/div>\n\n\n\n<div class=\"wp-block-column is-layout-flow wp-block-column-is-layout-flow\">\n<figure class=\"wp-block-image size-full\"><img loading=\"lazy\" decoding=\"async\" width=\"200\" height=\"150\" src=\"https:\/\/swaving.nl\/wp-content\/uploads\/2024\/05\/swaving-voerhekken-Voerbuis_met_afstandhouder.jpeg\" alt=\"\" class=\"wp-image-1168\"\/><\/figure>\n<\/div>\n<\/div>\n\n\n\n<ul class=\"wp-block-list\">\n<li>Auch lieferbar: Varianten mit verschiedenen Abstandhaltern f\u00fcr das Oberrohr.<\/li>\n\n\n\n<li>F\u00fcr T\u00fcrs\u00e4tze sind die sogenannten d\u00e4nischen Futterhecke eine L\u00f6sung.<\/li>\n<\/ul>\n\n\n\n<hr class=\"wp-block-separator has-alpha-channel-opacity\"\/>\n\n\n\n<h2 class=\"wp-block-heading\"><strong>Palisadenfutterhek f\u00fcr Gro\u00dfvieh<\/strong><\/h2>\n\n\n\n<div class=\"wp-block-columns is-layout-flex wp-container-core-columns-is-layout-9d6595d7 wp-block-columns-is-layout-flex\">\n<div class=\"wp-block-column is-layout-flow wp-block-column-is-layout-flow\">\n<figure class=\"wp-block-image size-full is-resized\"><a href=\"https:\/\/swaving.nl\/wp-content\/uploads\/2024\/05\/swaving-voerhekken-10-palissade-grootvee.jpeg\"><img loading=\"lazy\" decoding=\"async\" width=\"861\" height=\"475\" src=\"https:\/\/swaving.nl\/wp-content\/uploads\/2024\/05\/swaving-voerhekken-10-palissade-grootvee.jpeg\" alt=\"\" class=\"wp-image-1159\" style=\"width:416px;height:auto\" srcset=\"https:\/\/swaving.nl\/wp-content\/uploads\/2024\/05\/swaving-voerhekken-10-palissade-grootvee.jpeg 861w, https:\/\/swaving.nl\/wp-content\/uploads\/2024\/05\/swaving-voerhekken-10-palissade-grootvee-300x166.jpeg 300w, https:\/\/swaving.nl\/wp-content\/uploads\/2024\/05\/swaving-voerhekken-10-palissade-grootvee-768x424.jpeg 768w\" sizes=\"auto, (max-width: 861px) 100vw, 861px\" \/><\/a><\/figure>\n<\/div>\n\n\n\n<div class=\"wp-block-column is-layout-flow wp-block-column-is-layout-flow\"><\/div>\n<\/div>\n\n\n\n<hr class=\"wp-block-separator has-alpha-channel-opacity\"\/>\n\n\n\n<h2 class=\"wp-block-heading\"><strong>Schwedisches Futterhek f\u00fcr Gro\u00dfvieh<\/strong><\/h2>\n\n\n\n<div class=\"wp-block-columns is-layout-flex wp-container-core-columns-is-layout-9d6595d7 wp-block-columns-is-layout-flex\">\n<div class=\"wp-block-column is-layout-flow wp-block-column-is-layout-flow\">\n<p>Sehr robust, aus 2\u2033 Rohr gefertigt, <br>mit Verriegelung. Passend auf Standardmontageteile.<\/p>\n\n\n\n<figure class=\"wp-block-image size-full is-resized\"><a href=\"https:\/\/swaving.nl\/wp-content\/uploads\/2024\/05\/swaving-voerhekken-Zweeds-voerhek.jpeg\"><img loading=\"lazy\" decoding=\"async\" width=\"1149\" height=\"439\" src=\"https:\/\/swaving.nl\/wp-content\/uploads\/2024\/05\/swaving-voerhekken-Zweeds-voerhek.jpeg\" alt=\"\" class=\"wp-image-1173\" style=\"width:416px;height:auto\" srcset=\"https:\/\/swaving.nl\/wp-content\/uploads\/2024\/05\/swaving-voerhekken-Zweeds-voerhek.jpeg 1149w, https:\/\/swaving.nl\/wp-content\/uploads\/2024\/05\/swaving-voerhekken-Zweeds-voerhek-300x115.jpeg 300w, https:\/\/swaving.nl\/wp-content\/uploads\/2024\/05\/swaving-voerhekken-Zweeds-voerhek-1024x391.jpeg 1024w, https:\/\/swaving.nl\/wp-content\/uploads\/2024\/05\/swaving-voerhekken-Zweeds-voerhek-768x293.jpeg 768w\" sizes=\"auto, (max-width: 1149px) 100vw, 1149px\" \/><\/a><\/figure>\n<\/div>\n\n\n\n<div class=\"wp-block-column is-layout-flow wp-block-column-is-layout-flow\">\n<figure class=\"wp-block-image size-large\"><img loading=\"lazy\" decoding=\"async\" width=\"934\" height=\"1024\" src=\"https:\/\/swaving.nl\/wp-content\/uploads\/2024\/05\/swaving-voerhekken-Zweeds-voerhek-in-gebruik-934x1024.jpeg\" alt=\"\" class=\"wp-image-1172\" srcset=\"https:\/\/swaving.nl\/wp-content\/uploads\/2024\/05\/swaving-voerhekken-Zweeds-voerhek-in-gebruik-934x1024.jpeg 934w, https:\/\/swaving.nl\/wp-content\/uploads\/2024\/05\/swaving-voerhekken-Zweeds-voerhek-in-gebruik-274x300.jpeg 274w, https:\/\/swaving.nl\/wp-content\/uploads\/2024\/05\/swaving-voerhekken-Zweeds-voerhek-in-gebruik-768x842.jpeg 768w, https:\/\/swaving.nl\/wp-content\/uploads\/2024\/05\/swaving-voerhekken-Zweeds-voerhek-in-gebruik.jpeg 1095w\" sizes=\"auto, (max-width: 934px) 100vw, 934px\" \/><\/figure>\n<\/div>\n<\/div>\n\n\n\n<hr class=\"wp-block-separator has-alpha-channel-opacity\"\/>\n\n\n\n<h2 class=\"wp-block-heading\"><strong>Jungviehfutterhek<\/strong><\/h2>\n\n\n\n<div class=\"wp-block-columns is-layout-flex wp-container-core-columns-is-layout-9d6595d7 wp-block-columns-is-layout-flex\">\n<div class=\"wp-block-column is-layout-flow wp-block-column-is-layout-flow\">\n<figure class=\"wp-block-image size-full is-resized\"><a href=\"https:\/\/swaving.nl\/wp-content\/uploads\/2024\/05\/swaving-voerhekken-jongveevoerhek-325-6.jpeg\"><img loading=\"lazy\" decoding=\"async\" width=\"830\" height=\"374\" src=\"https:\/\/swaving.nl\/wp-content\/uploads\/2024\/05\/swaving-voerhekken-jongveevoerhek-325-6.jpeg\" alt=\"\" class=\"wp-image-1164\" style=\"width:416px;height:auto\" srcset=\"https:\/\/swaving.nl\/wp-content\/uploads\/2024\/05\/swaving-voerhekken-jongveevoerhek-325-6.jpeg 830w, https:\/\/swaving.nl\/wp-content\/uploads\/2024\/05\/swaving-voerhekken-jongveevoerhek-325-6-300x135.jpeg 300w, https:\/\/swaving.nl\/wp-content\/uploads\/2024\/05\/swaving-voerhekken-jongveevoerhek-325-6-768x346.jpeg 768w\" sizes=\"auto, (max-width: 830px) 100vw, 830px\" \/><\/a><\/figure>\n\n\n\n<ul class=\"wp-block-list\">\n<li>Jungviehfutterhek 6x 51 cm 12-20 Monate<\/li>\n<\/ul>\n<\/div>\n\n\n\n<div class=\"wp-block-column is-layout-flow wp-block-column-is-layout-flow\">\n<figure class=\"wp-block-image size-full\"><img loading=\"lazy\" decoding=\"async\" width=\"830\" height=\"540\" src=\"https:\/\/swaving.nl\/wp-content\/uploads\/2024\/05\/swaving-voerhekken-voerhek-klepel-jongvee.jpeg\" alt=\"\" class=\"wp-image-1170\" srcset=\"https:\/\/swaving.nl\/wp-content\/uploads\/2024\/05\/swaving-voerhekken-voerhek-klepel-jongvee.jpeg 830w, https:\/\/swaving.nl\/wp-content\/uploads\/2024\/05\/swaving-voerhekken-voerhek-klepel-jongvee-300x195.jpeg 300w, https:\/\/swaving.nl\/wp-content\/uploads\/2024\/05\/swaving-voerhekken-voerhek-klepel-jongvee-768x500.jpeg 768w\" sizes=\"auto, (max-width: 830px) 100vw, 830px\" \/><\/figure>\n<\/div>\n<\/div>\n\n\n\n<div class=\"wp-block-columns is-layout-flex wp-container-core-columns-is-layout-9d6595d7 wp-block-columns-is-layout-flex\">\n<div class=\"wp-block-column is-layout-flow wp-block-column-is-layout-flow\">\n<figure class=\"wp-block-image size-full\"><a href=\"https:\/\/swaving.nl\/wp-content\/uploads\/2024\/05\/swaving-voerhekken-10-D677.jpeg\"><img loading=\"lazy\" decoding=\"async\" width=\"660\" height=\"330\" src=\"https:\/\/swaving.nl\/wp-content\/uploads\/2024\/05\/swaving-voerhekken-10-D677.jpeg\" alt=\"\" class=\"wp-image-1158\" srcset=\"https:\/\/swaving.nl\/wp-content\/uploads\/2024\/05\/swaving-voerhekken-10-D677.jpeg 660w, https:\/\/swaving.nl\/wp-content\/uploads\/2024\/05\/swaving-voerhekken-10-D677-300x150.jpeg 300w\" sizes=\"auto, (max-width: 660px) 100vw, 660px\" \/><\/a><\/figure>\n\n\n\n<ul class=\"wp-block-list\">\n<li>Jungvieh Palisadenfutterhek 5-12 Monate<\/li>\n<\/ul>\n<\/div>\n\n\n\n<div class=\"wp-block-column is-layout-flow wp-block-column-is-layout-flow\">\n<figure class=\"wp-block-image size-full\"><a href=\"https:\/\/swaving.nl\/wp-content\/uploads\/2024\/05\/swaving-voerhekken-10-D647.jpeg\"><img loading=\"lazy\" decoding=\"async\" width=\"660\" height=\"330\" src=\"https:\/\/swaving.nl\/wp-content\/uploads\/2024\/05\/swaving-voerhekken-10-D647.jpeg\" alt=\"\" class=\"wp-image-1156\" srcset=\"https:\/\/swaving.nl\/wp-content\/uploads\/2024\/05\/swaving-voerhekken-10-D647.jpeg 660w, https:\/\/swaving.nl\/wp-content\/uploads\/2024\/05\/swaving-voerhekken-10-D647-300x150.jpeg 300w\" sizes=\"auto, (max-width: 660px) 100vw, 660px\" \/><\/a><\/figure>\n\n\n\n<ul class=\"wp-block-list\">\n<li>D647 Diagonales Jungviehfutterhek 12-20 Monate<\/li>\n<\/ul>\n<\/div>\n<\/div>\n\n\n\n<div class=\"wp-block-columns is-layout-flex wp-container-core-columns-is-layout-9d6595d7 wp-block-columns-is-layout-flex\">\n<div class=\"wp-block-column is-layout-flow wp-block-column-is-layout-flow\">\n<figure class=\"wp-block-image size-full\"><a href=\"https:\/\/swaving.nl\/wp-content\/uploads\/2024\/05\/swaving-voerhekken-10-D613.jpeg\"><img loading=\"lazy\" decoding=\"async\" width=\"660\" height=\"330\" src=\"https:\/\/swaving.nl\/wp-content\/uploads\/2024\/05\/swaving-voerhekken-10-D613.jpeg\" alt=\"\" class=\"wp-image-1155\" srcset=\"https:\/\/swaving.nl\/wp-content\/uploads\/2024\/05\/swaving-voerhekken-10-D613.jpeg 660w, https:\/\/swaving.nl\/wp-content\/uploads\/2024\/05\/swaving-voerhekken-10-D613-300x150.jpeg 300w\" sizes=\"auto, (max-width: 660px) 100vw, 660px\" \/><\/a><\/figure>\n\n\n\n<ul class=\"wp-block-list\">\n<li>D613 Diagonales Jungviehfutterhek 5-12 Monate<\/li>\n<\/ul>\n<\/div>\n\n\n\n<div class=\"wp-block-column is-layout-flow wp-block-column-is-layout-flow\">\n<figure class=\"wp-block-image size-full\"><a href=\"https:\/\/swaving.nl\/wp-content\/uploads\/2024\/05\/swaving-voerhekken-13-jongvee-voerhek-325-7x44-1.jpeg\"><img loading=\"lazy\" decoding=\"async\" width=\"944\" height=\"532\" src=\"https:\/\/swaving.nl\/wp-content\/uploads\/2024\/05\/swaving-voerhekken-13-jongvee-voerhek-325-7x44-1.jpeg\" alt=\"\" class=\"wp-image-1161\" srcset=\"https:\/\/swaving.nl\/wp-content\/uploads\/2024\/05\/swaving-voerhekken-13-jongvee-voerhek-325-7x44-1.jpeg 944w, https:\/\/swaving.nl\/wp-content\/uploads\/2024\/05\/swaving-voerhekken-13-jongvee-voerhek-325-7x44-1-300x169.jpeg 300w, https:\/\/swaving.nl\/wp-content\/uploads\/2024\/05\/swaving-voerhekken-13-jongvee-voerhek-325-7x44-1-768x433.jpeg 768w\" sizes=\"auto, (max-width: 944px) 100vw, 944px\" \/><\/a><\/figure>\n\n\n\n<ul class=\"wp-block-list\">\n<li>Jungviehfutterhek 7x 44 cm 6-12 Monate<\/li>\n<\/ul>\n<\/div>\n<\/div>\n\n\n\n<hr class=\"wp-block-separator has-alpha-channel-opacity\"\/>\n\n\n\n<h2 class=\"wp-block-heading\"><strong>K\u00e4lberfutterhek<\/strong><\/h2>\n\n\n\n<div class=\"wp-block-columns is-layout-flex wp-container-core-columns-is-layout-9d6595d7 wp-block-columns-is-layout-flex\">\n<div class=\"wp-block-column is-layout-flow wp-block-column-is-layout-flow\">\n<figure class=\"wp-block-image size-full is-resized\"><a href=\"https:\/\/swaving.nl\/wp-content\/uploads\/2024\/05\/swaving-voerhekken-10-D669.jpeg\"><img loading=\"lazy\" decoding=\"async\" width=\"660\" height=\"330\" src=\"https:\/\/swaving.nl\/wp-content\/uploads\/2024\/05\/swaving-voerhekken-10-D669.jpeg\" alt=\"\" class=\"wp-image-1157\" style=\"width:416px;height:auto\" srcset=\"https:\/\/swaving.nl\/wp-content\/uploads\/2024\/05\/swaving-voerhekken-10-D669.jpeg 660w, https:\/\/swaving.nl\/wp-content\/uploads\/2024\/05\/swaving-voerhekken-10-D669-300x150.jpeg 300w\" sizes=\"auto, (max-width: 660px) 100vw, 660px\" \/><\/a><\/figure>\n\n\n\n<ul class=\"wp-block-list\">\n<li>Palisadenfutterhek Kalb 5 Monate<\/li>\n<\/ul>\n<\/div>\n\n\n\n<div class=\"wp-block-column is-layout-flow wp-block-column-is-layout-flow\">\n<figure class=\"wp-block-image size-full is-resized\"><a href=\"https:\/\/swaving.nl\/wp-content\/uploads\/2024\/05\/swaving-voerhekken-10-D609.jpeg\"><img loading=\"lazy\" decoding=\"async\" width=\"660\" height=\"330\" src=\"https:\/\/swaving.nl\/wp-content\/uploads\/2024\/05\/swaving-voerhekken-10-D609.jpeg\" alt=\"\" class=\"wp-image-1154\" style=\"width:416px;height:auto\" srcset=\"https:\/\/swaving.nl\/wp-content\/uploads\/2024\/05\/swaving-voerhekken-10-D609.jpeg 660w, https:\/\/swaving.nl\/wp-content\/uploads\/2024\/05\/swaving-voerhekken-10-D609-300x150.jpeg 300w\" sizes=\"auto, (max-width: 660px) 100vw, 660px\" \/><\/a><\/figure>\n\n\n\n<ul class=\"wp-block-list\">\n<li>Diagonales Futterhek Kalb 5 Monate<\/li>\n<\/ul>\n<\/div>\n<\/div>\n\n\n\n<div class=\"wp-block-columns is-layout-flex wp-container-core-columns-is-layout-9d6595d7 wp-block-columns-is-layout-flex\">\n<div class=\"wp-block-column is-layout-flow wp-block-column-is-layout-flow\">\n<figure class=\"wp-block-image size-full is-resized\"><a href=\"https:\/\/swaving.nl\/wp-content\/uploads\/2024\/05\/swaving-voerhekken-13-kalver-voerhek-325-8x38-1.jpeg\"><img loading=\"lazy\" decoding=\"async\" width=\"996\" height=\"531\" src=\"https:\/\/swaving.nl\/wp-content\/uploads\/2024\/05\/swaving-voerhekken-13-kalver-voerhek-325-8x38-1.jpeg\" alt=\"\" class=\"wp-image-1162\" style=\"width:416px;height:auto\" srcset=\"https:\/\/swaving.nl\/wp-content\/uploads\/2024\/05\/swaving-voerhekken-13-kalver-voerhek-325-8x38-1.jpeg 996w, https:\/\/swaving.nl\/wp-content\/uploads\/2024\/05\/swaving-voerhekken-13-kalver-voerhek-325-8x38-1-300x160.jpeg 300w, https:\/\/swaving.nl\/wp-content\/uploads\/2024\/05\/swaving-voerhekken-13-kalver-voerhek-325-8x38-1-768x409.jpeg 768w\" sizes=\"auto, (max-width: 996px) 100vw, 996px\" \/><\/a><\/figure>\n\n\n\n<ul class=\"wp-block-list\">\n<li>K\u00e4lber Klopffutterhek 8x 38 cm 2-6 Monate<\/li>\n<\/ul>\n<\/div>\n\n\n\n<div class=\"wp-block-column is-layout-flow wp-block-column-is-layout-flow\">\n<figure class=\"wp-block-image size-full\"><img loading=\"lazy\" decoding=\"async\" width=\"660\" height=\"540\" src=\"https:\/\/swaving.nl\/wp-content\/uploads\/2024\/05\/swaving-voerhekken-voerhek-klepel-kalf.jpeg\" alt=\"\" class=\"wp-image-1171\" srcset=\"https:\/\/swaving.nl\/wp-content\/uploads\/2024\/05\/swaving-voerhekken-voerhek-klepel-kalf.jpeg 660w, https:\/\/swaving.nl\/wp-content\/uploads\/2024\/05\/swaving-voerhekken-voerhek-klepel-kalf-300x245.jpeg 300w\" sizes=\"auto, (max-width: 660px) 100vw, 660px\" \/><\/figure>\n<\/div>\n<\/div>\n\n\n\n<p><strong>Optional lieferbar: <\/strong> die verstellbare Stange, wodurch das Gatter besser an j\u00fcngere Tiere angepasst werden kann.<\/p>\n","protected":false},"excerpt":{"rendered":"<p>Nachfolgend finden Sie eine \u00dcbersicht. Bei den gezeigten Bildern handelt es sich um Standardbreiten. Es ist m\u00f6glich, die Rahmen auch in anderen Gr\u00f6\u00dfen anfertigen zu lassen. Swaving Sicherheitsfutterhek Das Sicherheitsfutterhek, bei dem zum Schutz Ihres Viehs eine zus\u00e4tzliche Austrittsm\u00f6glichkeit im unteren Teil angebracht ist. Die gro\u00dfe Kopf\u00f6ffnung und die schwenkbaren Stangen erm\u00f6glichen den K\u00fchen einen&hellip;<\/p>\n","protected":false},"author":1,"featured_media":1751,"parent":20050,"menu_order":0,"comment_status":"closed","ping_status":"closed","template":"","meta":{"_acf_changed":false,"footnotes":""},"categories":[38],"tags":[],"class_list":["post-20173","page","type-page","status-publish","has-post-thumbnail","hentry","category-stallanlage"],"acf":[],"_links":{"self":[{"href":"https:\/\/swaving.nl\/de\/wp-json\/wp\/v2\/pages\/20173","targetHints":{"allow":["GET"]}}],"collection":[{"href":"https:\/\/swaving.nl\/de\/wp-json\/wp\/v2\/pages"}],"about":[{"href":"https:\/\/swaving.nl\/de\/wp-json\/wp\/v2\/types\/page"}],"author":[{"embeddable":true,"href":"https:\/\/swaving.nl\/de\/wp-json\/wp\/v2\/users\/1"}],"replies":[{"embeddable":true,"href":"https:\/\/swaving.nl\/de\/wp-json\/wp\/v2\/comments?post=20173"}],"version-history":[{"count":2,"href":"https:\/\/swaving.nl\/de\/wp-json\/wp\/v2\/pages\/20173\/revisions"}],"predecessor-version":[{"id":20422,"href":"https:\/\/swaving.nl\/de\/wp-json\/wp\/v2\/pages\/20173\/revisions\/20422"}],"up":[{"embeddable":true,"href":"https:\/\/swaving.nl\/de\/wp-json\/wp\/v2\/pages\/20050"}],"wp:featuredmedia":[{"embeddable":true,"href":"https:\/\/swaving.nl\/de\/wp-json\/wp\/v2\/media\/1751"}],"wp:attachment":[{"href":"https:\/\/swaving.nl\/de\/wp-json\/wp\/v2\/media?parent=20173"}],"wp:term":[{"taxonomy":"category","embeddable":true,"href":"https:\/\/swaving.nl\/de\/wp-json\/wp\/v2\/categories?post=20173"},{"taxonomy":"post_tag","embeddable":true,"href":"https:\/\/swaving.nl\/de\/wp-json\/wp\/v2\/tags?post=20173"}],"curies":[{"name":"wp","href":"https:\/\/api.w.org\/{rel}","templated":true}]}}