{"id":20177,"date":"2024-06-06T11:46:34","date_gmt":"2024-06-06T11:46:34","guid":{"rendered":"https:\/\/swaving.nl\/angebot\/ausfuehrung\/montage-und-installationstechnik\/"},"modified":"2024-09-06T13:26:08","modified_gmt":"2024-09-06T13:26:08","slug":"montage-und-installationstechnik","status":"publish","type":"page","link":"https:\/\/swaving.nl\/de\/angebot\/ausfuehrung\/montage-und-installationstechnik\/","title":{"rendered":"Montage und Installationstechnik"},"content":{"rendered":"\n<h2 class=\"wp-block-heading\"><strong>Ihre Stall optimal eingerichtet mit der Installationstechnik von Swaving Stalleinrichtung.<\/strong><\/h2>\n\n\n\n<p>Optimieren Sie Ihren Stall mit der Installationstechnik von Swaving Stalleinrichtung.<br>Swaving Stalleinrichtung ist Ihr Partner f\u00fcr fachkundige und effiziente Installations- und Montagearbeiten. Mit langj\u00e4hriger Erfahrung und Liebe zum Detail sorgen wir daf\u00fcr, dass Ihre Stallanlage optimal funktioniert.<\/p>\n\n\n\n<h3 class=\"wp-block-heading\">Von kompletten Installationen bis hin zu Renovierung und Wartung::<\/h3>\n\n\n\n<ul class=\"wp-block-list\">\n<li><strong>Verkauf und Installation kompletter Stallanlagen:&nbsp;<\/strong>Wir liefern und installieren komplette Stallanlagen, einschlie\u00dflich Futterz\u00e4une, Tr\u00e4nken, Mistkratzsysteme und mehr.<\/li>\n\n\n\n<li><strong>Renovierung von Wasserleitungen: <\/strong>Wir renovieren Ihre Wasserleitungen, einschlie\u00dflich der Umstellung von Niederdruck auf Hochdruck.<\/li>\n\n\n\n<li><strong>Installation und Renovierung von elektrischen Anlagen: <\/strong>Installation und Renovierung von elektrischen und elektronischen Anlagen, einschlie\u00dflich kompletter Beleuchtungs- und L\u00fcftungssysteme.<\/li>\n\n\n\n<li><strong>Futtergitter: <\/strong>Montage und Wartung von Futtergittern und Standpfosten.<\/li>\n\n\n\n<li><strong>Mistkratzsysteme: <\/strong>Lieferung und Installation kompletter Mistkratzsysteme.<\/li>\n<\/ul>\n\n\n\n<figure class=\"wp-block-gallery has-nested-images columns-default is-cropped wp-block-gallery-1 is-layout-flex wp-block-gallery-is-layout-flex\">\n<figure class=\"wp-block-image size-large\"><img loading=\"lazy\" decoding=\"async\" width=\"300\" height=\"351\" data-id=\"1030\" src=\"https:\/\/swaving.nl\/wp-content\/uploads\/2024\/05\/swaving-slagboom.jpg\" alt=\"\" class=\"wp-image-1030\" srcset=\"https:\/\/swaving.nl\/wp-content\/uploads\/2024\/05\/swaving-slagboom.jpg 300w, https:\/\/swaving.nl\/wp-content\/uploads\/2024\/05\/swaving-slagboom-256x300.jpg 256w\" sizes=\"auto, (max-width: 300px) 100vw, 300px\" \/><\/figure>\n\n\n\n<figure class=\"wp-block-image size-large\"><img loading=\"lazy\" decoding=\"async\" width=\"1024\" height=\"576\" data-id=\"1165\" src=\"https:\/\/swaving.nl\/wp-content\/uploads\/2024\/05\/swaving-voerhekken-klepelvoerhek-gv-totaal1-1024x576.jpeg\" alt=\"\" class=\"wp-image-1165\" srcset=\"https:\/\/swaving.nl\/wp-content\/uploads\/2024\/05\/swaving-voerhekken-klepelvoerhek-gv-totaal1-1024x576.jpeg 1024w, https:\/\/swaving.nl\/wp-content\/uploads\/2024\/05\/swaving-voerhekken-klepelvoerhek-gv-totaal1-300x169.jpeg 300w, https:\/\/swaving.nl\/wp-content\/uploads\/2024\/05\/swaving-voerhekken-klepelvoerhek-gv-totaal1-768x432.jpeg 768w, https:\/\/swaving.nl\/wp-content\/uploads\/2024\/05\/swaving-voerhekken-klepelvoerhek-gv-totaal1.jpeg 1280w\" sizes=\"auto, (max-width: 1024px) 100vw, 1024px\" \/><\/figure>\n\n\n\n<figure class=\"wp-block-image size-large\"><img loading=\"lazy\" decoding=\"async\" width=\"945\" height=\"868\" data-id=\"927\" src=\"https:\/\/swaving.nl\/wp-content\/uploads\/2024\/05\/swaving-volume-drinkbakken-Schnellablauftrog.jpg\" alt=\"\" class=\"wp-image-927\" srcset=\"https:\/\/swaving.nl\/wp-content\/uploads\/2024\/05\/swaving-volume-drinkbakken-Schnellablauftrog.jpg 945w, https:\/\/swaving.nl\/wp-content\/uploads\/2024\/05\/swaving-volume-drinkbakken-Schnellablauftrog-300x276.jpg 300w, https:\/\/swaving.nl\/wp-content\/uploads\/2024\/05\/swaving-volume-drinkbakken-Schnellablauftrog-768x705.jpg 768w\" sizes=\"auto, (max-width: 945px) 100vw, 945px\" \/><\/figure>\n<\/figure>\n\n\n\n<h3 class=\"wp-block-heading\">Warum Swaving Stalleinrichtung?<\/h3>\n\n\n\n<ul class=\"wp-block-list\">\n<li><strong>Langj\u00e4hrige Erfahrung: <\/strong>Wir verf\u00fcgen \u00fcber langj\u00e4hrige Erfahrung in der Installation von Stallanlagen.<\/li>\n\n\n\n<li><strong>Fachkundiges Team: <\/strong>Unser Team besteht aus erfahrenen und zertifizierten Technikern.<\/li>\n\n\n\n<li><strong>Qualit\u00e4tsmaterialien: <\/strong>Wir arbeiten ausschlie\u00dflich mit hochwertigen Materialien.<\/li>\n\n\n\n<li><strong>Serviceorientiert: <\/strong>Wir stehen f\u00fcr exzellenten Service und Kundenorientierung.<\/li>\n\n\n\n<li><strong>Flexibel: <\/strong>Wir sind flexibel und arbeiten nach Ihren W\u00fcnschen.<\/li>\n<\/ul>\n\n\n\n<div style=\"height:40px\" aria-hidden=\"true\" class=\"wp-block-spacer\"><\/div>\n\n\n\n<figure class=\"wp-block-gallery has-nested-images columns-default is-cropped wp-block-gallery-2 is-layout-flex wp-block-gallery-is-layout-flex\">\n<figure class=\"wp-block-image size-large\"><img loading=\"lazy\" decoding=\"async\" width=\"1024\" height=\"682\" data-id=\"2106\" src=\"https:\/\/swaving.nl\/wp-content\/uploads\/2024\/06\/Swaving-Stalinrichting-14-WEB-1024x682.jpg\" alt=\"\" class=\"wp-image-2106\" srcset=\"https:\/\/swaving.nl\/wp-content\/uploads\/2024\/06\/Swaving-Stalinrichting-14-WEB-1024x682.jpg 1024w, https:\/\/swaving.nl\/wp-content\/uploads\/2024\/06\/Swaving-Stalinrichting-14-WEB-300x200.jpg 300w, https:\/\/swaving.nl\/wp-content\/uploads\/2024\/06\/Swaving-Stalinrichting-14-WEB-768x512.jpg 768w, https:\/\/swaving.nl\/wp-content\/uploads\/2024\/06\/Swaving-Stalinrichting-14-WEB.jpg 1136w\" sizes=\"auto, (max-width: 1024px) 100vw, 1024px\" \/><\/figure>\n\n\n\n<figure class=\"wp-block-image size-large\"><img loading=\"lazy\" decoding=\"async\" width=\"1024\" height=\"682\" data-id=\"2115\" src=\"https:\/\/swaving.nl\/wp-content\/uploads\/2024\/06\/Swaving-Stalinrichting-10-WEB-1024x682.jpg\" alt=\"\" class=\"wp-image-2115\" srcset=\"https:\/\/swaving.nl\/wp-content\/uploads\/2024\/06\/Swaving-Stalinrichting-10-WEB-1024x682.jpg 1024w, https:\/\/swaving.nl\/wp-content\/uploads\/2024\/06\/Swaving-Stalinrichting-10-WEB-300x200.jpg 300w, https:\/\/swaving.nl\/wp-content\/uploads\/2024\/06\/Swaving-Stalinrichting-10-WEB-768x512.jpg 768w, https:\/\/swaving.nl\/wp-content\/uploads\/2024\/06\/Swaving-Stalinrichting-10-WEB.jpg 1241w\" sizes=\"auto, (max-width: 1024px) 100vw, 1024px\" \/><\/figure>\n<\/figure>\n","protected":false},"excerpt":{"rendered":"<p>Ihre Stall optimal eingerichtet mit der Installationstechnik von Swaving Stalleinrichtung. Optimieren Sie Ihren Stall mit der Installationstechnik von Swaving Stalleinrichtung.Swaving Stalleinrichtung ist Ihr Partner f\u00fcr fachkundige und effiziente Installations- und Montagearbeiten. Mit langj\u00e4hriger Erfahrung und Liebe zum Detail sorgen wir daf\u00fcr, dass Ihre Stallanlage optimal funktioniert. Von kompletten Installationen bis hin zu Renovierung und Wartung::&hellip;<\/p>\n","protected":false},"author":1,"featured_media":2078,"parent":20048,"menu_order":0,"comment_status":"closed","ping_status":"closed","template":"","meta":{"_acf_changed":false,"footnotes":""},"categories":[39],"tags":[],"class_list":["post-20177","page","type-page","status-publish","has-post-thumbnail","hentry","category-leistung"],"acf":[],"_links":{"self":[{"href":"https:\/\/swaving.nl\/de\/wp-json\/wp\/v2\/pages\/20177","targetHints":{"allow":["GET"]}}],"collection":[{"href":"https:\/\/swaving.nl\/de\/wp-json\/wp\/v2\/pages"}],"about":[{"href":"https:\/\/swaving.nl\/de\/wp-json\/wp\/v2\/types\/page"}],"author":[{"embeddable":true,"href":"https:\/\/swaving.nl\/de\/wp-json\/wp\/v2\/users\/1"}],"replies":[{"embeddable":true,"href":"https:\/\/swaving.nl\/de\/wp-json\/wp\/v2\/comments?post=20177"}],"version-history":[{"count":4,"href":"https:\/\/swaving.nl\/de\/wp-json\/wp\/v2\/pages\/20177\/revisions"}],"predecessor-version":[{"id":20344,"href":"https:\/\/swaving.nl\/de\/wp-json\/wp\/v2\/pages\/20177\/revisions\/20344"}],"up":[{"embeddable":true,"href":"https:\/\/swaving.nl\/de\/wp-json\/wp\/v2\/pages\/20048"}],"wp:featuredmedia":[{"embeddable":true,"href":"https:\/\/swaving.nl\/de\/wp-json\/wp\/v2\/media\/2078"}],"wp:attachment":[{"href":"https:\/\/swaving.nl\/de\/wp-json\/wp\/v2\/media?parent=20177"}],"wp:term":[{"taxonomy":"category","embeddable":true,"href":"https:\/\/swaving.nl\/de\/wp-json\/wp\/v2\/categories?post=20177"},{"taxonomy":"post_tag","embeddable":true,"href":"https:\/\/swaving.nl\/de\/wp-json\/wp\/v2\/tags?post=20177"}],"curies":[{"name":"wp","href":"https:\/\/api.w.org\/{rel}","templated":true}]}}