{"id":20185,"date":"2024-06-07T14:21:27","date_gmt":"2024-06-07T14:21:27","guid":{"rendered":"https:\/\/swaving.nl\/angebot\/belueftung\/hochdruckvernebelung\/"},"modified":"2024-09-06T11:40:31","modified_gmt":"2024-09-06T11:40:31","slug":"hochdruckvernebelung","status":"publish","type":"page","link":"https:\/\/swaving.nl\/de\/angebot\/belueftung\/hochdruckvernebelung\/","title":{"rendered":"Hochdruckvernebelung"},"content":{"rendered":"\n<h2 class=\"wp-block-heading\">Hochdruckvernebelung mit TS-Ventilatoren<\/h2>\n\n\n\n<p><strong>Untersuchungen haben gezeigt, dass ab einer Temperatur von 22\u00b0C eine Milchkuh eine verringerte Futteraufnahme zeigt und dadurch an K\u00f6rpergewicht verliert. Die Milchproduktion nimmt ab und kann \u00fcber einen l\u00e4ngeren Zeitraum unter den Normen bleiben. <\/strong><\/p>\n\n\n\n<p>Hochleistungsmilchk\u00fche sind am empfindlichsten gegen\u00fcber den Folgen von Hitzestress. Der Grad des Hitzestresses wird durch Umweltfaktoren wie Lufttemperatur, Luftfeuchtigkeit, Luftgeschwindigkeit und direkte Sonneneinstrahlung bestimmt. Als Viehhalter k\u00f6nnen Sie daf\u00fcr sorgen, dass in Ihrem Stall ausreichend Luft zirkuliert und reichlich frisches Trinkwasser vorhanden ist, aber oft reicht das nicht aus, um die Hitze zu besiegen!<\/p>\n\n\n\n<figure class=\"wp-block-gallery has-nested-images columns-default is-cropped wp-block-gallery-1 is-layout-flex wp-block-gallery-is-layout-flex\">\n<figure class=\"wp-block-image size-large\"><img loading=\"lazy\" decoding=\"async\" width=\"768\" height=\"1024\" data-id=\"2203\" src=\"https:\/\/swaving.nl\/wp-content\/uploads\/2024\/06\/swaving-ventilatie-nozzles-van-zijkant-onder-768x1024.jpg\" alt=\"\" class=\"wp-image-2203\" srcset=\"https:\/\/swaving.nl\/wp-content\/uploads\/2024\/06\/swaving-ventilatie-nozzles-van-zijkant-onder-768x1024.jpg 768w, https:\/\/swaving.nl\/wp-content\/uploads\/2024\/06\/swaving-ventilatie-nozzles-van-zijkant-onder-225x300.jpg 225w, https:\/\/swaving.nl\/wp-content\/uploads\/2024\/06\/swaving-ventilatie-nozzles-van-zijkant-onder.jpg 1080w\" sizes=\"auto, (max-width: 768px) 100vw, 768px\" \/><\/figure>\n\n\n\n<figure class=\"wp-block-image size-large\"><img loading=\"lazy\" decoding=\"async\" width=\"768\" height=\"1024\" data-id=\"2191\" src=\"https:\/\/swaving.nl\/wp-content\/uploads\/2024\/06\/swaving-ventilatie-1-nozzle-768x1024.jpg\" alt=\"\" class=\"wp-image-2191\" srcset=\"https:\/\/swaving.nl\/wp-content\/uploads\/2024\/06\/swaving-ventilatie-1-nozzle-768x1024.jpg 768w, https:\/\/swaving.nl\/wp-content\/uploads\/2024\/06\/swaving-ventilatie-1-nozzle-225x300.jpg 225w, https:\/\/swaving.nl\/wp-content\/uploads\/2024\/06\/swaving-ventilatie-1-nozzle-1152x1536.jpg 1152w, https:\/\/swaving.nl\/wp-content\/uploads\/2024\/06\/swaving-ventilatie-1-nozzle.jpg 1200w\" sizes=\"auto, (max-width: 768px) 100vw, 768px\" \/><\/figure>\n<\/figure>\n\n\n\n<p>Untersuchungen haben gezeigt, dass ein Hochdruckvernebelungssystem in Kombination mit ausreichend Schatten und Luftbewegung einen sehr positiven Einfluss auf die Produktion Ihrer Milchk\u00fche w\u00e4hrend der warmen Jahreszeiten hat. Das Wasser verdunstet in der Stalluft, f\u00fcr die Verdunstung wird W\u00e4rme ben\u00f6tigt, diese W\u00e4rme wird der Umgebungsluft entzogen, wodurch sich die Stalluft abk\u00fchlt. Das Vorhandensein eines Ventilators in der N\u00e4he der D\u00fcsen erh\u00f6ht die Verdunstungsgeschwindigkeit und erh\u00f6ht die Effizienz des K\u00fchlsystems.<\/p>\n\n\n\n<p>Untersuchungsergebnisse zeigen, dass in Kuhst\u00e4llen mit Hochdruckvernebelungssystemen w\u00e4hrend der warmen Jahreszeiten eine erh\u00f6hte Milchproduktion zu verzeichnen ist. Im Allgemeinen werden die besten Ergebnisse mit der Kombination von Vernebelung und Ventilatoren erzielt.<\/p>\n","protected":false},"excerpt":{"rendered":"<p>Hochdruckvernebelung mit TS-Ventilatoren Untersuchungen haben gezeigt, dass ab einer Temperatur von 22\u00b0C eine Milchkuh eine verringerte Futteraufnahme zeigt und dadurch an K\u00f6rpergewicht verliert. Die Milchproduktion nimmt ab und kann \u00fcber einen l\u00e4ngeren Zeitraum unter den Normen bleiben. Hochleistungsmilchk\u00fche sind am empfindlichsten gegen\u00fcber den Folgen von Hitzestress. Der Grad des Hitzestresses wird durch Umweltfaktoren wie Lufttemperatur,&hellip;<\/p>\n","protected":false},"author":1,"featured_media":2205,"parent":20042,"menu_order":0,"comment_status":"closed","ping_status":"closed","template":"","meta":{"_acf_changed":false,"footnotes":""},"categories":[40],"tags":[],"class_list":["post-20185","page","type-page","status-publish","has-post-thumbnail","hentry","category-beluftung"],"acf":[],"_links":{"self":[{"href":"https:\/\/swaving.nl\/de\/wp-json\/wp\/v2\/pages\/20185","targetHints":{"allow":["GET"]}}],"collection":[{"href":"https:\/\/swaving.nl\/de\/wp-json\/wp\/v2\/pages"}],"about":[{"href":"https:\/\/swaving.nl\/de\/wp-json\/wp\/v2\/types\/page"}],"author":[{"embeddable":true,"href":"https:\/\/swaving.nl\/de\/wp-json\/wp\/v2\/users\/1"}],"replies":[{"embeddable":true,"href":"https:\/\/swaving.nl\/de\/wp-json\/wp\/v2\/comments?post=20185"}],"version-history":[{"count":2,"href":"https:\/\/swaving.nl\/de\/wp-json\/wp\/v2\/pages\/20185\/revisions"}],"predecessor-version":[{"id":20307,"href":"https:\/\/swaving.nl\/de\/wp-json\/wp\/v2\/pages\/20185\/revisions\/20307"}],"up":[{"embeddable":true,"href":"https:\/\/swaving.nl\/de\/wp-json\/wp\/v2\/pages\/20042"}],"wp:featuredmedia":[{"embeddable":true,"href":"https:\/\/swaving.nl\/de\/wp-json\/wp\/v2\/media\/2205"}],"wp:attachment":[{"href":"https:\/\/swaving.nl\/de\/wp-json\/wp\/v2\/media?parent=20185"}],"wp:term":[{"taxonomy":"category","embeddable":true,"href":"https:\/\/swaving.nl\/de\/wp-json\/wp\/v2\/categories?post=20185"},{"taxonomy":"post_tag","embeddable":true,"href":"https:\/\/swaving.nl\/de\/wp-json\/wp\/v2\/tags?post=20185"}],"curies":[{"name":"wp","href":"https:\/\/api.w.org\/{rel}","templated":true}]}}