{"id":20189,"date":"2024-04-22T15:08:08","date_gmt":"2024-04-22T15:08:08","guid":{"rendered":"https:\/\/swaving.nl\/angebot\/wasser\/wasserversorgung\/"},"modified":"2024-09-06T13:12:07","modified_gmt":"2024-09-06T13:12:07","slug":"wasserversorgung","status":"publish","type":"page","link":"https:\/\/swaving.nl\/de\/angebot\/wasser\/wasserversorgung\/","title":{"rendered":"Wasserversorgung"},"content":{"rendered":"\n<p><strong>Swaving Stalltechnik ist auch auf die Renovierung Ihrer Wasserinstallation spezialisiert. Wir k\u00f6nnen Ihr Niederdrucksystem in ein Hochdrucksystem umwandeln, so dass immer viel frisches Wasser in den Tr\u00e4nken vorhanden ist.<\/strong><\/p>\n\n\n\n<p>Wir haben auch sehr benutzerfreundliche Tr\u00e4nken, die schnell und einfach gereinigt werden k\u00f6nnen.<\/p>\n\n\n\n<figure class=\"wp-block-gallery has-nested-images columns-default is-cropped wp-block-gallery-1 is-layout-flex wp-block-gallery-is-layout-flex\">\n<figure class=\"wp-block-image size-large\"><a href=\"https:\/\/swaving.nl\/wp-content\/uploads\/2024\/05\/swaving-watervoorziening-20190312-WA00071.jpeg\"><img loading=\"lazy\" decoding=\"async\" width=\"768\" height=\"1024\" data-id=\"911\" src=\"https:\/\/swaving.nl\/wp-content\/uploads\/2024\/05\/swaving-watervoorziening-20190312-WA00071-768x1024.jpeg\" alt=\"\" class=\"wp-image-911\" srcset=\"https:\/\/swaving.nl\/wp-content\/uploads\/2024\/05\/swaving-watervoorziening-20190312-WA00071-768x1024.jpeg 768w, https:\/\/swaving.nl\/wp-content\/uploads\/2024\/05\/swaving-watervoorziening-20190312-WA00071-225x300.jpeg 225w, https:\/\/swaving.nl\/wp-content\/uploads\/2024\/05\/swaving-watervoorziening-20190312-WA00071.jpeg 900w\" sizes=\"auto, (max-width: 768px) 100vw, 768px\" \/><\/a><\/figure>\n\n\n\n<figure class=\"wp-block-image size-large\"><a href=\"https:\/\/swaving.nl\/wp-content\/uploads\/2024\/05\/swaving-watervoorziening-20190308_0826161.jpeg\"><img loading=\"lazy\" decoding=\"async\" width=\"768\" height=\"1024\" data-id=\"910\" src=\"https:\/\/swaving.nl\/wp-content\/uploads\/2024\/05\/swaving-watervoorziening-20190308_0826161-768x1024.jpeg\" alt=\"\" class=\"wp-image-910\" srcset=\"https:\/\/swaving.nl\/wp-content\/uploads\/2024\/05\/swaving-watervoorziening-20190308_0826161-768x1024.jpeg 768w, https:\/\/swaving.nl\/wp-content\/uploads\/2024\/05\/swaving-watervoorziening-20190308_0826161-225x300.jpeg 225w, https:\/\/swaving.nl\/wp-content\/uploads\/2024\/05\/swaving-watervoorziening-20190308_0826161.jpeg 900w\" sizes=\"auto, (max-width: 768px) 100vw, 768px\" \/><\/a><\/figure>\n\n\n\n<figure class=\"wp-block-image size-large\"><a href=\"https:\/\/swaving.nl\/wp-content\/uploads\/2024\/05\/swaving-enkele-drinkbak-bak.jpg\"><img loading=\"lazy\" decoding=\"async\" width=\"750\" height=\"580\" data-id=\"920\" src=\"https:\/\/swaving.nl\/wp-content\/uploads\/2024\/05\/swaving-enkele-drinkbak-bak.jpg\" alt=\"\" class=\"wp-image-920\" srcset=\"https:\/\/swaving.nl\/wp-content\/uploads\/2024\/05\/swaving-enkele-drinkbak-bak.jpg 750w, https:\/\/swaving.nl\/wp-content\/uploads\/2024\/05\/swaving-enkele-drinkbak-bak-300x232.jpg 300w\" sizes=\"auto, (max-width: 750px) 100vw, 750px\" \/><\/a><\/figure>\n\n\n\n<figure class=\"wp-block-image size-large\"><a href=\"https:\/\/swaving.nl\/wp-content\/uploads\/2024\/05\/swaving-watervoorziening-Roosterbevochtiging-Pickopie.jpg\"><img loading=\"lazy\" decoding=\"async\" width=\"1024\" height=\"576\" data-id=\"907\" src=\"https:\/\/swaving.nl\/wp-content\/uploads\/2024\/05\/swaving-watervoorziening-Roosterbevochtiging-Pickopie-1024x576.jpg\" alt=\"\" class=\"wp-image-907\" srcset=\"https:\/\/swaving.nl\/wp-content\/uploads\/2024\/05\/swaving-watervoorziening-Roosterbevochtiging-Pickopie-1024x576.jpg 1024w, https:\/\/swaving.nl\/wp-content\/uploads\/2024\/05\/swaving-watervoorziening-Roosterbevochtiging-Pickopie-300x169.jpg 300w, https:\/\/swaving.nl\/wp-content\/uploads\/2024\/05\/swaving-watervoorziening-Roosterbevochtiging-Pickopie-768x432.jpg 768w, https:\/\/swaving.nl\/wp-content\/uploads\/2024\/05\/swaving-watervoorziening-Roosterbevochtiging-Pickopie-1536x864.jpg 1536w, https:\/\/swaving.nl\/wp-content\/uploads\/2024\/05\/swaving-watervoorziening-Roosterbevochtiging-Pickopie.jpg 1920w\" sizes=\"auto, (max-width: 1024px) 100vw, 1024px\" \/><\/a><\/figure>\n\n\n\n<figure class=\"wp-block-image size-large\"><a href=\"https:\/\/swaving.nl\/wp-content\/uploads\/2024\/05\/swaving-volume-drinkbakken-Schnellablauftrog.jpg\"><img loading=\"lazy\" decoding=\"async\" width=\"945\" height=\"868\" data-id=\"927\" src=\"https:\/\/swaving.nl\/wp-content\/uploads\/2024\/05\/swaving-volume-drinkbakken-Schnellablauftrog.jpg\" alt=\"\" class=\"wp-image-927\" srcset=\"https:\/\/swaving.nl\/wp-content\/uploads\/2024\/05\/swaving-volume-drinkbakken-Schnellablauftrog.jpg 945w, https:\/\/swaving.nl\/wp-content\/uploads\/2024\/05\/swaving-volume-drinkbakken-Schnellablauftrog-300x276.jpg 300w, https:\/\/swaving.nl\/wp-content\/uploads\/2024\/05\/swaving-volume-drinkbakken-Schnellablauftrog-768x705.jpg 768w\" sizes=\"auto, (max-width: 945px) 100vw, 945px\" \/><\/a><\/figure>\n<\/figure>\n\n\n\n<hr class=\"wp-block-separator has-alpha-channel-opacity\"\/>\n\n\n\n<h2 class=\"wp-block-heading\">Wasserversorgung und Hydrophore Pumpen<\/h2>\n\n\n\n<p>Wasserversorgung ist ein umfassender Begriff. Swaving bietet verschiedene Optionen sowohl f\u00fcr Viehst\u00e4lle als auch f\u00fcr Privatpersonen (Hobbybauern) an.<\/p>\n\n\n\n<figure class=\"wp-block-image size-large\"><a href=\"https:\/\/swaving.nl\/wp-content\/uploads\/2024\/05\/swaving-watervoorziening-Bregman-2_1.jpeg\"><img loading=\"lazy\" decoding=\"async\" width=\"1024\" height=\"768\" src=\"https:\/\/swaving.nl\/wp-content\/uploads\/2024\/05\/swaving-watervoorziening-Bregman-2_1-1024x768.jpeg\" alt=\"\" class=\"wp-image-912\" srcset=\"https:\/\/swaving.nl\/wp-content\/uploads\/2024\/05\/swaving-watervoorziening-Bregman-2_1-1024x768.jpeg 1024w, https:\/\/swaving.nl\/wp-content\/uploads\/2024\/05\/swaving-watervoorziening-Bregman-2_1-300x225.jpeg 300w, https:\/\/swaving.nl\/wp-content\/uploads\/2024\/05\/swaving-watervoorziening-Bregman-2_1-768x576.jpeg 768w, https:\/\/swaving.nl\/wp-content\/uploads\/2024\/05\/swaving-watervoorziening-Bregman-2_1-1536x1152.jpeg 1536w, https:\/\/swaving.nl\/wp-content\/uploads\/2024\/05\/swaving-watervoorziening-Bregman-2_1.jpeg 1600w\" sizes=\"auto, (max-width: 1024px) 100vw, 1024px\" \/><\/a><\/figure>\n\n\n\n<p>Sowohl f\u00fcr die Zufuhr (Transport) als auch f\u00fcr Tr\u00e4nken haben wir ein breites Sortiment und sehr kosteng\u00fcnstige Anwendungen im Bereich Tr\u00e4nken, Armaturen und Pumpen. Diese k\u00f6nnen einzeln oder mit Anschl\u00fcssen (Armaturen) bestellt oder von unseren erfahrenen Mitarbeitern installiert werden.<\/p>\n\n\n\n<p>Alle g\u00e4ngigen Rohrleitungsdurchmesser und \u00dcbergangsst\u00fccke sind m\u00f6glich.<\/p>\n\n\n\n<hr class=\"wp-block-separator has-alpha-channel-opacity\"\/>\n\n\n\n<h2 class=\"wp-block-heading\">Pufferspeicher<\/h2>\n\n\n\n<p>Swaving liefert verschiedene Pufferspeicher aus dickwandigem PE mit einem Fassungsverm\u00f6gen von 250 Litern bis 5000 Litern.<\/p>\n\n\n\n<figure class=\"wp-block-image size-full is-resized\"><img loading=\"lazy\" decoding=\"async\" width=\"800\" height=\"417\" src=\"https:\/\/swaving.nl\/wp-content\/uploads\/2024\/05\/swaving-watervoorziening-Buffertanks.png\" alt=\"\" class=\"wp-image-999\" style=\"width:675px;height:auto\" srcset=\"https:\/\/swaving.nl\/wp-content\/uploads\/2024\/05\/swaving-watervoorziening-Buffertanks.png 800w, https:\/\/swaving.nl\/wp-content\/uploads\/2024\/05\/swaving-watervoorziening-Buffertanks-300x156.png 300w, https:\/\/swaving.nl\/wp-content\/uploads\/2024\/05\/swaving-watervoorziening-Buffertanks-768x400.png 768w\" sizes=\"auto, (max-width: 800px) 100vw, 800px\" \/><\/figure>\n\n\n\n<hr class=\"wp-block-separator has-alpha-channel-opacity\"\/>\n\n\n\n<h2 class=\"wp-block-heading\">Schwimmer<\/h2>\n\n\n\n<p>F\u00fcr die Steuerung der Wasserzufuhr oder Elektrizit\u00e4t stehen verschiedene L\u00f6sungen zur Verf\u00fcgung:<\/p>\n\n\n\n<div class=\"wp-block-columns is-layout-flex wp-container-core-columns-is-layout-9d6595d7 wp-block-columns-is-layout-flex\">\n<div class=\"wp-block-column is-layout-flow wp-block-column-is-layout-flow\">\n<figure class=\"wp-block-image size-large\"><img loading=\"lazy\" decoding=\"async\" width=\"668\" height=\"1024\" src=\"https:\/\/swaving.nl\/wp-content\/uploads\/2024\/06\/swaving-water-vlotters-Ventil-Mod.-717-668x1024.jpg\" alt=\"\" class=\"wp-image-2238\" srcset=\"https:\/\/swaving.nl\/wp-content\/uploads\/2024\/06\/swaving-water-vlotters-Ventil-Mod.-717-668x1024.jpg 668w, https:\/\/swaving.nl\/wp-content\/uploads\/2024\/06\/swaving-water-vlotters-Ventil-Mod.-717-196x300.jpg 196w, https:\/\/swaving.nl\/wp-content\/uploads\/2024\/06\/swaving-water-vlotters-Ventil-Mod.-717-768x1178.jpg 768w, https:\/\/swaving.nl\/wp-content\/uploads\/2024\/06\/swaving-water-vlotters-Ventil-Mod.-717.jpg 939w\" sizes=\"auto, (max-width: 668px) 100vw, 668px\" \/><\/figure>\n<\/div>\n\n\n\n<div class=\"wp-block-column is-layout-flow wp-block-column-is-layout-flow\">\n<figure class=\"wp-block-image size-full is-resized\"><img loading=\"lazy\" decoding=\"async\" width=\"1000\" height=\"706\" src=\"https:\/\/swaving.nl\/wp-content\/uploads\/2024\/06\/swaving-water-vlotters-131.0874-Mod-874-Einh-MAXIFLOW.jpg\" alt=\"\" class=\"wp-image-2235\" style=\"width:274px;height:auto\" srcset=\"https:\/\/swaving.nl\/wp-content\/uploads\/2024\/06\/swaving-water-vlotters-131.0874-Mod-874-Einh-MAXIFLOW.jpg 1000w, https:\/\/swaving.nl\/wp-content\/uploads\/2024\/06\/swaving-water-vlotters-131.0874-Mod-874-Einh-MAXIFLOW-300x212.jpg 300w, https:\/\/swaving.nl\/wp-content\/uploads\/2024\/06\/swaving-water-vlotters-131.0874-Mod-874-Einh-MAXIFLOW-768x542.jpg 768w\" sizes=\"auto, (max-width: 1000px) 100vw, 1000px\" \/><\/figure>\n\n\n\n<figure class=\"wp-block-image size-large\"><img loading=\"lazy\" decoding=\"async\" width=\"972\" height=\"1024\" src=\"https:\/\/swaving.nl\/wp-content\/uploads\/2024\/06\/swaving-water-vlotters-MAXIFLOW-Ansicht-1-972x1024.jpg\" alt=\"\" class=\"wp-image-2229\" srcset=\"https:\/\/swaving.nl\/wp-content\/uploads\/2024\/06\/swaving-water-vlotters-MAXIFLOW-Ansicht-1-972x1024.jpg 972w, https:\/\/swaving.nl\/wp-content\/uploads\/2024\/06\/swaving-water-vlotters-MAXIFLOW-Ansicht-1-285x300.jpg 285w, https:\/\/swaving.nl\/wp-content\/uploads\/2024\/06\/swaving-water-vlotters-MAXIFLOW-Ansicht-1-768x809.jpg 768w, https:\/\/swaving.nl\/wp-content\/uploads\/2024\/06\/swaving-water-vlotters-MAXIFLOW-Ansicht-1.jpg 1000w\" sizes=\"auto, (max-width: 972px) 100vw, 972px\" \/><\/figure>\n<\/div>\n\n\n\n<div class=\"wp-block-column is-layout-flow wp-block-column-is-layout-flow\">\n<figure class=\"wp-block-image size-full\"><img loading=\"lazy\" decoding=\"async\" width=\"1000\" height=\"666\" src=\"https:\/\/swaving.nl\/wp-content\/uploads\/2024\/06\/swaving-water-vlotters-131.0513-Mod-513-Einh-Schwimmer.jpg\" alt=\"\" class=\"wp-image-2232\" srcset=\"https:\/\/swaving.nl\/wp-content\/uploads\/2024\/06\/swaving-water-vlotters-131.0513-Mod-513-Einh-Schwimmer.jpg 1000w, https:\/\/swaving.nl\/wp-content\/uploads\/2024\/06\/swaving-water-vlotters-131.0513-Mod-513-Einh-Schwimmer-300x200.jpg 300w, https:\/\/swaving.nl\/wp-content\/uploads\/2024\/06\/swaving-water-vlotters-131.0513-Mod-513-Einh-Schwimmer-768x511.jpg 768w\" sizes=\"auto, (max-width: 1000px) 100vw, 1000px\" \/><\/figure>\n\n\n\n<figure class=\"wp-block-image size-large\"><img loading=\"lazy\" decoding=\"async\" width=\"786\" height=\"1024\" src=\"https:\/\/swaving.nl\/wp-content\/uploads\/2024\/06\/swaving-water-vlotters-131.0723-Schwimmerventil-MASTERFLOW-786x1024.jpg\" alt=\"\" class=\"wp-image-2241\" srcset=\"https:\/\/swaving.nl\/wp-content\/uploads\/2024\/06\/swaving-water-vlotters-131.0723-Schwimmerventil-MASTERFLOW-786x1024.jpg 786w, https:\/\/swaving.nl\/wp-content\/uploads\/2024\/06\/swaving-water-vlotters-131.0723-Schwimmerventil-MASTERFLOW-230x300.jpg 230w, https:\/\/swaving.nl\/wp-content\/uploads\/2024\/06\/swaving-water-vlotters-131.0723-Schwimmerventil-MASTERFLOW-768x1001.jpg 768w, https:\/\/swaving.nl\/wp-content\/uploads\/2024\/06\/swaving-water-vlotters-131.0723-Schwimmerventil-MASTERFLOW.jpg 1000w\" sizes=\"auto, (max-width: 786px) 100vw, 786px\" \/><\/figure>\n<\/div>\n<\/div>\n\n\n\n<h3 class=\"wp-block-heading\">Suevia Gewichtschwimmer<\/h3>\n\n\n\n<p>Reka 2000 Niveauschalter sch\u00fctzt vor Trockenlauf<\/p>\n\n\n\n<figure class=\"wp-block-image size-full\"><img loading=\"lazy\" decoding=\"async\" width=\"300\" height=\"300\" src=\"https:\/\/swaving.nl\/wp-content\/uploads\/2024\/05\/swaving-watervoorziening-reka-2000-niveauschakelaar.jpeg\" alt=\"\" class=\"wp-image-996\" srcset=\"https:\/\/swaving.nl\/wp-content\/uploads\/2024\/05\/swaving-watervoorziening-reka-2000-niveauschakelaar.jpeg 300w, https:\/\/swaving.nl\/wp-content\/uploads\/2024\/05\/swaving-watervoorziening-reka-2000-niveauschakelaar-150x150.jpeg 150w\" sizes=\"auto, (max-width: 300px) 100vw, 300px\" \/><\/figure>\n","protected":false},"excerpt":{"rendered":"<p>Swaving Stalltechnik ist auch auf die Renovierung Ihrer Wasserinstallation spezialisiert. Wir k\u00f6nnen Ihr Niederdrucksystem in ein Hochdrucksystem umwandeln, so dass immer viel frisches Wasser in den Tr\u00e4nken vorhanden ist. Wir haben auch sehr benutzerfreundliche Tr\u00e4nken, die schnell und einfach gereinigt werden k\u00f6nnen. Wasserversorgung und Hydrophore Pumpen Wasserversorgung ist ein umfassender Begriff. Swaving bietet verschiedene Optionen&hellip;<\/p>\n","protected":false},"author":1,"featured_media":1549,"parent":20040,"menu_order":0,"comment_status":"closed","ping_status":"closed","template":"","meta":{"_acf_changed":false,"footnotes":""},"categories":[34],"tags":[],"class_list":["post-20189","page","type-page","status-publish","has-post-thumbnail","hentry","category-wasser"],"acf":[],"_links":{"self":[{"href":"https:\/\/swaving.nl\/de\/wp-json\/wp\/v2\/pages\/20189","targetHints":{"allow":["GET"]}}],"collection":[{"href":"https:\/\/swaving.nl\/de\/wp-json\/wp\/v2\/pages"}],"about":[{"href":"https:\/\/swaving.nl\/de\/wp-json\/wp\/v2\/types\/page"}],"author":[{"embeddable":true,"href":"https:\/\/swaving.nl\/de\/wp-json\/wp\/v2\/users\/1"}],"replies":[{"embeddable":true,"href":"https:\/\/swaving.nl\/de\/wp-json\/wp\/v2\/comments?post=20189"}],"version-history":[{"count":2,"href":"https:\/\/swaving.nl\/de\/wp-json\/wp\/v2\/pages\/20189\/revisions"}],"predecessor-version":[{"id":20336,"href":"https:\/\/swaving.nl\/de\/wp-json\/wp\/v2\/pages\/20189\/revisions\/20336"}],"up":[{"embeddable":true,"href":"https:\/\/swaving.nl\/de\/wp-json\/wp\/v2\/pages\/20040"}],"wp:featuredmedia":[{"embeddable":true,"href":"https:\/\/swaving.nl\/de\/wp-json\/wp\/v2\/media\/1549"}],"wp:attachment":[{"href":"https:\/\/swaving.nl\/de\/wp-json\/wp\/v2\/media?parent=20189"}],"wp:term":[{"taxonomy":"category","embeddable":true,"href":"https:\/\/swaving.nl\/de\/wp-json\/wp\/v2\/categories?post=20189"},{"taxonomy":"post_tag","embeddable":true,"href":"https:\/\/swaving.nl\/de\/wp-json\/wp\/v2\/tags?post=20189"}],"curies":[{"name":"wp","href":"https:\/\/api.w.org\/{rel}","templated":true}]}}