{"id":20193,"date":"2024-04-22T15:08:27","date_gmt":"2024-04-22T15:08:27","guid":{"rendered":"https:\/\/swaving.nl\/angebot\/wasser\/traenke\/"},"modified":"2024-09-06T13:07:13","modified_gmt":"2024-09-06T13:07:13","slug":"traenke","status":"publish","type":"page","link":"https:\/\/swaving.nl\/de\/angebot\/wasser\/traenke\/","title":{"rendered":"Tr\u00e4nke"},"content":{"rendered":"\n<p><strong>Wir arbeiten mit verschiedenen Marken, haupts\u00e4chlich Suevia. Selbstverst\u00e4ndlich k\u00f6nnen wir auf Wunsch auch alle m\u00f6glichen Marken von Wasser-\/Tr\u00e4nkbecken liefern. Bez\u00fcglich von Teilen wie Schwimmern haben wir verschiedene Artikel auf Lager.  <\/strong><\/p>\n\n\n\n<h2 class=\"wp-block-heading\">Volumen-Tr\u00e4nkbecken<\/h2>\n\n\n\n<p><em>(Eine Auswahl aus unserem Sortiment)<\/em><\/p>\n\n\n\n<div class=\"wp-block-columns is-layout-flex wp-container-core-columns-is-layout-9d6595d7 wp-block-columns-is-layout-flex\">\n<div class=\"wp-block-column is-layout-flow wp-block-column-is-layout-flow\">\n<h3 class=\"wp-block-heading\">Schnellentleerungstr\u00e4nke<\/h3>\n\n\n\n<figure class=\"wp-block-image size-large\"><a href=\"https:\/\/swaving.nl\/wp-content\/uploads\/2024\/07\/Swaving-Snelafvoer-drinkbak-130.6714.jpg\"><img loading=\"lazy\" decoding=\"async\" width=\"1024\" height=\"617\" src=\"https:\/\/swaving.nl\/wp-content\/uploads\/2024\/07\/Swaving-Snelafvoer-drinkbak-130.6714-1024x617.jpg\" alt=\"\" class=\"wp-image-19889\" srcset=\"https:\/\/swaving.nl\/wp-content\/uploads\/2024\/07\/Swaving-Snelafvoer-drinkbak-130.6714-1024x617.jpg 1024w, https:\/\/swaving.nl\/wp-content\/uploads\/2024\/07\/Swaving-Snelafvoer-drinkbak-130.6714-300x181.jpg 300w, https:\/\/swaving.nl\/wp-content\/uploads\/2024\/07\/Swaving-Snelafvoer-drinkbak-130.6714-768x463.jpg 768w, https:\/\/swaving.nl\/wp-content\/uploads\/2024\/07\/Swaving-Snelafvoer-drinkbak-130.6714.jpg 1440w\" sizes=\"auto, (max-width: 1024px) 100vw, 1024px\" \/><\/a><\/figure>\n<\/div>\n\n\n\n<div class=\"wp-block-column is-layout-flow wp-block-column-is-layout-flow\">\n<h3 class=\"wp-block-heading\">Eco-line Volumen-Tr\u00e4nke<\/h3>\n\n\n\n<figure class=\"wp-block-image size-large\"><a href=\"https:\/\/swaving.nl\/wp-content\/uploads\/2024\/05\/swaving-Eco-line-volume-drinkbak-1000008156.png\"><img loading=\"lazy\" decoding=\"async\" width=\"1024\" height=\"536\" src=\"https:\/\/swaving.nl\/wp-content\/uploads\/2024\/05\/swaving-Eco-line-volume-drinkbak-1000008156-1024x536.png\" alt=\"\" class=\"wp-image-1962\" srcset=\"https:\/\/swaving.nl\/wp-content\/uploads\/2024\/05\/swaving-Eco-line-volume-drinkbak-1000008156-1024x536.png 1024w, https:\/\/swaving.nl\/wp-content\/uploads\/2024\/05\/swaving-Eco-line-volume-drinkbak-1000008156-300x157.png 300w, https:\/\/swaving.nl\/wp-content\/uploads\/2024\/05\/swaving-Eco-line-volume-drinkbak-1000008156-768x402.png 768w, https:\/\/swaving.nl\/wp-content\/uploads\/2024\/05\/swaving-Eco-line-volume-drinkbak-1000008156.png 1440w\" sizes=\"auto, (max-width: 1024px) 100vw, 1024px\" \/><\/a><\/figure>\n<\/div>\n\n\n\n<div class=\"wp-block-column is-layout-flow wp-block-column-is-layout-flow\">\n<h3 class=\"wp-block-heading\">Maxi-line Tr\u00e4nkbecken<\/h3>\n\n\n\n<figure class=\"wp-block-image size-large\"><img loading=\"lazy\" decoding=\"async\" width=\"1024\" height=\"313\" src=\"https:\/\/swaving.nl\/wp-content\/uploads\/2024\/06\/swaving-drinkbakken-maxi-line-drinkbakken-1024x313.jpg\" alt=\"\" class=\"wp-image-19662\" srcset=\"https:\/\/swaving.nl\/wp-content\/uploads\/2024\/06\/swaving-drinkbakken-maxi-line-drinkbakken-1024x313.jpg 1024w, https:\/\/swaving.nl\/wp-content\/uploads\/2024\/06\/swaving-drinkbakken-maxi-line-drinkbakken-300x92.jpg 300w, https:\/\/swaving.nl\/wp-content\/uploads\/2024\/06\/swaving-drinkbakken-maxi-line-drinkbakken-768x235.jpg 768w, https:\/\/swaving.nl\/wp-content\/uploads\/2024\/06\/swaving-drinkbakken-maxi-line-drinkbakken.jpg 1440w\" sizes=\"auto, (max-width: 1024px) 100vw, 1024px\" \/><\/figure>\n<\/div>\n<\/div>\n\n\n\n<div class=\"wp-block-columns is-layout-flex wp-container-core-columns-is-layout-9d6595d7 wp-block-columns-is-layout-flex\">\n<div class=\"wp-block-column is-layout-flow wp-block-column-is-layout-flow\">\n<h3 class=\"wp-block-heading\">Rondo-line Tr\u00e4nkbecken<\/h3>\n\n\n\n<figure class=\"wp-block-image size-large\"><img loading=\"lazy\" decoding=\"async\" width=\"1024\" height=\"768\" src=\"https:\/\/swaving.nl\/wp-content\/uploads\/2024\/06\/swaving-drinkbak-Ronde-drinkbak-1024x768.jpg\" alt=\"\" class=\"wp-image-19657\" srcset=\"https:\/\/swaving.nl\/wp-content\/uploads\/2024\/06\/swaving-drinkbak-Ronde-drinkbak-1024x768.jpg 1024w, https:\/\/swaving.nl\/wp-content\/uploads\/2024\/06\/swaving-drinkbak-Ronde-drinkbak-300x225.jpg 300w, https:\/\/swaving.nl\/wp-content\/uploads\/2024\/06\/swaving-drinkbak-Ronde-drinkbak-768x576.jpg 768w, https:\/\/swaving.nl\/wp-content\/uploads\/2024\/06\/swaving-drinkbak-Ronde-drinkbak.jpg 1440w\" sizes=\"auto, (max-width: 1024px) 100vw, 1024px\" \/><\/figure>\n<\/div>\n\n\n\n<div class=\"wp-block-column is-layout-flow wp-block-column-is-layout-flow\">\n<h3 class=\"wp-block-heading\">Compact Line<\/h3>\n\n\n\n<figure class=\"wp-block-image size-large is-resized\"><img loading=\"lazy\" decoding=\"async\" width=\"1024\" height=\"764\" src=\"https:\/\/swaving.nl\/wp-content\/uploads\/2024\/07\/Swaving-drinkbak-Compact-line-130.6140-1024x764.jpg\" alt=\"\" class=\"wp-image-19892\" style=\"width:250px\" srcset=\"https:\/\/swaving.nl\/wp-content\/uploads\/2024\/07\/Swaving-drinkbak-Compact-line-130.6140-1024x764.jpg 1024w, https:\/\/swaving.nl\/wp-content\/uploads\/2024\/07\/Swaving-drinkbak-Compact-line-130.6140-300x224.jpg 300w, https:\/\/swaving.nl\/wp-content\/uploads\/2024\/07\/Swaving-drinkbak-Compact-line-130.6140-768x573.jpg 768w, https:\/\/swaving.nl\/wp-content\/uploads\/2024\/07\/Swaving-drinkbak-Compact-line-130.6140.jpg 1440w\" sizes=\"auto, (max-width: 1024px) 100vw, 1024px\" \/><\/figure>\n<\/div>\n\n\n\n<div class=\"wp-block-column is-layout-flow wp-block-column-is-layout-flow\"><\/div>\n<\/div>\n\n\n\n<hr class=\"wp-block-separator has-alpha-channel-opacity\"\/>\n\n\n\n<h2 class=\"wp-block-heading\">Sto\u00dfschutz f\u00fcr Ihre Tr\u00e4nke<\/h2>\n\n\n\n<div class=\"wp-block-columns is-layout-flex wp-container-core-columns-is-layout-9d6595d7 wp-block-columns-is-layout-flex\">\n<div class=\"wp-block-column is-layout-flow wp-block-column-is-layout-flow\" style=\"flex-basis:33.33%\">\n<figure class=\"wp-block-image size-large\"><img loading=\"lazy\" decoding=\"async\" width=\"768\" height=\"1024\" src=\"https:\/\/swaving.nl\/wp-content\/uploads\/2024\/05\/swaving-waterbak-beschermkap-768x1024.jpg\" alt=\"\" class=\"wp-image-944\" srcset=\"https:\/\/swaving.nl\/wp-content\/uploads\/2024\/05\/swaving-waterbak-beschermkap-768x1024.jpg 768w, https:\/\/swaving.nl\/wp-content\/uploads\/2024\/05\/swaving-waterbak-beschermkap-225x300.jpg 225w, https:\/\/swaving.nl\/wp-content\/uploads\/2024\/05\/swaving-waterbak-beschermkap.jpg 900w\" sizes=\"auto, (max-width: 768px) 100vw, 768px\" \/><\/figure>\n<\/div>\n\n\n\n<div class=\"wp-block-column is-layout-flow wp-block-column-is-layout-flow\" style=\"flex-basis:66.66%\">\n<ul class=\"wp-block-list\">\n<li>Die abgerundete Kante der Tr\u00e4nken ist eine tierfreundliche L\u00f6sung.<\/li>\n\n\n\n<li>Erh\u00e4ltlich in L\u00e4ngen von 100 cm, 200 cm und 300 cm.<\/li>\n<\/ul>\n<\/div>\n<\/div>\n\n\n\n<hr class=\"wp-block-separator has-alpha-channel-opacity\"\/>\n\n\n\n<div class=\"wp-block-columns is-layout-flex wp-container-core-columns-is-layout-9d6595d7 wp-block-columns-is-layout-flex\">\n<div class=\"wp-block-column tekst-compact is-layout-flow wp-block-column-is-layout-flow\">\n<h2 class=\"wp-block-heading\">Ventil-Tr\u00e4nkbecken<\/h2>\n\n\n\n<div class=\"wp-block-columns is-layout-flex wp-container-core-columns-is-layout-9d6595d7 wp-block-columns-is-layout-flex\">\n<div class=\"wp-block-column is-layout-flow wp-block-column-is-layout-flow\">\n<h4 class=\"wp-block-heading\">Suevia Modell 500<\/h4>\n\n\n\n<figure class=\"wp-block-image size-large\"><img loading=\"lazy\" decoding=\"async\" width=\"1024\" height=\"964\" src=\"https:\/\/swaving.nl\/wp-content\/uploads\/2024\/05\/swaving-sneldrinkers-130.0500-Mod.-500-mit-links-rechts-Anschluss-1024x964.jpg\" alt=\"\" class=\"wp-image-923\" srcset=\"https:\/\/swaving.nl\/wp-content\/uploads\/2024\/05\/swaving-sneldrinkers-130.0500-Mod.-500-mit-links-rechts-Anschluss-1024x964.jpg 1024w, https:\/\/swaving.nl\/wp-content\/uploads\/2024\/05\/swaving-sneldrinkers-130.0500-Mod.-500-mit-links-rechts-Anschluss-300x282.jpg 300w, https:\/\/swaving.nl\/wp-content\/uploads\/2024\/05\/swaving-sneldrinkers-130.0500-Mod.-500-mit-links-rechts-Anschluss-768x723.jpg 768w, https:\/\/swaving.nl\/wp-content\/uploads\/2024\/05\/swaving-sneldrinkers-130.0500-Mod.-500-mit-links-rechts-Anschluss.jpg 1440w\" sizes=\"auto, (max-width: 1024px) 100vw, 1024px\" \/><\/figure>\n\n\n\n<p>Ventiltr\u00e4nke, ausgestattet mit einem Nasenventil, Edelstahl Ausf\u00fchrung. Verschiedene Montagem\u00f6glichkeiten. Geeignet f\u00fcr ca. 15-20 K\u00fche. Auch in doppelter Ausf\u00fchrung erh\u00e4ltlich, Modell 520.<\/p>\n<\/div>\n\n\n\n<div class=\"wp-block-column is-layout-flow wp-block-column-is-layout-flow\">\n<h4 class=\"wp-block-heading\">Tr\u00e4nke 600<\/h4>\n\n\n\n<figure class=\"wp-block-image size-large is-resized\"><img loading=\"lazy\" decoding=\"async\" width=\"951\" height=\"1024\" src=\"https:\/\/swaving.nl\/wp-content\/uploads\/2024\/05\/swaving-sneldrinkers-130.0600-Mod.-600-951x1024.jpg\" alt=\"\" class=\"wp-image-921\" style=\"width:180px\" srcset=\"https:\/\/swaving.nl\/wp-content\/uploads\/2024\/05\/swaving-sneldrinkers-130.0600-Mod.-600-951x1024.jpg 951w, https:\/\/swaving.nl\/wp-content\/uploads\/2024\/05\/swaving-sneldrinkers-130.0600-Mod.-600-279x300.jpg 279w, https:\/\/swaving.nl\/wp-content\/uploads\/2024\/05\/swaving-sneldrinkers-130.0600-Mod.-600-768x827.jpg 768w, https:\/\/swaving.nl\/wp-content\/uploads\/2024\/05\/swaving-sneldrinkers-130.0600-Mod.-600-1426x1536.jpg 1426w, https:\/\/swaving.nl\/wp-content\/uploads\/2024\/05\/swaving-sneldrinkers-130.0600-Mod.-600.jpg 1440w\" sizes=\"auto, (max-width: 951px) 100vw, 951px\" \/><\/figure>\n\n\n\n<p>Schwimmertr\u00e4nke, Edelstahl Ausf\u00fchrung. Verschiedene Montagem\u00f6glichkeiten. Geeignet f\u00fcr ca. 15-20 K\u00fche. Auch in doppelter Ausf\u00fchrung erh\u00e4ltlich, Modell 620.<\/p>\n<\/div>\n<\/div>\n<\/div>\n\n\n\n<div class=\"wp-block-column is-layout-flow wp-block-column-is-layout-flow\">\n<h2 class=\"wp-block-heading\">Einzeltr\u00e4nken<\/h2>\n\n\n\n<div class=\"wp-block-columns tekst-compact is-layout-flex wp-container-core-columns-is-layout-9d6595d7 wp-block-columns-is-layout-flex\">\n<div class=\"wp-block-column is-layout-flow wp-block-column-is-layout-flow\">\n<h4 class=\"wp-block-heading\">Suevia 25<\/h4>\n\n\n\n<figure class=\"wp-block-image size-large\"><img loading=\"lazy\" decoding=\"async\" width=\"1024\" height=\"1012\" src=\"https:\/\/swaving.nl\/wp-content\/uploads\/2024\/05\/swaving-enkele-drinkbak-100.0259-Mod.-25R-VA-1024x1012.jpg\" alt=\"\" class=\"wp-image-919\" srcset=\"https:\/\/swaving.nl\/wp-content\/uploads\/2024\/05\/swaving-enkele-drinkbak-100.0259-Mod.-25R-VA-1024x1012.jpg 1024w, https:\/\/swaving.nl\/wp-content\/uploads\/2024\/05\/swaving-enkele-drinkbak-100.0259-Mod.-25R-VA-300x296.jpg 300w, https:\/\/swaving.nl\/wp-content\/uploads\/2024\/05\/swaving-enkele-drinkbak-100.0259-Mod.-25R-VA-768x759.jpg 768w, https:\/\/swaving.nl\/wp-content\/uploads\/2024\/05\/swaving-enkele-drinkbak-100.0259-Mod.-25R-VA.jpg 1440w\" sizes=\"auto, (max-width: 1024px) 100vw, 1024px\" \/><\/figure>\n\n\n\n<p>Emaillierte Tr\u00e4nke ausgestattet mit einem Stangenventil 20l\/min<\/p>\n<\/div>\n\n\n\n<div class=\"wp-block-column is-layout-flow wp-block-column-is-layout-flow\">\n<h4 class=\"wp-block-heading\">Tr\u00e4nke 1200<\/h4>\n\n\n\n<figure class=\"wp-block-image size-large is-resized\"><img loading=\"lazy\" decoding=\"async\" width=\"977\" height=\"1024\" src=\"https:\/\/swaving.nl\/wp-content\/uploads\/2024\/05\/swaving-enkele-drinkbak-100.1209-Mod.-1200-VA-977x1024.jpg\" alt=\"\" class=\"wp-image-918\" style=\"width:180px\" srcset=\"https:\/\/swaving.nl\/wp-content\/uploads\/2024\/05\/swaving-enkele-drinkbak-100.1209-Mod.-1200-VA-977x1024.jpg 977w, https:\/\/swaving.nl\/wp-content\/uploads\/2024\/05\/swaving-enkele-drinkbak-100.1209-Mod.-1200-VA-286x300.jpg 286w, https:\/\/swaving.nl\/wp-content\/uploads\/2024\/05\/swaving-enkele-drinkbak-100.1209-Mod.-1200-VA-768x805.jpg 768w, https:\/\/swaving.nl\/wp-content\/uploads\/2024\/05\/swaving-enkele-drinkbak-100.1209-Mod.-1200-VA.jpg 1440w\" sizes=\"auto, (max-width: 977px) 100vw, 977px\" \/><\/figure>\n\n\n\n<p>Edelstahl Trinkschale mit emaillierter Montagehalterung ausgestattet mit einem Stangenventil 20l\/min<\/p>\n<\/div>\n<\/div>\n<\/div>\n<\/div>\n\n\n\n<hr class=\"wp-block-separator has-alpha-channel-opacity\"\/>\n\n\n\n<h2 class=\"wp-block-heading\">Schwimmer und Verschlusskappen<\/h2>\n\n\n\n<p>F\u00fcr die Steuerung der Wasserzufuhr oder Elektrizit\u00e4t sind verschiedene L\u00f6sungen lieferbar:<\/p>\n\n\n\n<div class=\"wp-block-columns is-layout-flex wp-container-core-columns-is-layout-9d6595d7 wp-block-columns-is-layout-flex\">\n<div class=\"wp-block-column is-layout-flow wp-block-column-is-layout-flow\">\n<figure class=\"wp-block-image size-large\"><img loading=\"lazy\" decoding=\"async\" width=\"668\" height=\"1024\" src=\"https:\/\/swaving.nl\/wp-content\/uploads\/2024\/06\/swaving-water-vlotters-Ventil-Mod.-717-668x1024.jpg\" alt=\"\" class=\"wp-image-2238\" srcset=\"https:\/\/swaving.nl\/wp-content\/uploads\/2024\/06\/swaving-water-vlotters-Ventil-Mod.-717-668x1024.jpg 668w, https:\/\/swaving.nl\/wp-content\/uploads\/2024\/06\/swaving-water-vlotters-Ventil-Mod.-717-196x300.jpg 196w, https:\/\/swaving.nl\/wp-content\/uploads\/2024\/06\/swaving-water-vlotters-Ventil-Mod.-717-768x1178.jpg 768w, https:\/\/swaving.nl\/wp-content\/uploads\/2024\/06\/swaving-water-vlotters-Ventil-Mod.-717.jpg 939w\" sizes=\"auto, (max-width: 668px) 100vw, 668px\" \/><\/figure>\n<\/div>\n\n\n\n<div class=\"wp-block-column is-layout-flow wp-block-column-is-layout-flow\">\n<figure class=\"wp-block-image size-full is-resized\"><img loading=\"lazy\" decoding=\"async\" width=\"1000\" height=\"706\" src=\"https:\/\/swaving.nl\/wp-content\/uploads\/2024\/06\/swaving-water-vlotters-131.0874-Mod-874-Einh-MAXIFLOW.jpg\" alt=\"\" class=\"wp-image-2235\" style=\"width:274px;height:auto\" srcset=\"https:\/\/swaving.nl\/wp-content\/uploads\/2024\/06\/swaving-water-vlotters-131.0874-Mod-874-Einh-MAXIFLOW.jpg 1000w, https:\/\/swaving.nl\/wp-content\/uploads\/2024\/06\/swaving-water-vlotters-131.0874-Mod-874-Einh-MAXIFLOW-300x212.jpg 300w, https:\/\/swaving.nl\/wp-content\/uploads\/2024\/06\/swaving-water-vlotters-131.0874-Mod-874-Einh-MAXIFLOW-768x542.jpg 768w\" sizes=\"auto, (max-width: 1000px) 100vw, 1000px\" \/><\/figure>\n\n\n\n<figure class=\"wp-block-image size-large\"><img loading=\"lazy\" decoding=\"async\" width=\"972\" height=\"1024\" src=\"https:\/\/swaving.nl\/wp-content\/uploads\/2024\/06\/swaving-water-vlotters-MAXIFLOW-Ansicht-1-972x1024.jpg\" alt=\"\" class=\"wp-image-2229\" srcset=\"https:\/\/swaving.nl\/wp-content\/uploads\/2024\/06\/swaving-water-vlotters-MAXIFLOW-Ansicht-1-972x1024.jpg 972w, https:\/\/swaving.nl\/wp-content\/uploads\/2024\/06\/swaving-water-vlotters-MAXIFLOW-Ansicht-1-285x300.jpg 285w, https:\/\/swaving.nl\/wp-content\/uploads\/2024\/06\/swaving-water-vlotters-MAXIFLOW-Ansicht-1-768x809.jpg 768w, https:\/\/swaving.nl\/wp-content\/uploads\/2024\/06\/swaving-water-vlotters-MAXIFLOW-Ansicht-1.jpg 1000w\" sizes=\"auto, (max-width: 972px) 100vw, 972px\" \/><\/figure>\n<\/div>\n\n\n\n<div class=\"wp-block-column is-layout-flow wp-block-column-is-layout-flow\">\n<figure class=\"wp-block-image size-full\"><img loading=\"lazy\" decoding=\"async\" width=\"1000\" height=\"666\" src=\"https:\/\/swaving.nl\/wp-content\/uploads\/2024\/06\/swaving-water-vlotters-131.0513-Mod-513-Einh-Schwimmer.jpg\" alt=\"\" class=\"wp-image-2232\" srcset=\"https:\/\/swaving.nl\/wp-content\/uploads\/2024\/06\/swaving-water-vlotters-131.0513-Mod-513-Einh-Schwimmer.jpg 1000w, https:\/\/swaving.nl\/wp-content\/uploads\/2024\/06\/swaving-water-vlotters-131.0513-Mod-513-Einh-Schwimmer-300x200.jpg 300w, https:\/\/swaving.nl\/wp-content\/uploads\/2024\/06\/swaving-water-vlotters-131.0513-Mod-513-Einh-Schwimmer-768x511.jpg 768w\" sizes=\"auto, (max-width: 1000px) 100vw, 1000px\" \/><\/figure>\n\n\n\n<figure class=\"wp-block-image size-large\"><img loading=\"lazy\" decoding=\"async\" width=\"786\" height=\"1024\" src=\"https:\/\/swaving.nl\/wp-content\/uploads\/2024\/06\/swaving-water-vlotters-131.0723-Schwimmerventil-MASTERFLOW-786x1024.jpg\" alt=\"\" class=\"wp-image-2241\" srcset=\"https:\/\/swaving.nl\/wp-content\/uploads\/2024\/06\/swaving-water-vlotters-131.0723-Schwimmerventil-MASTERFLOW-786x1024.jpg 786w, https:\/\/swaving.nl\/wp-content\/uploads\/2024\/06\/swaving-water-vlotters-131.0723-Schwimmerventil-MASTERFLOW-230x300.jpg 230w, https:\/\/swaving.nl\/wp-content\/uploads\/2024\/06\/swaving-water-vlotters-131.0723-Schwimmerventil-MASTERFLOW-768x1001.jpg 768w, https:\/\/swaving.nl\/wp-content\/uploads\/2024\/06\/swaving-water-vlotters-131.0723-Schwimmerventil-MASTERFLOW.jpg 1000w\" sizes=\"auto, (max-width: 786px) 100vw, 786px\" \/><\/figure>\n<\/div>\n<\/div>\n","protected":false},"excerpt":{"rendered":"<p>Wir arbeiten mit verschiedenen Marken, haupts\u00e4chlich Suevia. Selbstverst\u00e4ndlich k\u00f6nnen wir auf Wunsch auch alle m\u00f6glichen Marken von Wasser-\/Tr\u00e4nkbecken liefern. Bez\u00fcglich von Teilen wie Schwimmern haben wir verschiedene Artikel auf Lager. Volumen-Tr\u00e4nkbecken (Eine Auswahl aus unserem Sortiment) Schnellentleerungstr\u00e4nke Eco-line Volumen-Tr\u00e4nke Maxi-line Tr\u00e4nkbecken Rondo-line Tr\u00e4nkbecken Compact Line Sto\u00dfschutz f\u00fcr Ihre Tr\u00e4nke Ventil-Tr\u00e4nkbecken Suevia Modell 500 Ventiltr\u00e4nke, ausgestattet&hellip;<\/p>\n","protected":false},"author":1,"featured_media":1575,"parent":20040,"menu_order":0,"comment_status":"closed","ping_status":"closed","template":"","meta":{"_acf_changed":false,"footnotes":""},"categories":[34],"tags":[],"class_list":["post-20193","page","type-page","status-publish","has-post-thumbnail","hentry","category-wasser"],"acf":[],"_links":{"self":[{"href":"https:\/\/swaving.nl\/de\/wp-json\/wp\/v2\/pages\/20193","targetHints":{"allow":["GET"]}}],"collection":[{"href":"https:\/\/swaving.nl\/de\/wp-json\/wp\/v2\/pages"}],"about":[{"href":"https:\/\/swaving.nl\/de\/wp-json\/wp\/v2\/types\/page"}],"author":[{"embeddable":true,"href":"https:\/\/swaving.nl\/de\/wp-json\/wp\/v2\/users\/1"}],"replies":[{"embeddable":true,"href":"https:\/\/swaving.nl\/de\/wp-json\/wp\/v2\/comments?post=20193"}],"version-history":[{"count":2,"href":"https:\/\/swaving.nl\/de\/wp-json\/wp\/v2\/pages\/20193\/revisions"}],"predecessor-version":[{"id":20332,"href":"https:\/\/swaving.nl\/de\/wp-json\/wp\/v2\/pages\/20193\/revisions\/20332"}],"up":[{"embeddable":true,"href":"https:\/\/swaving.nl\/de\/wp-json\/wp\/v2\/pages\/20040"}],"wp:featuredmedia":[{"embeddable":true,"href":"https:\/\/swaving.nl\/de\/wp-json\/wp\/v2\/media\/1575"}],"wp:attachment":[{"href":"https:\/\/swaving.nl\/de\/wp-json\/wp\/v2\/media?parent=20193"}],"wp:term":[{"taxonomy":"category","embeddable":true,"href":"https:\/\/swaving.nl\/de\/wp-json\/wp\/v2\/categories?post=20193"},{"taxonomy":"post_tag","embeddable":true,"href":"https:\/\/swaving.nl\/de\/wp-json\/wp\/v2\/tags?post=20193"}],"curies":[{"name":"wp","href":"https:\/\/api.w.org\/{rel}","templated":true}]}}