{"id":20197,"date":"2024-04-22T15:08:45","date_gmt":"2024-04-22T15:08:45","guid":{"rendered":"https:\/\/swaving.nl\/angebot\/wasser\/zirkulationssysteme\/"},"modified":"2024-09-06T13:16:30","modified_gmt":"2024-09-06T13:16:30","slug":"zirkulationssysteme","status":"publish","type":"page","link":"https:\/\/swaving.nl\/de\/angebot\/wasser\/zirkulationssysteme\/","title":{"rendered":"Zirkulationssysteme"},"content":{"rendered":"\n<h2 class=\"wp-block-heading\">Zirkulationssysteme<\/h2>\n\n\n\n<p>Swaving bietet verschiedene Zirkulationssysteme mit eingebauten Heizelementen an.<\/p>\n\n\n\n<hr class=\"wp-block-separator has-alpha-channel-opacity\"\/>\n\n\n\n<h2 class=\"wp-block-heading\">Wassererw\u00e4rmungseinheit<\/h2>\n\n\n\n<ul class=\"wp-block-list\">\n<li>Suevia Modell 303 (200 m Wasserleitung)<\/li>\n\n\n\n<li>Suevia Modell 311 (250 m Wasserleitung)<\/li>\n\n\n\n<li>Suevia Modell 312 (350 m Wasserleitung)<\/li>\n<\/ul>\n\n\n\n<figure class=\"wp-block-gallery has-nested-images columns-default is-cropped wp-block-gallery-1 is-layout-flex wp-block-gallery-is-layout-flex\">\n<figure class=\"wp-block-image size-full\"><a href=\"https:\/\/swaving.nl\/wp-content\/uploads\/2024\/06\/swaving-Warmwaterunit-pomp-Suevia-303.png\"><img loading=\"lazy\" decoding=\"async\" width=\"1000\" height=\"749\" data-id=\"19761\" src=\"https:\/\/swaving.nl\/wp-content\/uploads\/2024\/06\/swaving-Warmwaterunit-pomp-Suevia-303.png\" alt=\"\" class=\"wp-image-19761\" srcset=\"https:\/\/swaving.nl\/wp-content\/uploads\/2024\/06\/swaving-Warmwaterunit-pomp-Suevia-303.png 1000w, https:\/\/swaving.nl\/wp-content\/uploads\/2024\/06\/swaving-Warmwaterunit-pomp-Suevia-303-300x225.png 300w, https:\/\/swaving.nl\/wp-content\/uploads\/2024\/06\/swaving-Warmwaterunit-pomp-Suevia-303-768x575.png 768w\" sizes=\"auto, (max-width: 1000px) 100vw, 1000px\" \/><\/a><\/figure>\n\n\n\n<figure class=\"wp-block-image size-full\"><a href=\"https:\/\/swaving.nl\/wp-content\/uploads\/2024\/06\/swaving-Warmwaterunit-pomp-Suevia-300.png\"><img loading=\"lazy\" decoding=\"async\" width=\"1024\" height=\"768\" data-id=\"19758\" src=\"https:\/\/swaving.nl\/wp-content\/uploads\/2024\/06\/swaving-Warmwaterunit-pomp-Suevia-300.png\" alt=\"\" class=\"wp-image-19758\" srcset=\"https:\/\/swaving.nl\/wp-content\/uploads\/2024\/06\/swaving-Warmwaterunit-pomp-Suevia-300.png 1024w, https:\/\/swaving.nl\/wp-content\/uploads\/2024\/06\/swaving-Warmwaterunit-pomp-Suevia-300-300x225.png 300w, https:\/\/swaving.nl\/wp-content\/uploads\/2024\/06\/swaving-Warmwaterunit-pomp-Suevia-300-768x576.png 768w\" sizes=\"auto, (max-width: 1024px) 100vw, 1024px\" \/><\/a><\/figure>\n<\/figure>\n\n\n\n<hr class=\"wp-block-separator has-alpha-channel-opacity\"\/>\n\n\n\n<h2 class=\"wp-block-heading\">Wasserleitung<\/h2>\n\n\n\n<p>Neben den bekannten Edelstahl- und verzinkten Rohren verwenden wir auch Tygon in PVC-Ummantelungsrohren. Diese Kombination eignet sich f\u00fcr die oberirdische Wasserf\u00f6rderung, au\u00dferhalb der Reichweite von Vieh. Das PVC sorgt f\u00fcr Isolierung und unterst\u00fctzt gleichzeitig das Tygon-Rohr. Es ist schnell zu montieren.<\/p>\n","protected":false},"excerpt":{"rendered":"<p>Zirkulationssysteme Swaving bietet verschiedene Zirkulationssysteme mit eingebauten Heizelementen an. Wassererw\u00e4rmungseinheit Wasserleitung Neben den bekannten Edelstahl- und verzinkten Rohren verwenden wir auch Tygon in PVC-Ummantelungsrohren. Diese Kombination eignet sich f\u00fcr die oberirdische Wasserf\u00f6rderung, au\u00dferhalb der Reichweite von Vieh. Das PVC sorgt f\u00fcr Isolierung und unterst\u00fctzt gleichzeitig das Tygon-Rohr. Es ist schnell zu montieren.<\/p>\n","protected":false},"author":1,"featured_media":19763,"parent":20040,"menu_order":0,"comment_status":"closed","ping_status":"closed","template":"","meta":{"_acf_changed":false,"footnotes":""},"categories":[34],"tags":[],"class_list":["post-20197","page","type-page","status-publish","has-post-thumbnail","hentry","category-wasser"],"acf":[],"_links":{"self":[{"href":"https:\/\/swaving.nl\/de\/wp-json\/wp\/v2\/pages\/20197","targetHints":{"allow":["GET"]}}],"collection":[{"href":"https:\/\/swaving.nl\/de\/wp-json\/wp\/v2\/pages"}],"about":[{"href":"https:\/\/swaving.nl\/de\/wp-json\/wp\/v2\/types\/page"}],"author":[{"embeddable":true,"href":"https:\/\/swaving.nl\/de\/wp-json\/wp\/v2\/users\/1"}],"replies":[{"embeddable":true,"href":"https:\/\/swaving.nl\/de\/wp-json\/wp\/v2\/comments?post=20197"}],"version-history":[{"count":2,"href":"https:\/\/swaving.nl\/de\/wp-json\/wp\/v2\/pages\/20197\/revisions"}],"predecessor-version":[{"id":20340,"href":"https:\/\/swaving.nl\/de\/wp-json\/wp\/v2\/pages\/20197\/revisions\/20340"}],"up":[{"embeddable":true,"href":"https:\/\/swaving.nl\/de\/wp-json\/wp\/v2\/pages\/20040"}],"wp:featuredmedia":[{"embeddable":true,"href":"https:\/\/swaving.nl\/de\/wp-json\/wp\/v2\/media\/19763"}],"wp:attachment":[{"href":"https:\/\/swaving.nl\/de\/wp-json\/wp\/v2\/media?parent=20197"}],"wp:term":[{"taxonomy":"category","embeddable":true,"href":"https:\/\/swaving.nl\/de\/wp-json\/wp\/v2\/categories?post=20197"},{"taxonomy":"post_tag","embeddable":true,"href":"https:\/\/swaving.nl\/de\/wp-json\/wp\/v2\/tags?post=20197"}],"curies":[{"name":"wp","href":"https:\/\/api.w.org\/{rel}","templated":true}]}}