{"id":20201,"date":"2024-04-22T15:09:02","date_gmt":"2024-04-22T15:09:02","guid":{"rendered":"https:\/\/swaving.nl\/angebot\/wasser\/pumpen-und-druckbehaelter\/"},"modified":"2024-09-06T12:49:29","modified_gmt":"2024-09-06T12:49:29","slug":"pumpen-und-druckbehaelter","status":"publish","type":"page","link":"https:\/\/swaving.nl\/de\/angebot\/wasser\/pumpen-und-druckbehaelter\/","title":{"rendered":"Pumpen und Druckbeh\u00e4lter"},"content":{"rendered":"\n<div class=\"wp-block-columns is-layout-flex wp-container-core-columns-is-layout-9d6595d7 wp-block-columns-is-layout-flex\">\n<div class=\"wp-block-column is-layout-flow wp-block-column-is-layout-flow\">\n<figure class=\"wp-block-image size-large\"><img loading=\"lazy\" decoding=\"async\" width=\"1024\" height=\"1024\" src=\"https:\/\/swaving.nl\/wp-content\/uploads\/2024\/06\/370202-speedbox-web-1024x1024.png\" alt=\"\" class=\"wp-image-19682\" srcset=\"https:\/\/swaving.nl\/wp-content\/uploads\/2024\/06\/370202-speedbox-web-1024x1024.png 1024w, https:\/\/swaving.nl\/wp-content\/uploads\/2024\/06\/370202-speedbox-web-300x300.png 300w, https:\/\/swaving.nl\/wp-content\/uploads\/2024\/06\/370202-speedbox-web-150x150.png 150w, https:\/\/swaving.nl\/wp-content\/uploads\/2024\/06\/370202-speedbox-web-768x768.png 768w, https:\/\/swaving.nl\/wp-content\/uploads\/2024\/06\/370202-speedbox-web.png 1080w\" sizes=\"auto, (max-width: 1024px) 100vw, 1024px\" \/><\/figure>\n\n\n\n<h2 class=\"wp-block-heading\">Speedbox<\/h2>\n\n\n\n<p>Speedbox Frequenzumrichter zur Steuerung von Wasserpumpen mit sehr einfachen Einstellm\u00f6glichkeiten am Display. Der Frequenzumrichter beinhaltet einen separaten Drucksensor. Das Display ist in Niederl\u00e4ndisch, Franz\u00f6sisch und Englisch verf\u00fcgbar. Auch als Frequenzumrichter bezeichnet.<\/p>\n<\/div>\n\n\n\n<div class=\"wp-block-column is-layout-flow wp-block-column-is-layout-flow\">\n<figure class=\"wp-block-image size-large\"><img loading=\"lazy\" decoding=\"async\" width=\"1024\" height=\"1024\" src=\"https:\/\/swaving.nl\/wp-content\/uploads\/2024\/06\/swaving-water-dab-verticale-meertrapspomp-web-1024x1024.png\" alt=\"\" class=\"wp-image-19685\" srcset=\"https:\/\/swaving.nl\/wp-content\/uploads\/2024\/06\/swaving-water-dab-verticale-meertrapspomp-web-1024x1024.png 1024w, https:\/\/swaving.nl\/wp-content\/uploads\/2024\/06\/swaving-water-dab-verticale-meertrapspomp-web-300x300.png 300w, https:\/\/swaving.nl\/wp-content\/uploads\/2024\/06\/swaving-water-dab-verticale-meertrapspomp-web-150x150.png 150w, https:\/\/swaving.nl\/wp-content\/uploads\/2024\/06\/swaving-water-dab-verticale-meertrapspomp-web-768x768.png 768w, https:\/\/swaving.nl\/wp-content\/uploads\/2024\/06\/swaving-water-dab-verticale-meertrapspomp-web.png 1080w\" sizes=\"auto, (max-width: 1024px) 100vw, 1024px\" \/><\/figure>\n\n\n\n<h2 class=\"wp-block-heading\">DAB Vertikale Mehrstufenpumpe<\/h2>\n\n\n\n<p>DAB is een robuuste centrifugaalpomp van het kwalitatieve A-merk DAB. Deze centrifugaalpomp is geschikt voor het verpompen van grote hoeveelheden water en kan daardoor bijvoorbeeld perfect ingezet worden voor het beregenen van grote stukken land of als drukverhogingsinstallatie. Te verkrijgen in verschillende capaciteitsklassen.   <\/p>\n<\/div>\n<\/div>\n\n\n\n<hr class=\"wp-block-separator has-alpha-channel-opacity\"\/>\n\n\n\n<h2 class=\"wp-block-heading\">DAB EsyBox<\/h2>\n\n\n\n<figure class=\"wp-block-image size-large\"><img loading=\"lazy\" decoding=\"async\" width=\"1024\" height=\"576\" src=\"https:\/\/swaving.nl\/wp-content\/uploads\/2024\/06\/swaving-water-DAB-pompsysteem-1024x576.jpg\" alt=\"\" class=\"wp-image-19671\" srcset=\"https:\/\/swaving.nl\/wp-content\/uploads\/2024\/06\/swaving-water-DAB-pompsysteem-1024x576.jpg 1024w, https:\/\/swaving.nl\/wp-content\/uploads\/2024\/06\/swaving-water-DAB-pompsysteem-300x169.jpg 300w, https:\/\/swaving.nl\/wp-content\/uploads\/2024\/06\/swaving-water-DAB-pompsysteem-768x432.jpg 768w, https:\/\/swaving.nl\/wp-content\/uploads\/2024\/06\/swaving-water-DAB-pompsysteem.jpg 1440w\" sizes=\"auto, (max-width: 1024px) 100vw, 1024px\" \/><\/figure>\n\n\n\n<p>Die DAB E.sybox ist die L\u00f6sung f\u00fcr einen konstanten Wasserdruck in landwirtschaftlichen, industriellen und h\u00e4uslichen Anwendungen. Dieses elektronisch geregelte Pumpensystem ist benutzerfreundlich und bietet eine vollst\u00e4ndig integrierte L\u00f6sung mit einer leistungsstarken Wasserpumpe, einem Drucksensor, einem Druckbeh\u00e4lter und einem programmierbaren Frequenzumrichter. Dies sorgt f\u00fcr einen konstanten Wasserdruck in Bezug auf die gew\u00fcnschte Wassermenge.<\/p>\n","protected":false},"excerpt":{"rendered":"<p>Speedbox Speedbox Frequenzumrichter zur Steuerung von Wasserpumpen mit sehr einfachen Einstellm\u00f6glichkeiten am Display. Der Frequenzumrichter beinhaltet einen separaten Drucksensor. Das Display ist in Niederl\u00e4ndisch, Franz\u00f6sisch und Englisch verf\u00fcgbar. Auch als Frequenzumrichter bezeichnet. DAB Vertikale Mehrstufenpumpe DAB is een robuuste centrifugaalpomp van het kwalitatieve A-merk DAB. Deze centrifugaalpomp is geschikt voor het verpompen van grote hoeveelheden&hellip;<\/p>\n","protected":false},"author":1,"featured_media":1587,"parent":20040,"menu_order":0,"comment_status":"closed","ping_status":"closed","template":"","meta":{"_acf_changed":false,"footnotes":""},"categories":[34],"tags":[],"class_list":["post-20201","page","type-page","status-publish","has-post-thumbnail","hentry","category-wasser"],"acf":[],"_links":{"self":[{"href":"https:\/\/swaving.nl\/de\/wp-json\/wp\/v2\/pages\/20201","targetHints":{"allow":["GET"]}}],"collection":[{"href":"https:\/\/swaving.nl\/de\/wp-json\/wp\/v2\/pages"}],"about":[{"href":"https:\/\/swaving.nl\/de\/wp-json\/wp\/v2\/types\/page"}],"author":[{"embeddable":true,"href":"https:\/\/swaving.nl\/de\/wp-json\/wp\/v2\/users\/1"}],"replies":[{"embeddable":true,"href":"https:\/\/swaving.nl\/de\/wp-json\/wp\/v2\/comments?post=20201"}],"version-history":[{"count":3,"href":"https:\/\/swaving.nl\/de\/wp-json\/wp\/v2\/pages\/20201\/revisions"}],"predecessor-version":[{"id":20328,"href":"https:\/\/swaving.nl\/de\/wp-json\/wp\/v2\/pages\/20201\/revisions\/20328"}],"up":[{"embeddable":true,"href":"https:\/\/swaving.nl\/de\/wp-json\/wp\/v2\/pages\/20040"}],"wp:featuredmedia":[{"embeddable":true,"href":"https:\/\/swaving.nl\/de\/wp-json\/wp\/v2\/media\/1587"}],"wp:attachment":[{"href":"https:\/\/swaving.nl\/de\/wp-json\/wp\/v2\/media?parent=20201"}],"wp:term":[{"taxonomy":"category","embeddable":true,"href":"https:\/\/swaving.nl\/de\/wp-json\/wp\/v2\/categories?post=20201"},{"taxonomy":"post_tag","embeddable":true,"href":"https:\/\/swaving.nl\/de\/wp-json\/wp\/v2\/tags?post=20201"}],"curies":[{"name":"wp","href":"https:\/\/api.w.org\/{rel}","templated":true}]}}