{"id":20209,"date":"2024-04-22T14:52:16","date_gmt":"2024-04-22T14:52:16","guid":{"rendered":"https:\/\/swaving.nl\/angebot\/beleuchtung\/agrilight\/"},"modified":"2025-12-18T14:48:16","modified_gmt":"2025-12-18T14:48:16","slug":"agrilight","status":"publish","type":"page","link":"https:\/\/swaving.nl\/de\/angebot\/beleuchtung\/agrilight\/","title":{"rendered":"Agrilight"},"content":{"rendered":"<div class=\"wp-block-image\">\n<figure class=\"alignright size-full\"><img loading=\"lazy\" decoding=\"async\" width=\"100\" height=\"107\" src=\"https:\/\/swaving.nl\/wp-content\/uploads\/2024\/05\/Agrilightlogo.png\" alt=\"\" class=\"wp-image-700\"\/><\/figure>\n<\/div>\n\n\n<h3 class=\"wp-block-heading\">Agrilight pr\u00e4sentiert die AGRILED\u00ae 3 Serie: Innovative LED-Beleuchtung f\u00fcr St\u00e4lle<\/h3>\n\n\n\n<p>Agrilight bringt die AGRILED\u00ae 3 Serie auf den Markt, den Nachfolger der erfolgreichen AGRILED\u00ae Pro Serie. Diese neue Generation von LED-Leuchten wurde speziell f\u00fcr St\u00e4lle entwickelt und bietet zahlreiche Vorteile:<\/p>\n\n\n\n<ul class=\"wp-block-list\">\n<li>Hohe Lichtausbeute: Bis zu 30.300 Lumen<\/li>\n\n\n\n<li>Mit oder ohne DALI-Technik: F\u00fcr Dimmen und Automatisierung<\/li>\n\n\n\n<li>Optional mit rotem Kontrolllicht: Zur F\u00f6rderung des Biorhythmus der Tiere<\/li>\n\n\n\n<li>Nachhaltig, energieeffizient und langlebig: Lange Lebensdauer<\/li>\n<\/ul>\n\n\n\n<figure class=\"wp-block-image size-large\"><img loading=\"lazy\" decoding=\"async\" width=\"1024\" height=\"683\" src=\"https:\/\/swaving.nl\/wp-content\/uploads\/2024\/05\/swaving-agrilight-IMG_4907-1024x683.jpg\" alt=\"\" class=\"wp-image-705\" srcset=\"https:\/\/swaving.nl\/wp-content\/uploads\/2024\/05\/swaving-agrilight-IMG_4907-1024x683.jpg 1024w, https:\/\/swaving.nl\/wp-content\/uploads\/2024\/05\/swaving-agrilight-IMG_4907-300x200.jpg 300w, https:\/\/swaving.nl\/wp-content\/uploads\/2024\/05\/swaving-agrilight-IMG_4907-768x512.jpg 768w, https:\/\/swaving.nl\/wp-content\/uploads\/2024\/05\/swaving-agrilight-IMG_4907.jpg 1440w\" sizes=\"auto, (max-width: 1024px) 100vw, 1024px\" \/><\/figure>\n\n\n\n<h4 class=\"wp-block-heading\">F\u00fcr weitere Informationen, Lichtberechnungen oder ein individuelles Angebot kontaktieren Sie uns bitte:<\/h4>\n\n\n\n<div class=\"wp-block-buttons is-layout-flex wp-block-buttons-is-layout-flex\">\n<div class=\"wp-block-button\"><a class=\"wp-block-button__link wp-element-button\" href=\"https:\/\/swaving.nl\/de\/kontakt\/\">Kontakt aufnehmen<\/a><\/div>\n<\/div>\n\n\n\n<hr class=\"wp-block-separator has-alpha-channel-opacity\"\/>\n\n\n\n<h2 class=\"wp-block-heading\">Agrilight LED<\/h2>\n\n\n\n<figure class=\"wp-block-gallery has-nested-images columns-2 is-cropped wp-block-gallery-1 is-layout-flex wp-block-gallery-is-layout-flex\">\n<figure class=\"wp-block-image size-large\"><a href=\"https:\/\/swaving.nl\/wp-content\/uploads\/2024\/05\/swaving-agrilight-20200721-Agrilight-7305-Web.png\"><img loading=\"lazy\" decoding=\"async\" width=\"1024\" height=\"683\" data-id=\"702\" src=\"https:\/\/swaving.nl\/wp-content\/uploads\/2024\/05\/swaving-agrilight-20200721-Agrilight-7305-Web-1024x683.png\" alt=\"\" class=\"wp-image-702\" srcset=\"https:\/\/swaving.nl\/wp-content\/uploads\/2024\/05\/swaving-agrilight-20200721-Agrilight-7305-Web-1024x683.png 1024w, https:\/\/swaving.nl\/wp-content\/uploads\/2024\/05\/swaving-agrilight-20200721-Agrilight-7305-Web-300x200.png 300w, https:\/\/swaving.nl\/wp-content\/uploads\/2024\/05\/swaving-agrilight-20200721-Agrilight-7305-Web-768x512.png 768w, https:\/\/swaving.nl\/wp-content\/uploads\/2024\/05\/swaving-agrilight-20200721-Agrilight-7305-Web.png 1440w\" sizes=\"auto, (max-width: 1024px) 100vw, 1024px\" \/><\/a><\/figure>\n\n\n\n<figure class=\"wp-block-image size-large\"><a href=\"https:\/\/swaving.nl\/wp-content\/uploads\/2024\/05\/swaving-agrilight-20200721-Agrilight-7307-Web.png\"><img loading=\"lazy\" decoding=\"async\" width=\"1024\" height=\"683\" data-id=\"703\" src=\"https:\/\/swaving.nl\/wp-content\/uploads\/2024\/05\/swaving-agrilight-20200721-Agrilight-7307-Web-1024x683.png\" alt=\"\" class=\"wp-image-703\" srcset=\"https:\/\/swaving.nl\/wp-content\/uploads\/2024\/05\/swaving-agrilight-20200721-Agrilight-7307-Web-1024x683.png 1024w, https:\/\/swaving.nl\/wp-content\/uploads\/2024\/05\/swaving-agrilight-20200721-Agrilight-7307-Web-300x200.png 300w, https:\/\/swaving.nl\/wp-content\/uploads\/2024\/05\/swaving-agrilight-20200721-Agrilight-7307-Web-768x512.png 768w, https:\/\/swaving.nl\/wp-content\/uploads\/2024\/05\/swaving-agrilight-20200721-Agrilight-7307-Web.png 1440w\" sizes=\"auto, (max-width: 1024px) 100vw, 1024px\" \/><\/a><\/figure>\n\n\n\n<figure class=\"wp-block-image size-large\"><a href=\"https:\/\/swaving.nl\/wp-content\/uploads\/2024\/05\/swaving-agrilight-Agribox-pro-incl-LS-Switch-HQ.jpg\"><img loading=\"lazy\" decoding=\"async\" width=\"1024\" height=\"526\" data-id=\"704\" src=\"https:\/\/swaving.nl\/wp-content\/uploads\/2024\/05\/swaving-agrilight-Agribox-pro-incl-LS-Switch-HQ-1024x526.jpg\" alt=\"\" class=\"wp-image-704\" srcset=\"https:\/\/swaving.nl\/wp-content\/uploads\/2024\/05\/swaving-agrilight-Agribox-pro-incl-LS-Switch-HQ-1024x526.jpg 1024w, https:\/\/swaving.nl\/wp-content\/uploads\/2024\/05\/swaving-agrilight-Agribox-pro-incl-LS-Switch-HQ-300x154.jpg 300w, https:\/\/swaving.nl\/wp-content\/uploads\/2024\/05\/swaving-agrilight-Agribox-pro-incl-LS-Switch-HQ-768x394.jpg 768w, https:\/\/swaving.nl\/wp-content\/uploads\/2024\/05\/swaving-agrilight-Agribox-pro-incl-LS-Switch-HQ.jpg 1440w\" sizes=\"auto, (max-width: 1024px) 100vw, 1024px\" \/><\/a><\/figure>\n<\/figure>\n","protected":false},"excerpt":{"rendered":"<p>Agrilight pr\u00e4sentiert die AGRILED\u00ae 3 Serie: Innovative LED-Beleuchtung f\u00fcr St\u00e4lle Agrilight bringt die AGRILED\u00ae 3 Serie auf den Markt, den Nachfolger der erfolgreichen AGRILED\u00ae Pro Serie. Diese neue Generation von LED-Leuchten wurde speziell f\u00fcr St\u00e4lle entwickelt und bietet zahlreiche Vorteile: F\u00fcr weitere Informationen, Lichtberechnungen oder ein individuelles Angebot kontaktieren Sie uns bitte: Agrilight LED<\/p>\n","protected":false},"author":1,"featured_media":1469,"parent":20046,"menu_order":0,"comment_status":"closed","ping_status":"closed","template":"","meta":{"_acf_changed":false,"footnotes":""},"categories":[41],"tags":[],"class_list":["post-20209","page","type-page","status-publish","has-post-thumbnail","hentry","category-erleichterung"],"acf":[],"_links":{"self":[{"href":"https:\/\/swaving.nl\/de\/wp-json\/wp\/v2\/pages\/20209","targetHints":{"allow":["GET"]}}],"collection":[{"href":"https:\/\/swaving.nl\/de\/wp-json\/wp\/v2\/pages"}],"about":[{"href":"https:\/\/swaving.nl\/de\/wp-json\/wp\/v2\/types\/page"}],"author":[{"embeddable":true,"href":"https:\/\/swaving.nl\/de\/wp-json\/wp\/v2\/users\/1"}],"replies":[{"embeddable":true,"href":"https:\/\/swaving.nl\/de\/wp-json\/wp\/v2\/comments?post=20209"}],"version-history":[{"count":5,"href":"https:\/\/swaving.nl\/de\/wp-json\/wp\/v2\/pages\/20209\/revisions"}],"predecessor-version":[{"id":20848,"href":"https:\/\/swaving.nl\/de\/wp-json\/wp\/v2\/pages\/20209\/revisions\/20848"}],"up":[{"embeddable":true,"href":"https:\/\/swaving.nl\/de\/wp-json\/wp\/v2\/pages\/20046"}],"wp:featuredmedia":[{"embeddable":true,"href":"https:\/\/swaving.nl\/de\/wp-json\/wp\/v2\/media\/1469"}],"wp:attachment":[{"href":"https:\/\/swaving.nl\/de\/wp-json\/wp\/v2\/media?parent=20209"}],"wp:term":[{"taxonomy":"category","embeddable":true,"href":"https:\/\/swaving.nl\/de\/wp-json\/wp\/v2\/categories?post=20209"},{"taxonomy":"post_tag","embeddable":true,"href":"https:\/\/swaving.nl\/de\/wp-json\/wp\/v2\/tags?post=20209"}],"curies":[{"name":"wp","href":"https:\/\/api.w.org\/{rel}","templated":true}]}}