{"id":20213,"date":"2024-04-22T14:58:23","date_gmt":"2024-04-22T14:58:23","guid":{"rendered":"https:\/\/swaving.nl\/angebot\/belueftung\/ventilatoren\/"},"modified":"2024-09-06T12:17:17","modified_gmt":"2024-09-06T12:17:17","slug":"ventilatoren","status":"publish","type":"page","link":"https:\/\/swaving.nl\/de\/angebot\/belueftung\/ventilatoren\/","title":{"rendered":"Ventilatoren"},"content":{"rendered":"\n<h2 class=\"wp-block-heading\">Kuhboxenventilator<\/h2>\n\n\n\n<p>Der Kuhboxenventilator ist die L\u00f6sung, um sicherzustellen, dass moderne, hochproduktive Milchk\u00fche das ganze Jahr \u00fcber unter optimalen Klimabedingungen leben k\u00f6nnen. Frische Luft, die um die Tiere zirkuliert, reduziert den Hitzestress. Dar\u00fcber hinaus wird die Luft im gesamten Stall zirkuliert, auch in allen Ecken. Die Ventilatoren sorgen f\u00fcr eine gleichm\u00e4\u00dfige Luftverteilung im Stall. Ein weiterer Vorteil ist, dass die Tiere weniger unter Fliegen leiden. Der Ventilator wird in einer H\u00f6he von mindestens 2,5 Metern in einem Winkel von 10 bis 12 Grad aufgeh\u00e4ngt, um ein optimales L\u00fcftungsmuster im Stall zu erreichen.<\/p>\n\n\n\n<figure class=\"wp-block-image size-large\"><img loading=\"lazy\" decoding=\"async\" width=\"867\" height=\"543\" src=\"https:\/\/swaving.nl\/wp-content\/uploads\/2024\/05\/swaving-ventilatie-Basket-Fans.jpg\" alt=\"\" class=\"wp-image-829\" srcset=\"https:\/\/swaving.nl\/wp-content\/uploads\/2024\/05\/swaving-ventilatie-Basket-Fans.jpg 867w, https:\/\/swaving.nl\/wp-content\/uploads\/2024\/05\/swaving-ventilatie-Basket-Fans-300x188.jpg 300w, https:\/\/swaving.nl\/wp-content\/uploads\/2024\/05\/swaving-ventilatie-Basket-Fans-768x481.jpg 768w\" sizes=\"auto, (max-width: 867px) 100vw, 867px\" \/><\/figure>\n\n\n\n<hr class=\"wp-block-separator has-alpha-channel-opacity\"\/>\n\n\n\n<h2 class=\"wp-block-heading\">Umluftventilator<\/h2>\n\n\n\n<p>Speziell f\u00fcr das Erreichen eines aerodynamischen Luftstroms wurde ein Umluftventilator mit wei\u00dfem Einlassradius entwickelt. Diese Ventilatoren sorgen f\u00fcr einen aerodynamischen Luftstrom, sind \u00e4u\u00dferst effizient und erzeugen einen hohen Wurf. <\/p>\n\n\n\n<figure class=\"wp-block-gallery has-nested-images columns-default is-cropped wp-block-gallery-1 is-layout-flex wp-block-gallery-is-layout-flex\">\n<figure class=\"wp-block-image size-large\"><a href=\"https:\/\/swaving.nl\/wp-content\/uploads\/2024\/05\/swaving-ventilatie-6.1-Multifan-Horizontal-Circulation-Fan.png\"><img loading=\"lazy\" decoding=\"async\" width=\"1024\" height=\"1024\" data-id=\"827\" src=\"https:\/\/swaving.nl\/wp-content\/uploads\/2024\/05\/swaving-ventilatie-6.1-Multifan-Horizontal-Circulation-Fan-1024x1024.png\" alt=\"\" class=\"wp-image-827\" srcset=\"https:\/\/swaving.nl\/wp-content\/uploads\/2024\/05\/swaving-ventilatie-6.1-Multifan-Horizontal-Circulation-Fan-1024x1024.png 1024w, https:\/\/swaving.nl\/wp-content\/uploads\/2024\/05\/swaving-ventilatie-6.1-Multifan-Horizontal-Circulation-Fan-300x300.png 300w, https:\/\/swaving.nl\/wp-content\/uploads\/2024\/05\/swaving-ventilatie-6.1-Multifan-Horizontal-Circulation-Fan-150x150.png 150w, https:\/\/swaving.nl\/wp-content\/uploads\/2024\/05\/swaving-ventilatie-6.1-Multifan-Horizontal-Circulation-Fan-768x768.png 768w, https:\/\/swaving.nl\/wp-content\/uploads\/2024\/05\/swaving-ventilatie-6.1-Multifan-Horizontal-Circulation-Fan.png 1440w\" sizes=\"auto, (max-width: 1024px) 100vw, 1024px\" \/><\/a><\/figure>\n\n\n\n<figure class=\"wp-block-image size-large\"><a href=\"https:\/\/swaving.nl\/wp-content\/uploads\/2024\/05\/swaving-ventilatie-2-Multifan-Horizontal-Circulation-Fan.png\"><img loading=\"lazy\" decoding=\"async\" width=\"1024\" height=\"1024\" data-id=\"826\" src=\"https:\/\/swaving.nl\/wp-content\/uploads\/2024\/05\/swaving-ventilatie-2-Multifan-Horizontal-Circulation-Fan-1024x1024.png\" alt=\"\" class=\"wp-image-826\" srcset=\"https:\/\/swaving.nl\/wp-content\/uploads\/2024\/05\/swaving-ventilatie-2-Multifan-Horizontal-Circulation-Fan-1024x1024.png 1024w, https:\/\/swaving.nl\/wp-content\/uploads\/2024\/05\/swaving-ventilatie-2-Multifan-Horizontal-Circulation-Fan-300x300.png 300w, https:\/\/swaving.nl\/wp-content\/uploads\/2024\/05\/swaving-ventilatie-2-Multifan-Horizontal-Circulation-Fan-150x150.png 150w, https:\/\/swaving.nl\/wp-content\/uploads\/2024\/05\/swaving-ventilatie-2-Multifan-Horizontal-Circulation-Fan-768x768.png 768w, https:\/\/swaving.nl\/wp-content\/uploads\/2024\/05\/swaving-ventilatie-2-Multifan-Horizontal-Circulation-Fan.png 1440w\" sizes=\"auto, (max-width: 1024px) 100vw, 1024px\" \/><\/a><\/figure>\n<\/figure>\n\n\n\n<p>Sie sind auch best\u00e4ndig gegen raue klimatische Bedingungen, einschlie\u00dflich hoher Temperaturen. Diese Umluftventilatoren eignen sich f\u00fcr den Einsatz in Melkst\u00e4nden und kleineren R\u00e4umen.<\/p>\n\n\n\n<hr class=\"wp-block-separator has-alpha-channel-opacity\"\/>\n\n\n\n<h2 class=\"wp-block-heading\">Andere Ventilatoren<\/h2>\n\n\n\n<figure class=\"wp-block-image size-full\"><a href=\"https:\/\/swaving.nl\/wp-content\/uploads\/2024\/05\/swaving-ventilatie-multifan-v4e25a2m11100.jpeg\"><img loading=\"lazy\" decoding=\"async\" width=\"360\" height=\"360\" src=\"https:\/\/swaving.nl\/wp-content\/uploads\/2024\/05\/swaving-ventilatie-multifan-v4e25a2m11100.jpeg\" alt=\"\" class=\"wp-image-830\" srcset=\"https:\/\/swaving.nl\/wp-content\/uploads\/2024\/05\/swaving-ventilatie-multifan-v4e25a2m11100.jpeg 360w, https:\/\/swaving.nl\/wp-content\/uploads\/2024\/05\/swaving-ventilatie-multifan-v4e25a2m11100-300x300.jpeg 300w, https:\/\/swaving.nl\/wp-content\/uploads\/2024\/05\/swaving-ventilatie-multifan-v4e25a2m11100-150x150.jpeg 150w\" sizes=\"auto, (max-width: 360px) 100vw, 360px\" \/><\/a><\/figure>\n","protected":false},"excerpt":{"rendered":"<p>Kuhboxenventilator Der Kuhboxenventilator ist die L\u00f6sung, um sicherzustellen, dass moderne, hochproduktive Milchk\u00fche das ganze Jahr \u00fcber unter optimalen Klimabedingungen leben k\u00f6nnen. Frische Luft, die um die Tiere zirkuliert, reduziert den Hitzestress. Dar\u00fcber hinaus wird die Luft im gesamten Stall zirkuliert, auch in allen Ecken. Die Ventilatoren sorgen f\u00fcr eine gleichm\u00e4\u00dfige Luftverteilung im Stall. Ein weiterer&hellip;<\/p>\n","protected":false},"author":1,"featured_media":1489,"parent":20042,"menu_order":0,"comment_status":"closed","ping_status":"closed","template":"","meta":{"_acf_changed":false,"footnotes":""},"categories":[40],"tags":[],"class_list":["post-20213","page","type-page","status-publish","has-post-thumbnail","hentry","category-beluftung"],"acf":[],"_links":{"self":[{"href":"https:\/\/swaving.nl\/de\/wp-json\/wp\/v2\/pages\/20213","targetHints":{"allow":["GET"]}}],"collection":[{"href":"https:\/\/swaving.nl\/de\/wp-json\/wp\/v2\/pages"}],"about":[{"href":"https:\/\/swaving.nl\/de\/wp-json\/wp\/v2\/types\/page"}],"author":[{"embeddable":true,"href":"https:\/\/swaving.nl\/de\/wp-json\/wp\/v2\/users\/1"}],"replies":[{"embeddable":true,"href":"https:\/\/swaving.nl\/de\/wp-json\/wp\/v2\/comments?post=20213"}],"version-history":[{"count":2,"href":"https:\/\/swaving.nl\/de\/wp-json\/wp\/v2\/pages\/20213\/revisions"}],"predecessor-version":[{"id":20310,"href":"https:\/\/swaving.nl\/de\/wp-json\/wp\/v2\/pages\/20213\/revisions\/20310"}],"up":[{"embeddable":true,"href":"https:\/\/swaving.nl\/de\/wp-json\/wp\/v2\/pages\/20042"}],"wp:featuredmedia":[{"embeddable":true,"href":"https:\/\/swaving.nl\/de\/wp-json\/wp\/v2\/media\/1489"}],"wp:attachment":[{"href":"https:\/\/swaving.nl\/de\/wp-json\/wp\/v2\/media?parent=20213"}],"wp:term":[{"taxonomy":"category","embeddable":true,"href":"https:\/\/swaving.nl\/de\/wp-json\/wp\/v2\/categories?post=20213"},{"taxonomy":"post_tag","embeddable":true,"href":"https:\/\/swaving.nl\/de\/wp-json\/wp\/v2\/tags?post=20213"}],"curies":[{"name":"wp","href":"https:\/\/api.w.org\/{rel}","templated":true}]}}