{"id":20298,"date":"2024-04-22T14:54:01","date_gmt":"2024-04-22T14:54:01","guid":{"rendered":"https:\/\/swaving.nl\/angebot\/belueftung\/belueftung\/"},"modified":"2024-09-06T11:34:59","modified_gmt":"2024-09-06T11:34:59","slug":"belueftung","status":"publish","type":"page","link":"https:\/\/swaving.nl\/de\/angebot\/belueftung\/belueftung\/","title":{"rendered":"Bel\u00fcftung"},"content":{"rendered":"\n<p><strong>Im Bereich der L\u00fcftung verf\u00fcgt Swaving \u00fcber eine reiche Erfahrung: F\u00fcr individuelle Beratung und\/oder ein ma\u00dfgeschneidertes Angebot k\u00f6nnen Sie sich an unser B\u00fcro wenden.<\/strong><\/p>\n\n\n\n<div style=\"height:20px\" aria-hidden=\"true\" class=\"wp-block-spacer\"><\/div>\n\n\n\n<blockquote class=\"wp-block-quote is-layout-flow wp-block-quote-is-layout-flow\">\n<p>Alles wird ma\u00dfgefertigt und kann sowohl bei der Renovierung als auch beim Neubau eingesetzt werden.<\/p>\n<\/blockquote>\n\n\n\n<p>Eine gute Stallbel\u00fcftung ist f\u00fcr Ihr Milchvieh von gro\u00dfer Bedeutung. Wir bieten ein breites Sortiment an Ventilatoren, Windschutznetzen und Zubeh\u00f6r. Alles wird ma\u00dfgefertigt und kann sowohl bei der Renovierung als auch beim Neubau eingesetzt werden.<\/p>\n\n\n\n<figure class=\"wp-block-gallery has-nested-images columns-default is-cropped wp-block-gallery-1 is-layout-flex wp-block-gallery-is-layout-flex\">\n<figure class=\"wp-block-image size-full\"><img loading=\"lazy\" decoding=\"async\" width=\"1280\" height=\"959\" data-id=\"746\" src=\"https:\/\/swaving.nl\/wp-content\/uploads\/2024\/05\/korfventilator2.jpg\" alt=\"\" class=\"wp-image-746\" srcset=\"https:\/\/swaving.nl\/wp-content\/uploads\/2024\/05\/korfventilator2.jpg 1280w, https:\/\/swaving.nl\/wp-content\/uploads\/2024\/05\/korfventilator2-300x225.jpg 300w, https:\/\/swaving.nl\/wp-content\/uploads\/2024\/05\/korfventilator2-1024x767.jpg 1024w, https:\/\/swaving.nl\/wp-content\/uploads\/2024\/05\/korfventilator2-768x575.jpg 768w\" sizes=\"auto, (max-width: 1280px) 100vw, 1280px\" \/><\/figure>\n\n\n\n<figure class=\"wp-block-image size-full\"><img loading=\"lazy\" decoding=\"async\" width=\"886\" height=\"1177\" data-id=\"2197\" src=\"https:\/\/swaving.nl\/wp-content\/uploads\/2024\/06\/swaving-ventilatie-Ventilator-verneveling.jpg\" alt=\"\" class=\"wp-image-2197\" srcset=\"https:\/\/swaving.nl\/wp-content\/uploads\/2024\/06\/swaving-ventilatie-Ventilator-verneveling.jpg 886w, https:\/\/swaving.nl\/wp-content\/uploads\/2024\/06\/swaving-ventilatie-Ventilator-verneveling-226x300.jpg 226w, https:\/\/swaving.nl\/wp-content\/uploads\/2024\/06\/swaving-ventilatie-Ventilator-verneveling-771x1024.jpg 771w, https:\/\/swaving.nl\/wp-content\/uploads\/2024\/06\/swaving-ventilatie-Ventilator-verneveling-768x1020.jpg 768w\" sizes=\"auto, (max-width: 886px) 100vw, 886px\" \/><\/figure>\n\n\n\n<figure class=\"wp-block-image size-full\"><img loading=\"lazy\" decoding=\"async\" width=\"1080\" height=\"1440\" data-id=\"2203\" src=\"https:\/\/swaving.nl\/wp-content\/uploads\/2024\/06\/swaving-ventilatie-nozzles-van-zijkant-onder.jpg\" alt=\"\" class=\"wp-image-2203\" srcset=\"https:\/\/swaving.nl\/wp-content\/uploads\/2024\/06\/swaving-ventilatie-nozzles-van-zijkant-onder.jpg 1080w, https:\/\/swaving.nl\/wp-content\/uploads\/2024\/06\/swaving-ventilatie-nozzles-van-zijkant-onder-225x300.jpg 225w, https:\/\/swaving.nl\/wp-content\/uploads\/2024\/06\/swaving-ventilatie-nozzles-van-zijkant-onder-768x1024.jpg 768w\" sizes=\"auto, (max-width: 1080px) 100vw, 1080px\" \/><\/figure>\n<\/figure>\n","protected":false},"excerpt":{"rendered":"<p>Im Bereich der L\u00fcftung verf\u00fcgt Swaving \u00fcber eine reiche Erfahrung: F\u00fcr individuelle Beratung und\/oder ein ma\u00dfgeschneidertes Angebot k\u00f6nnen Sie sich an unser B\u00fcro wenden. Alles wird ma\u00dfgefertigt und kann sowohl bei der Renovierung als auch beim Neubau eingesetzt werden. Eine gute Stallbel\u00fcftung ist f\u00fcr Ihr Milchvieh von gro\u00dfer Bedeutung. Wir bieten ein breites Sortiment an&hellip;<\/p>\n","protected":false},"author":1,"featured_media":1473,"parent":20042,"menu_order":0,"comment_status":"closed","ping_status":"closed","template":"","meta":{"_acf_changed":false,"footnotes":""},"categories":[40],"tags":[],"class_list":["post-20298","page","type-page","status-publish","has-post-thumbnail","hentry","category-beluftung"],"acf":[],"_links":{"self":[{"href":"https:\/\/swaving.nl\/de\/wp-json\/wp\/v2\/pages\/20298","targetHints":{"allow":["GET"]}}],"collection":[{"href":"https:\/\/swaving.nl\/de\/wp-json\/wp\/v2\/pages"}],"about":[{"href":"https:\/\/swaving.nl\/de\/wp-json\/wp\/v2\/types\/page"}],"author":[{"embeddable":true,"href":"https:\/\/swaving.nl\/de\/wp-json\/wp\/v2\/users\/1"}],"replies":[{"embeddable":true,"href":"https:\/\/swaving.nl\/de\/wp-json\/wp\/v2\/comments?post=20298"}],"version-history":[{"count":2,"href":"https:\/\/swaving.nl\/de\/wp-json\/wp\/v2\/pages\/20298\/revisions"}],"predecessor-version":[{"id":20303,"href":"https:\/\/swaving.nl\/de\/wp-json\/wp\/v2\/pages\/20298\/revisions\/20303"}],"up":[{"embeddable":true,"href":"https:\/\/swaving.nl\/de\/wp-json\/wp\/v2\/pages\/20042"}],"wp:featuredmedia":[{"embeddable":true,"href":"https:\/\/swaving.nl\/de\/wp-json\/wp\/v2\/media\/1473"}],"wp:attachment":[{"href":"https:\/\/swaving.nl\/de\/wp-json\/wp\/v2\/media?parent=20298"}],"wp:term":[{"taxonomy":"category","embeddable":true,"href":"https:\/\/swaving.nl\/de\/wp-json\/wp\/v2\/categories?post=20298"},{"taxonomy":"post_tag","embeddable":true,"href":"https:\/\/swaving.nl\/de\/wp-json\/wp\/v2\/tags?post=20298"}],"curies":[{"name":"wp","href":"https:\/\/api.w.org\/{rel}","templated":true}]}}